{"id":597,"date":"2024-05-14T03:52:23","date_gmt":"2024-05-14T03:52:23","guid":{"rendered":"http:\/\/doanhnghiepvinhlong.vn\/?post_type=product&#038;p=597"},"modified":"2024-05-14T04:00:05","modified_gmt":"2024-05-14T04:00:05","slug":"mat-chuyen-dong-dieu-cam-thach-tam-kim-cuong","status":"publish","type":"product","link":"https:\/\/doanhnghiepvinhlong.vn\/?product=mat-chuyen-dong-dieu-cam-thach-tam-kim-cuong","title":{"rendered":"M\u1eb7t chuy\u1ec1n \u0111\u1ed3ng \u0111i\u1ebfu c\u1ea9m th\u1ea1ch t\u1ea5m kim c\u01b0\u01a1ng"},"content":{"rendered":"","protected":false},"excerpt":{"rendered":"<p>S\u1ea3n ph\u1ea9m: M\u1eb7t chuy\u1ec1n \u0111\u1ed3ng \u0111i\u1ebfu \u0111\u00e1 ng\u1ecdc c\u1ea9m th\u1ea1ch<br \/>\n&#8211; Gi\u00e1: 32.500.000<br \/>\n&#8211; M\u1eb7t chuy\u1ec1n \u0111\u01b0\u1ee3c ch\u1ebf t\u00e1c t\u1eeb v\u00e0ng tr\u1eafng 18K k\u1ebft h\u1ee3p \u0111\u00ednh t\u1ea5m kim c\u01b0\u01a1ng thi\u00ean nhi\u00ean.<br \/>\n&#8211; Ng\u1ecdc c\u1ea9m th\u1ea1ch \u0111\u01b0\u1ee3c thi\u1ebft k\u1ebf c\u00e1ch \u0111i\u1ec7u, h\u1ecda ti\u1ebft hoa v\u0103n s\u1eafc s\u1ea3o. T\u1ea1o \u0111i\u1ec3m nh\u1ea5n \u0111\u1eb7c bi\u1ec7t \u1edf gi\u1eefa ng\u1ecdc c\u1ea9m th\u1ea1ch l\u00e0 m\u1ed9t nh\u1ee5y hoa l\u1ea5p l\u00e1nh t\u1ea5m kim c\u01b0\u01a1ng.<br \/>\n&#8211; S\u1ef1 k\u1ebft h\u1ee3p ho\u00e0n m\u1ef9 gi\u1eefa hi\u1ec7n \u0111\u1ea1i v\u00e0 c\u1ed5 \u0111i\u1ec3n, gi\u1eefa kim c\u01b0\u01a1ng \u0111\u1eb3ng c\u1ea5p v\u00e0 \u0111\u00e1 qu\u00fd c\u1ea9m th\u1ea1ch t\u1eeb \u0111\u1ea5t tr\u1eddi, t\u01b0\u1ee3ng tr\u01b0ng cho s\u1ef1 may m\u1eafn, gi\u00e0u sang v\u00e0 t\u00e0i l\u1ed9c.<\/p>\n","protected":false},"featured_media":587,"comment_status":"open","ping_status":"closed","template":"","meta":[],"product_cat":[75,84],"product_tag":[],"class_list":{"0":"post-597","1":"product","2":"type-product","3":"status-publish","4":"has-post-thumbnail","6":"product_cat-trang-suc","7":"product_cat-tu-minh-diamond","9":"first","10":"instock","11":"shipping-taxable","12":"product-type-simple"},"_links":{"self":[{"href":"https:\/\/doanhnghiepvinhlong.vn\/index.php?rest_route=\/wp\/v2\/product\/597","targetHints":{"allow":["GET"]}}],"collection":[{"href":"https:\/\/doanhnghiepvinhlong.vn\/index.php?rest_route=\/wp\/v2\/product"}],"about":[{"href":"https:\/\/doanhnghiepvinhlong.vn\/index.php?rest_route=\/wp\/v2\/types\/product"}],"replies":[{"embeddable":true,"href":"https:\/\/doanhnghiepvinhlong.vn\/index.php?rest_route=%2Fwp%2Fv2%2Fcomments&post=597"}],"wp:featuredmedia":[{"embeddable":true,"href":"https:\/\/doanhnghiepvinhlong.vn\/index.php?rest_route=\/wp\/v2\/media\/587"}],"wp:attachment":[{"href":"https:\/\/doanhnghiepvinhlong.vn\/index.php?rest_route=%2Fwp%2Fv2%2Fmedia&parent=597"}],"wp:term":[{"taxonomy":"product_cat","embeddable":true,"href":"https:\/\/doanhnghiepvinhlong.vn\/index.php?rest_route=%2Fwp%2Fv2%2Fproduct_cat&post=597"},{"taxonomy":"product_tag","embeddable":true,"href":"https:\/\/doanhnghiepvinhlong.vn\/index.php?rest_route=%2Fwp%2Fv2%2Fproduct_tag&post=597"}],"curies":[{"name":"wp","href":"https:\/\/api.w.org\/{rel}","templated":true}]}}