{"id":596,"date":"2024-05-14T03:51:59","date_gmt":"2024-05-14T03:51:59","guid":{"rendered":"http:\/\/doanhnghiepvinhlong.vn\/?post_type=product&#038;p=596"},"modified":"2024-05-14T04:00:28","modified_gmt":"2024-05-14T04:00:28","slug":"vo-nhan-xoan-nam","status":"publish","type":"product","link":"https:\/\/doanhnghiepvinhlong.vn\/?product=vo-nhan-xoan-nam","title":{"rendered":"V\u1ecf nh\u1eabn xo\u00e0n nam"},"content":{"rendered":"","protected":false},"excerpt":{"rendered":"<p>S\u1ea3n ph\u1ea9m: V\u1ecf Nh\u1eabn xo\u00e0n nam<br \/>\n&#8211; Gi\u00e1 v\u1ecf: 120.000.000<br \/>\n&#8211; Nh\u1eabn xo\u00e0n nam v\u00e0ng tr\u1eafng 18k l\u00e0 m\u1ed9t thi\u1ebft k\u1ebf \u0111\u1eb7c bi\u1ec7t d\u00e0nh ri\u00eang cho c\u00e1c qu\u00fd \u00f4ng l\u1ecbch l\u00e3m. T\u1eeb ch\u1ea5t li\u1ec7u cho \u0111\u1ebfn ki\u1ec3u d\u00e1ng \u0111\u1ec1u to\u00e1t l\u00ean v\u1ebb \u0111\u1eb9p nam t\u00ednh, sang tr\u1ecdng, \u0111\u1eb3ng c\u1ea5p.<br \/>\n&#8211; \u0110ai nh\u1eabn \u0111\u01b0\u1ee3c thi\u1ebft k\u1ebf b\u1ea3n to ch\u1eafc ch\u1eafn, m\u1ed7i b\u00ean c\u00f3 1 h\u00e0ng kim c\u01b0\u01a1ng bagguette l\u00e0m \u0111i\u1ec3m nh\u1ea5n \u1edf gi\u1eefa 4 h\u00e0ng t\u1ea5m tr\u00f2n kho\u1ea3ng 70 vi\u00ean chu\u1ea9n VVS1 x\u1ebfp c\u1ea1nh nhau t\u1ec9 m\u1ec9, v\u1edbi m\u1eb7t vu\u00f4ng xen 10 vi\u00ean bagguette kh\u00e1 \u0111\u1eb7c bi\u1ec7t mang l\u1ea1i s\u1ef1 n\u1ed5i b\u1eadt cho ch\u1ee7 nh\u00e2n.<br \/>\n&#8211; Vi\u00ean ch\u1ee7 c\u00f3 th\u1ec3 g\u1eafn t\u1eeb 5ly40 \u0111\u1ebfn 8ly10, t\u00f9y theo s\u1edf th\u00edch v\u00e0 mong mu\u1ed1n c\u1ee7a qu\u00fd \u00f4ng.<\/p>\n","protected":false},"featured_media":588,"comment_status":"open","ping_status":"closed","template":"","meta":[],"product_cat":[75,84],"product_tag":[],"class_list":{"0":"post-596","1":"product","2":"type-product","3":"status-publish","4":"has-post-thumbnail","6":"product_cat-trang-suc","7":"product_cat-tu-minh-diamond","9":"first","10":"instock","11":"shipping-taxable","12":"product-type-simple"},"_links":{"self":[{"href":"https:\/\/doanhnghiepvinhlong.vn\/index.php?rest_route=\/wp\/v2\/product\/596","targetHints":{"allow":["GET"]}}],"collection":[{"href":"https:\/\/doanhnghiepvinhlong.vn\/index.php?rest_route=\/wp\/v2\/product"}],"about":[{"href":"https:\/\/doanhnghiepvinhlong.vn\/index.php?rest_route=\/wp\/v2\/types\/product"}],"replies":[{"embeddable":true,"href":"https:\/\/doanhnghiepvinhlong.vn\/index.php?rest_route=%2Fwp%2Fv2%2Fcomments&post=596"}],"wp:featuredmedia":[{"embeddable":true,"href":"https:\/\/doanhnghiepvinhlong.vn\/index.php?rest_route=\/wp\/v2\/media\/588"}],"wp:attachment":[{"href":"https:\/\/doanhnghiepvinhlong.vn\/index.php?rest_route=%2Fwp%2Fv2%2Fmedia&parent=596"}],"wp:term":[{"taxonomy":"product_cat","embeddable":true,"href":"https:\/\/doanhnghiepvinhlong.vn\/index.php?rest_route=%2Fwp%2Fv2%2Fproduct_cat&post=596"},{"taxonomy":"product_tag","embeddable":true,"href":"https:\/\/doanhnghiepvinhlong.vn\/index.php?rest_route=%2Fwp%2Fv2%2Fproduct_tag&post=596"}],"curies":[{"name":"wp","href":"https:\/\/api.w.org\/{rel}","templated":true}]}}