{"id":595,"date":"2024-05-14T03:51:33","date_gmt":"2024-05-14T03:51:33","guid":{"rendered":"http:\/\/doanhnghiepvinhlong.vn\/?post_type=product&#038;p=595"},"modified":"2024-05-14T04:00:43","modified_gmt":"2024-05-14T04:00:43","slug":"day-xoan-kieu-vang-17k","status":"publish","type":"product","link":"https:\/\/doanhnghiepvinhlong.vn\/?product=day-xoan-kieu-vang-17k","title":{"rendered":"D\u00e2y xo\u1eafn ki\u1ec3u v\u00e0ng 17k"},"content":{"rendered":"","protected":false},"excerpt":{"rendered":"<p>S\u1ea3n ph\u1ea9m: D\u00e2y xo\u1eafn ki\u1ec3u v\u00e0ng 17k<br \/>\n&#8211; Tr\u1ecdng l\u01b0\u1ee3ng: kho\u1ea3ng 3,50 ch\u1ec9<br \/>\n&#8211; \u0110\u01b0\u1ee3c ch\u1ebf t\u00e1c t\u1eeb v\u00e0ng 17k \u2013 75%, thi\u1ebft k\u1ebf tinh t\u1ebf, n\u00e9t ch\u1ea1m m\u00f3c m\u00e1y s\u00e1ng s\u1eafc s\u1ea3o.<br \/>\n&#8211; M\u1ed9t s\u1ee3i d\u00e2y chuy\u1ec1n xo\u1eafn tr\u00ean c\u1ed5 quai xanh s\u1ebd ch\u00ednh l\u00e0 \u0111i\u1ec3m nh\u1ea5n n\u1ed5i b\u1eadt, t\u00f4 \u0111i\u1ec3m th\u00eam v\u1ebb \u0111\u1eb9p thanh l\u1ecbch v\u00e0 duy\u00ean d\u00e1ng cho n\u00e0ng.<br \/>\n&#8211; Ph\u00f9 h\u1ee3p v\u1edbi m\u1ecdi b\u1ed9 c\u00e1nh d\u1ea1 ti\u1ec7c hay trang ph\u1ee5c \u0111\u01a1n gi\u1ea3n h\u1eb1ng ng\u00e0y.<\/p>\n","protected":false},"featured_media":589,"comment_status":"open","ping_status":"closed","template":"","meta":[],"product_cat":[75,84],"product_tag":[],"class_list":{"0":"post-595","1":"product","2":"type-product","3":"status-publish","4":"has-post-thumbnail","6":"product_cat-trang-suc","7":"product_cat-tu-minh-diamond","9":"first","10":"instock","11":"shipping-taxable","12":"product-type-simple"},"_links":{"self":[{"href":"https:\/\/doanhnghiepvinhlong.vn\/index.php?rest_route=\/wp\/v2\/product\/595","targetHints":{"allow":["GET"]}}],"collection":[{"href":"https:\/\/doanhnghiepvinhlong.vn\/index.php?rest_route=\/wp\/v2\/product"}],"about":[{"href":"https:\/\/doanhnghiepvinhlong.vn\/index.php?rest_route=\/wp\/v2\/types\/product"}],"replies":[{"embeddable":true,"href":"https:\/\/doanhnghiepvinhlong.vn\/index.php?rest_route=%2Fwp%2Fv2%2Fcomments&post=595"}],"wp:featuredmedia":[{"embeddable":true,"href":"https:\/\/doanhnghiepvinhlong.vn\/index.php?rest_route=\/wp\/v2\/media\/589"}],"wp:attachment":[{"href":"https:\/\/doanhnghiepvinhlong.vn\/index.php?rest_route=%2Fwp%2Fv2%2Fmedia&parent=595"}],"wp:term":[{"taxonomy":"product_cat","embeddable":true,"href":"https:\/\/doanhnghiepvinhlong.vn\/index.php?rest_route=%2Fwp%2Fv2%2Fproduct_cat&post=595"},{"taxonomy":"product_tag","embeddable":true,"href":"https:\/\/doanhnghiepvinhlong.vn\/index.php?rest_route=%2Fwp%2Fv2%2Fproduct_tag&post=595"}],"curies":[{"name":"wp","href":"https:\/\/api.w.org\/{rel}","templated":true}]}}