{"id":580,"date":"2024-05-14T03:43:39","date_gmt":"2024-05-14T03:43:39","guid":{"rendered":"http:\/\/doanhnghiepvinhlong.vn\/?post_type=product&#038;p=580"},"modified":"2024-05-14T04:06:26","modified_gmt":"2024-05-14T04:06:26","slug":"phong-family","status":"publish","type":"product","link":"https:\/\/doanhnghiepvinhlong.vn\/?product=phong-family","title":{"rendered":"Ph\u00f2ng Family"},"content":{"rendered":"","protected":false},"excerpt":{"rendered":"<p>*<strong>Ph\u00f2ng Family-no-view<\/strong> (Ph\u00f2ng gia \u0111\u00ecnh): 2 gi\u01b0\u1eddng \u0111\u00f4i, di\u1ec7n t\u00edch 20m2. Th\u00edch h\u1ee3p cho kh\u00e1ch gia \u0111\u00ecnh.<br \/>\n*<strong>Ph\u00f2ng Family-view:<\/strong> 2 gi\u01b0\u1eddng \u0111\u00f4i, ban c\u00f4ng, di\u1ec7n t\u00edch 24m2<\/p>\n<p>C\u00e1c ph\u00f2ng \u0111\u1ec1u \u0111\u01b0\u1ee3c trang b\u1ecb \u0111\u1ea7y \u0111\u1ee7 v\u1eadt d\u1ee5ng, thi\u1ebft b\u1ecb ph\u1ee5c v\u1ee5 cho nhu c\u1ea7u l\u01b0u tr\u00fa c\u1ee7a du kh\u00e1ch. &#8211; M\u1ed7i ph\u00f2ng \u0111\u1ec1u \u0111\u01b0\u1ee3c trang b\u1ecb g\u01b0\u01a1ng \u0111\u00e8n led chi\u1ebfu s\u00e1ng, h\u1ec7 t\u1ee7 treo qu\u1ea7n \u00e1o, \u1ea5m \u0111un n\u01b0\u1edbc, m\u00e1y s\u1ea5y t\u00f3c, b\u1ed9 ly\/ t\u00e1ch, n\u01b0\u1edbc su\u1ed1i\/ c\u00e0 ph\u00ea mi\u1ec5n ph\u00ed<br \/>\n&#8211; Trang b\u1ecb 4 g\u1ed1i n\u1eb1m mang l\u1ea1i gi\u1ea5c ng\u1ee7 tho\u1ea3i m\u00e1i cho kh\u00e1ch h\u00e0ng<br \/>\n&#8211; T\u1ee7 l\u1ea1nh, d\u00e9p \u0111i trong ph\u00f2ng<br \/>\n&#8211; B\u1ed9 d\u1ee5ng c\u1ee5 v\u1ec7 sinh bao g\u1ed3m b\u00e0n ch\u1ea3i, l\u01b0\u1ee3c, ch\u1ee5p t\u00f3c, t\u0103m b\u00f4ng, dao c\u1ea1o r\u00e2u.<br \/>\n&#8211; X\u00e0 b\u00f4ng r\u1eeda tay, d\u1ea7u g\u1ed9i, s\u1eefa t\u1eafm.<br \/>\n&#8211; B\u1ed9 kh\u0103n bao g\u1ed3m kh\u0103m t\u1eafm l\u1edbn, kh\u0103n v\u1eeba, kh\u0103n m\u1eb7t, kh\u0103n ch\u00e2n v\u00e0 \u00e1o t\u1eafm.<br \/>\n&#8211; Tivi m\u00e0n h\u00ecnh ph\u1eb3ng \u0111\u01b0\u1ee3c c\u00e0i Youtube v\u00e0 Netflix, d\u1ec5 d\u00e0ng cho kh\u00e1ch h\u00e0ng \u0111\u0103ng nh\u1eadp v\u00e0 xem phim.<\/p>\n","protected":false},"featured_media":572,"comment_status":"open","ping_status":"closed","template":"","meta":[],"product_cat":[82,83],"product_tag":[],"class_list":{"0":"post-580","1":"product","2":"type-product","3":"status-publish","4":"has-post-thumbnail","6":"product_cat-khach-san","7":"product_cat-vin-hotel","9":"first","10":"instock","11":"shipping-taxable","12":"product-type-simple"},"_links":{"self":[{"href":"https:\/\/doanhnghiepvinhlong.vn\/index.php?rest_route=\/wp\/v2\/product\/580","targetHints":{"allow":["GET"]}}],"collection":[{"href":"https:\/\/doanhnghiepvinhlong.vn\/index.php?rest_route=\/wp\/v2\/product"}],"about":[{"href":"https:\/\/doanhnghiepvinhlong.vn\/index.php?rest_route=\/wp\/v2\/types\/product"}],"replies":[{"embeddable":true,"href":"https:\/\/doanhnghiepvinhlong.vn\/index.php?rest_route=%2Fwp%2Fv2%2Fcomments&post=580"}],"wp:featuredmedia":[{"embeddable":true,"href":"https:\/\/doanhnghiepvinhlong.vn\/index.php?rest_route=\/wp\/v2\/media\/572"}],"wp:attachment":[{"href":"https:\/\/doanhnghiepvinhlong.vn\/index.php?rest_route=%2Fwp%2Fv2%2Fmedia&parent=580"}],"wp:term":[{"taxonomy":"product_cat","embeddable":true,"href":"https:\/\/doanhnghiepvinhlong.vn\/index.php?rest_route=%2Fwp%2Fv2%2Fproduct_cat&post=580"},{"taxonomy":"product_tag","embeddable":true,"href":"https:\/\/doanhnghiepvinhlong.vn\/index.php?rest_route=%2Fwp%2Fv2%2Fproduct_tag&post=580"}],"curies":[{"name":"wp","href":"https:\/\/api.w.org\/{rel}","templated":true}]}}