{"id":553,"date":"2024-05-14T03:27:23","date_gmt":"2024-05-14T03:27:23","guid":{"rendered":"http:\/\/doanhnghiepvinhlong.vn\/?post_type=product&#038;p=553"},"modified":"2024-05-14T03:27:23","modified_gmt":"2024-05-14T03:27:23","slug":"nuoc-mam-gia-an-30n-195l","status":"publish","type":"product","link":"https:\/\/doanhnghiepvinhlong.vn\/?product=nuoc-mam-gia-an-30n-195l","title":{"rendered":"N\u01b0\u1edbc m\u1eafm Gia An 30N 1,95L"},"content":{"rendered":"","protected":false},"excerpt":{"rendered":"<table style=\"border-collapse: collapse; width: 418.52pt;\" border=\"0\" width=\"837\" cellspacing=\"0\" cellpadding=\"0\">\n<tbody>\n<tr style=\"height: 139.50pt;\">\n<td class=\"et3\" style=\"height: 139.50pt; width: 418.60pt;\" width=\"837\" height=\"279\">N\u01b0\u1edbc m\u1eafm Gia An 30 \u0111\u1ed9 \u0111\u1ea1m \u0111\u01b0\u1ee3c ch\u1ebf bi\u1ebfn t\u1eeb nguy\u00ean li\u1ec7u c\u00e1 c\u01a1m t\u01b0\u01a1i ch\u1ecdn l\u1ecdc, qua qu\u00e1 tr\u00ecnh \u1ee7 ch\u01b0\u1ee3p truy\u1ec1n th\u1ed1ng v\u00e0 ki\u1ec3m so\u00e1t ch\u1ea5t l\u01b0\u1ee3ng b\u1eb1ng h\u1ec7 th\u1ed1ng qu\u1ea3n l\u00fd an to\u00e0n th\u1ef1c ph\u1ea9m theo ti\u00eau chu\u1ea9n ISO 22000. S\u1ea3n ph\u1ea9m \u0111\u00f3ng chai 1,95 l\u00edt ph\u00f9 h\u1ee3p v\u1edbi gia \u0111\u00ecnh s\u1eed d\u1ee5ng nhi\u1ec1u, nh\u00e0 h\u00e0ng, qu\u00e1n \u0103n, b\u1ebfp ch\u1ebf bi\u1ebfn th\u1ee9c \u0103n t\u1eadp th\u1ec3 v\u1edbi chi ph\u00ed th\u1ea5p m\u00e0 v\u1eabn \u0111\u1ea3m b\u1ea3o ch\u1ea5t l\u01b0\u1ee3ng t\u1ed1t v\u00e0 an to\u00e0n.<br \/>\nH\u1ea1n s\u1eed d\u1ee5ng: 1 n\u0103m<br \/>\nH\u01b0\u1edbng d\u1eabn s\u1eed d\u1ee5ng: D\u00f9ng \u0111\u1ec3 ch\u1ea5m khi \u0103n ho\u1eb7c n\u00eam \u01b0\u1edbp khi ch\u1ebf bi\u1ebfn th\u1ee9c \u0103n.<br \/>\nH\u01b0\u1edbng d\u1eabn b\u1ea3o qu\u1ea3n: B\u1ea3o qu\u1ea3n n\u01a1i kh\u00f4 r\u00e1o tho\u00e1ng m\u00e1t. \u0110\u00f3ng n\u1eafp k\u00edn sau khi s\u1eed d\u1ee5ng.<\/td>\n<\/tr>\n<\/tbody>\n<\/table>\n","protected":false},"featured_media":545,"comment_status":"open","ping_status":"closed","template":"","meta":[],"product_cat":[74,81],"product_tag":[],"class_list":{"0":"post-553","1":"product","2":"type-product","3":"status-publish","4":"has-post-thumbnail","6":"product_cat-gia-vi","7":"product_cat-san-pham-hong-huong","9":"first","10":"instock","11":"shipping-taxable","12":"product-type-simple"},"_links":{"self":[{"href":"https:\/\/doanhnghiepvinhlong.vn\/index.php?rest_route=\/wp\/v2\/product\/553","targetHints":{"allow":["GET"]}}],"collection":[{"href":"https:\/\/doanhnghiepvinhlong.vn\/index.php?rest_route=\/wp\/v2\/product"}],"about":[{"href":"https:\/\/doanhnghiepvinhlong.vn\/index.php?rest_route=\/wp\/v2\/types\/product"}],"replies":[{"embeddable":true,"href":"https:\/\/doanhnghiepvinhlong.vn\/index.php?rest_route=%2Fwp%2Fv2%2Fcomments&post=553"}],"wp:featuredmedia":[{"embeddable":true,"href":"https:\/\/doanhnghiepvinhlong.vn\/index.php?rest_route=\/wp\/v2\/media\/545"}],"wp:attachment":[{"href":"https:\/\/doanhnghiepvinhlong.vn\/index.php?rest_route=%2Fwp%2Fv2%2Fmedia&parent=553"}],"wp:term":[{"taxonomy":"product_cat","embeddable":true,"href":"https:\/\/doanhnghiepvinhlong.vn\/index.php?rest_route=%2Fwp%2Fv2%2Fproduct_cat&post=553"},{"taxonomy":"product_tag","embeddable":true,"href":"https:\/\/doanhnghiepvinhlong.vn\/index.php?rest_route=%2Fwp%2Fv2%2Fproduct_tag&post=553"}],"curies":[{"name":"wp","href":"https:\/\/api.w.org\/{rel}","templated":true}]}}