{"id":543,"date":"2024-05-14T03:26:56","date_gmt":"2024-05-14T03:26:56","guid":{"rendered":"http:\/\/doanhnghiepvinhlong.vn\/?post_type=product&#038;p=543"},"modified":"2024-05-14T03:26:56","modified_gmt":"2024-05-14T03:26:56","slug":"nuoc-mam-gia-hy-40n-hop-6-chai-x-50ml","status":"publish","type":"product","link":"https:\/\/doanhnghiepvinhlong.vn\/?product=nuoc-mam-gia-hy-40n-hop-6-chai-x-50ml","title":{"rendered":"N\u01b0\u1edbc m\u1eafm Gia H\u1ef7 40N h\u1ed9p 6 chai x 50ml"},"content":{"rendered":"","protected":false},"excerpt":{"rendered":"<table style=\"border-collapse: collapse; width: 418.52pt;\" border=\"0\" width=\"837\" cellspacing=\"0\" cellpadding=\"0\">\n<tbody>\n<tr style=\"height: 155.00pt;\">\n<td class=\"et3\" style=\"height: 155.00pt; width: 418.60pt;\" width=\"837\" height=\"310\">T\u1eeb c\u00e1 c\u01a1m t\u01b0\u01a1i s\u1ea3n xu\u1ea5t ra n\u01b0\u1edbc m\u1eafm theo ph\u01b0\u01a1ng ph\u00e1p truy\u1ec1n th\u1ed1ng, tr\u00e3i qua th\u1eddi gian \u1ee7 ch\u01b0\u1ee3p h\u01a1n 12 th\u00e1ng, \u0111\u01b0\u1ee3c ki\u1ec3m so\u00e1t ch\u1ea5t l\u01b0\u1ee3ng b\u1eb1ng h\u1ec7 th\u1ed1ng qu\u1ea3n l\u00fd an to\u00e0n th\u1ef1c ph\u1ea9m ISO 22000 , t\u1ea1o ra n\u01b0\u1edbc m\u1eafm Gia H\u1ef7 c\u00f3 h\u00e0m l\u01b0\u1ee3ng \u0111\u1ea1m cao v\u1edbi h\u01b0\u01a1ng v\u1ecb \u0111\u1eb7c bi\u1ec7t m\u00e0 kh\u00f4ng d\u00f9ng \u0111\u1ea1m b\u1ed5 sung , h\u01b0\u01a1ng li\u1ec7u v\u00e0 ch\u1ea5t b\u1ea3o qu\u1ea3n. N\u01b0\u1edbc m\u1eafm Gia H\u1ef7 ch\u1ea5t l\u01b0\u1ee3ng cao v\u00e0 an to\u00e0n cho s\u1ee9c kh\u1ecfe l\u00e0m ngon h\u01a1n b\u1eefa \u0103n, t\u0103ng th\u00eam ni\u1ec1m vui v\u00e0 h\u1ea1nh ph\u00fac cho gia \u0111\u00ecnh b\u1ea1n.<br \/>\nH\u1ea1n s\u1eed d\u1ee5ng: 1 n\u0103m<br \/>\nH\u01b0\u1edbng d\u1eabn s\u1eed d\u1ee5ng: D\u00f9ng \u0111\u1ec3 ch\u1ea5m khi \u0103n ho\u1eb7c n\u00eam \u01b0\u1edbp khi ch\u1ebf bi\u1ebfn th\u1ee9c \u0103n.<br \/>\nH\u01b0\u1edbng d\u1eabn b\u1ea3o qu\u1ea3n: B\u1ea3o qu\u1ea3n n\u01a1i kh\u00f4 r\u00e1o tho\u00e1ng m\u00e1t. \u0110\u00f3ng n\u1eafp k\u00edn sau khi s\u1eed d\u1ee5ng.<\/td>\n<\/tr>\n<\/tbody>\n<\/table>\n","protected":false},"featured_media":546,"comment_status":"open","ping_status":"closed","template":"","meta":[],"product_cat":[74,81],"product_tag":[],"class_list":{"0":"post-543","1":"product","2":"type-product","3":"status-publish","4":"has-post-thumbnail","6":"product_cat-gia-vi","7":"product_cat-san-pham-hong-huong","9":"first","10":"instock","11":"shipping-taxable","12":"product-type-simple"},"_links":{"self":[{"href":"https:\/\/doanhnghiepvinhlong.vn\/index.php?rest_route=\/wp\/v2\/product\/543","targetHints":{"allow":["GET"]}}],"collection":[{"href":"https:\/\/doanhnghiepvinhlong.vn\/index.php?rest_route=\/wp\/v2\/product"}],"about":[{"href":"https:\/\/doanhnghiepvinhlong.vn\/index.php?rest_route=\/wp\/v2\/types\/product"}],"replies":[{"embeddable":true,"href":"https:\/\/doanhnghiepvinhlong.vn\/index.php?rest_route=%2Fwp%2Fv2%2Fcomments&post=543"}],"wp:featuredmedia":[{"embeddable":true,"href":"https:\/\/doanhnghiepvinhlong.vn\/index.php?rest_route=\/wp\/v2\/media\/546"}],"wp:attachment":[{"href":"https:\/\/doanhnghiepvinhlong.vn\/index.php?rest_route=%2Fwp%2Fv2%2Fmedia&parent=543"}],"wp:term":[{"taxonomy":"product_cat","embeddable":true,"href":"https:\/\/doanhnghiepvinhlong.vn\/index.php?rest_route=%2Fwp%2Fv2%2Fproduct_cat&post=543"},{"taxonomy":"product_tag","embeddable":true,"href":"https:\/\/doanhnghiepvinhlong.vn\/index.php?rest_route=%2Fwp%2Fv2%2Fproduct_tag&post=543"}],"curies":[{"name":"wp","href":"https:\/\/api.w.org\/{rel}","templated":true}]}}