{"id":536,"date":"2024-05-14T03:14:48","date_gmt":"2024-05-14T03:14:48","guid":{"rendered":"http:\/\/doanhnghiepvinhlong.vn\/?post_type=product&#038;p=536"},"modified":"2024-05-14T03:15:30","modified_gmt":"2024-05-14T03:15:30","slug":"tuong-hot-phuoc-khang-5kg","status":"publish","type":"product","link":"https:\/\/doanhnghiepvinhlong.vn\/?product=tuong-hot-phuoc-khang-5kg","title":{"rendered":"T\u01b0\u01a1ng h\u1ed9t Ph\u01b0\u1edbc Khang 5kg"},"content":{"rendered":"","protected":false},"excerpt":{"rendered":"<p>T\u01b0\u01a1ng h\u1ed9t Ph\u01b0\u1edbc Khang ch\u00ednh g\u1ed1c, s\u1ea3n xu\u1ea5t t\u1ea1i DNTN Ch\u1ebf bi\u1ebfn Th\u1ef1c ph\u1ea9m v\u00e0 Th\u01b0\u01a1ng m\u1ea1i H\u1ed3ng H\u01b0\u01a1ng.<br \/>\nB\u1eb1ng b\u00ed quy\u1ebft gia truy\u1ec1n, l\u00ean men t\u1ef1 nhi\u00ean, t\u01b0\u01a1ng h\u1ed9t Ph\u01b0\u1edbc Khang n\u1ed5i ti\u1ebfng tr\u00ean kh\u1eafp c\u1ea3 n\u01b0\u1edbc v\u00e0 \u0111\u00e3 \u0111\u1ea1t \u0111\u01b0\u1ee3c gi\u1ea3i th\u01b0\u1edfng s\u1ea3n ph\u1ea9m ti\u00eau bi\u1ec3u c\u1ee7a t\u1ec9nh V\u0129nh Long n\u0103m 2014 v\u00e0 tr\u1edf th\u00e0nh m\u1ed9t trong nh\u1eefng m\u00f3n \u0111\u1eb7c s\u1ea3n V\u0129nh Long \u0111\u01b0\u1ee3c nhi\u1ec1u du kh\u00e1ch mua v\u1ec1 l\u00e0m qu\u00e0 nhi\u1ec1u nh\u1ea5t.<br \/>\nH\u01b0\u1edbng d\u1eabn s\u1eed d\u1ee5ng:<br \/>\nS\u1ea3n ph\u1ea9m d\u00f9ng tr\u1ef1c ti\u1ebfp ho\u1eb7c ch\u1ebf bi\u1ebfn m\u00f3n \u0103n t\u00f9y th\u00edch.<br \/>\nH\u01b0\u1edbng d\u1eabn b\u1ea3o qu\u1ea3n:<br \/>\nB\u1ea3o qu\u1ea3n n\u01a1i kh\u00f4 r\u00e1o, tho\u00e1ng m\u00e1t, tr\u00e1nh \u00e1nh n\u1eafng tr\u1ef1c ti\u1ebfp, \u0111\u1eady k\u00edn v\u00e0 gi\u1eef l\u1ea1nh sau khi m\u1edf n\u1eafp.<\/p>\n","protected":false},"featured_media":520,"comment_status":"open","ping_status":"closed","template":"","meta":[],"product_cat":[74,81],"product_tag":[],"class_list":{"0":"post-536","1":"product","2":"type-product","3":"status-publish","4":"has-post-thumbnail","6":"product_cat-gia-vi","7":"product_cat-san-pham-hong-huong","9":"first","10":"instock","11":"shipping-taxable","12":"product-type-simple"},"_links":{"self":[{"href":"https:\/\/doanhnghiepvinhlong.vn\/index.php?rest_route=\/wp\/v2\/product\/536","targetHints":{"allow":["GET"]}}],"collection":[{"href":"https:\/\/doanhnghiepvinhlong.vn\/index.php?rest_route=\/wp\/v2\/product"}],"about":[{"href":"https:\/\/doanhnghiepvinhlong.vn\/index.php?rest_route=\/wp\/v2\/types\/product"}],"replies":[{"embeddable":true,"href":"https:\/\/doanhnghiepvinhlong.vn\/index.php?rest_route=%2Fwp%2Fv2%2Fcomments&post=536"}],"wp:featuredmedia":[{"embeddable":true,"href":"https:\/\/doanhnghiepvinhlong.vn\/index.php?rest_route=\/wp\/v2\/media\/520"}],"wp:attachment":[{"href":"https:\/\/doanhnghiepvinhlong.vn\/index.php?rest_route=%2Fwp%2Fv2%2Fmedia&parent=536"}],"wp:term":[{"taxonomy":"product_cat","embeddable":true,"href":"https:\/\/doanhnghiepvinhlong.vn\/index.php?rest_route=%2Fwp%2Fv2%2Fproduct_cat&post=536"},{"taxonomy":"product_tag","embeddable":true,"href":"https:\/\/doanhnghiepvinhlong.vn\/index.php?rest_route=%2Fwp%2Fv2%2Fproduct_tag&post=536"}],"curies":[{"name":"wp","href":"https:\/\/api.w.org\/{rel}","templated":true}]}}