{"id":528,"date":"2024-05-14T03:12:59","date_gmt":"2024-05-14T03:12:59","guid":{"rendered":"http:\/\/doanhnghiepvinhlong.vn\/?post_type=product&#038;p=528"},"modified":"2024-05-14T03:22:33","modified_gmt":"2024-05-14T03:22:33","slug":"tuong-xay-kho-sa-phuoc-khang-200g","status":"publish","type":"product","link":"https:\/\/doanhnghiepvinhlong.vn\/?product=tuong-xay-kho-sa-phuoc-khang-200g","title":{"rendered":"T\u01b0\u01a1ng xay kho s\u1ea3 Ph\u01b0\u1edbc Khang 200g"},"content":{"rendered":"","protected":false},"excerpt":{"rendered":"<p>T\u01b0\u01a1ng xay kho s\u1ea3 Ph\u01b0\u1edbc Khang 200g<br \/>\nTh\u00e0nh ph\u1ea7n: \u0111\u1eadu n\u00e0nh, mu\u1ed1i, \u0111\u01b0\u1eddng, s\u1ea3, \u1edbt, d\u1ea7u \u0103n, n\u1ebfp<br \/>\nH\u01b0\u1edbng d\u1eabn s\u1eed d\u1ee5ng: S\u1ea3n ph\u1ea9m c\u00f3 th\u1ec3 d\u00f9ng tr\u1ef1c ti\u1ebfp, ch\u1ea5m c\u00f3c, \u1ed5i, xo\u00e0i, m\u1eadn hay ch\u1ebf bi\u1ebfn m\u00f3n \u0103n t\u00f9y th\u00edch<br \/>\nS\u1ea2N PH\u1ea8M CHAY M\u1eb6N \u0110\u1ec0U D\u00d9NG \u0110\u01af\u1ee2C!<br \/>\nH\u01b0\u1edbng d\u1eabn b\u1ea3o qu\u1ea3n: B\u1ea3o qu\u1ea3n n\u01a1i kh\u00f4 r\u00e1o, tho\u00e1ng m\u00e1t, tr\u00e1nh \u00e1nh n\u1eafng tr\u1ef1c ti\u1ebfp, \u0111\u1eady k\u00edn v\u00e0 gi\u1eef l\u1ea1nh sau khi m\u1edf n\u1eafp.<br \/>\nH\u1ea1n s\u1eed d\u1ee5ng: 6 th\u00e1ng k\u1ec3 t\u1eeb ng\u00e0y s\u1ea3n xu\u1ea5t<br \/>\nS\u1ea2N PH\u1ea8M KH\u00d4NG S\u1eec D\u1ee4NG \u0110\u01af\u1edcNG H\u00d3A H\u1eccC, KH\u00d4NG S\u1eec D\u1ee4NG PH\u1ea8M M\u00c0U<br \/>\nPh\u00e2n ph\u1ed1i \u0111\u1ed9c quy\u1ec1n b\u1edfi: C\u00f4ng ty TNHH \u0110\u1ea7u t\u01b0 v\u00e0 Ph\u00e1t tri\u1ec3n Hoa Sao<\/p>\n","protected":false},"featured_media":524,"comment_status":"open","ping_status":"closed","template":"","meta":[],"product_cat":[74,81],"product_tag":[],"class_list":{"0":"post-528","1":"product","2":"type-product","3":"status-publish","4":"has-post-thumbnail","6":"product_cat-gia-vi","7":"product_cat-san-pham-hong-huong","9":"first","10":"instock","11":"shipping-taxable","12":"product-type-simple"},"_links":{"self":[{"href":"https:\/\/doanhnghiepvinhlong.vn\/index.php?rest_route=\/wp\/v2\/product\/528","targetHints":{"allow":["GET"]}}],"collection":[{"href":"https:\/\/doanhnghiepvinhlong.vn\/index.php?rest_route=\/wp\/v2\/product"}],"about":[{"href":"https:\/\/doanhnghiepvinhlong.vn\/index.php?rest_route=\/wp\/v2\/types\/product"}],"replies":[{"embeddable":true,"href":"https:\/\/doanhnghiepvinhlong.vn\/index.php?rest_route=%2Fwp%2Fv2%2Fcomments&post=528"}],"wp:featuredmedia":[{"embeddable":true,"href":"https:\/\/doanhnghiepvinhlong.vn\/index.php?rest_route=\/wp\/v2\/media\/524"}],"wp:attachment":[{"href":"https:\/\/doanhnghiepvinhlong.vn\/index.php?rest_route=%2Fwp%2Fv2%2Fmedia&parent=528"}],"wp:term":[{"taxonomy":"product_cat","embeddable":true,"href":"https:\/\/doanhnghiepvinhlong.vn\/index.php?rest_route=%2Fwp%2Fv2%2Fproduct_cat&post=528"},{"taxonomy":"product_tag","embeddable":true,"href":"https:\/\/doanhnghiepvinhlong.vn\/index.php?rest_route=%2Fwp%2Fv2%2Fproduct_tag&post=528"}],"curies":[{"name":"wp","href":"https:\/\/api.w.org\/{rel}","templated":true}]}}