{"id":503,"date":"2024-05-13T06:03:50","date_gmt":"2024-05-13T06:03:50","guid":{"rendered":"http:\/\/doanhnghiepvinhlong.vn\/?post_type=product&#038;p=503"},"modified":"2024-05-13T06:04:00","modified_gmt":"2024-05-13T06:04:00","slug":"gao-dai-thom-8","status":"publish","type":"product","link":"https:\/\/doanhnghiepvinhlong.vn\/?product=gao-dai-thom-8","title":{"rendered":"G\u1ea0O \u0110\u00c0I TH\u01a0M 8"},"content":{"rendered":"<ul>\n<li>S\u1ea3n ph\u1ea9m g\u1ea1o \u0110\u00e0i Th\u01a1m 8 \u0111\u00e3 l\u1ecdt v\u00e0o top 3 G\u1ea1o ngon Vi\u1ec7t Nam, d\u1ef1 thi th\u1ebf gi\u1edbi n\u0103m 2020.<\/li>\n<li>l\u00e0 gi\u1ed1ng l\u00faa thu\u1ea7n ch\u1ea5t l\u01b0\u1ee3ng cao do T\u1eadp \u0111o\u00e0n gi\u1ed1ng c\u00e2y tr\u1ed3ng Vi\u1ec7t Nam (Vinaseed) nghi\u00ean c\u1ee9u, ch\u1ecdn t\u1ea1o v\u00e0 \u0111\u01b0\u1ee3c c\u00f4ng ty li\u00ean k\u1ebft tr\u1ed3ng v\u00e0 bao ti\u00eau<\/li>\n<li>G\u1ea1o \u0110\u00e0i Th\u01a1m 8 c\u00f3 \u0111\u1eb7c t\u00ednh \u0111\u1ea1t ti\u00eau chu\u1ea9n xu\u1ea5t kh\u1ea9u nh\u01b0 h\u1ea1t g\u1ea1o thon d\u00e0i, trong, kh\u00f4ng b\u1ea1c b\u1ee5ng\u2026<\/li>\n<li>h\u1ea1t c\u01a1m th\u01a1m ngon, d\u1ebbo v\u1eeba, m\u1ec1m nh\u01b0ng kh\u00f4ng b\u1ecb nh\u00e3o.<\/li>\n<\/ul>\n<p>Quy c\u00e1ch \u0111\u00f3ng g\u00f3i 10kg<\/p>\n","protected":false},"excerpt":{"rendered":"<p>S\u1ea3n ph\u1ea9m g\u1ea1o \u0110\u00e0i Th\u01a1m 8 \u0111\u00e3 l\u1ecdt v\u00e0o top 3 G\u1ea1o ngon Vi\u1ec7t Nam, d\u1ef1 thi th\u1ebf gi\u1edbi n\u0103m 2020. l\u00e0 gi\u1ed1ng l\u00faa thu\u1ea7n ch\u1ea5t l\u01b0\u1ee3ng cao do T\u1eadp \u0111o\u00e0n gi\u1ed1ng c\u00e2y tr\u1ed3ng Vi\u1ec7t Nam (Vinaseed) nghi\u00ean c\u1ee9u, ch\u1ecdn t\u1ea1o v\u00e0 \u0111\u01b0\u1ee3c c\u00f4ng ty li\u00ean k\u1ebft tr\u1ed3ng v\u00e0 bao ti\u00eau G\u1ea1o \u0110\u00e0i Th\u01a1m 8&#8230;<\/p>\n","protected":false},"featured_media":504,"comment_status":"open","ping_status":"closed","template":"","meta":[],"product_cat":[72,73],"product_tag":[],"class_list":{"0":"post-503","1":"product","2":"type-product","3":"status-publish","4":"has-post-thumbnail","6":"product_cat-nong-san-nha-nong","7":"product_cat-san-pham-phuoc-thanh-iv","9":"first","10":"instock","11":"shipping-taxable","12":"product-type-simple"},"_links":{"self":[{"href":"https:\/\/doanhnghiepvinhlong.vn\/index.php?rest_route=\/wp\/v2\/product\/503","targetHints":{"allow":["GET"]}}],"collection":[{"href":"https:\/\/doanhnghiepvinhlong.vn\/index.php?rest_route=\/wp\/v2\/product"}],"about":[{"href":"https:\/\/doanhnghiepvinhlong.vn\/index.php?rest_route=\/wp\/v2\/types\/product"}],"replies":[{"embeddable":true,"href":"https:\/\/doanhnghiepvinhlong.vn\/index.php?rest_route=%2Fwp%2Fv2%2Fcomments&post=503"}],"wp:featuredmedia":[{"embeddable":true,"href":"https:\/\/doanhnghiepvinhlong.vn\/index.php?rest_route=\/wp\/v2\/media\/504"}],"wp:attachment":[{"href":"https:\/\/doanhnghiepvinhlong.vn\/index.php?rest_route=%2Fwp%2Fv2%2Fmedia&parent=503"}],"wp:term":[{"taxonomy":"product_cat","embeddable":true,"href":"https:\/\/doanhnghiepvinhlong.vn\/index.php?rest_route=%2Fwp%2Fv2%2Fproduct_cat&post=503"},{"taxonomy":"product_tag","embeddable":true,"href":"https:\/\/doanhnghiepvinhlong.vn\/index.php?rest_route=%2Fwp%2Fv2%2Fproduct_tag&post=503"}],"curies":[{"name":"wp","href":"https:\/\/api.w.org\/{rel}","templated":true}]}}