{"id":501,"date":"2024-05-13T06:02:10","date_gmt":"2024-05-13T06:02:10","guid":{"rendered":"http:\/\/doanhnghiepvinhlong.vn\/?post_type=product&#038;p=501"},"modified":"2024-05-13T12:14:55","modified_gmt":"2024-05-13T12:14:55","slug":"gao-tai-nguyen","status":"publish","type":"product","link":"https:\/\/doanhnghiepvinhlong.vn\/?product=gao-tai-nguyen","title":{"rendered":"G\u1ea0O T\u00c0I NGUY\u00caN"},"content":{"rendered":"","protected":false},"excerpt":{"rendered":"<ul>\n<li>S\u1ea3n ph\u1ea9m \u0111\u01b0\u1ee3c ch\u1ebf bi\u1ebfn t\u1eeb lo\u1ea1i g\u1ea1o s\u1ea1ch, \u0111\u1eb7c bi\u1ec7t tr\u00ean c\u00e1nh \u0111\u1ed3ng m\u1eabu chuy\u00ean canh \u0111\u01b0\u1ee3c c\u00f4ng ty tuy\u1ec3n ch\u1ecdn v\u00e0 bao ti\u00eau.<\/li>\n<li>H\u1ea1t g\u1ea1o d\u00e0i, m\u00e0u tr\u1eafng trong.<\/li>\n<li>C\u01a1m n\u1ea5u l\u00ean c\u00f3 \u0111\u1ed9 d\u1ebbo v\u1eeba, m\u1ec1m c\u01a1m, m\u00f9i th\u01a1m t\u1ef1 nhi\u00ean, v\u1eabn ngon sau khi \u0111\u1ec3 ngu\u1ed9i.<\/li>\n<\/ul>\n<p>Quy c\u00e1ch \u0111\u00f3ng g\u00f3i 5kg, 10kg, 25kg<\/p>\n","protected":false},"featured_media":510,"comment_status":"open","ping_status":"closed","template":"","meta":[],"product_cat":[72,73],"product_tag":[],"class_list":{"0":"post-501","1":"product","2":"type-product","3":"status-publish","4":"has-post-thumbnail","6":"product_cat-nong-san-nha-nong","7":"product_cat-san-pham-phuoc-thanh-iv","9":"first","10":"instock","11":"shipping-taxable","12":"product-type-simple"},"_links":{"self":[{"href":"https:\/\/doanhnghiepvinhlong.vn\/index.php?rest_route=\/wp\/v2\/product\/501","targetHints":{"allow":["GET"]}}],"collection":[{"href":"https:\/\/doanhnghiepvinhlong.vn\/index.php?rest_route=\/wp\/v2\/product"}],"about":[{"href":"https:\/\/doanhnghiepvinhlong.vn\/index.php?rest_route=\/wp\/v2\/types\/product"}],"replies":[{"embeddable":true,"href":"https:\/\/doanhnghiepvinhlong.vn\/index.php?rest_route=%2Fwp%2Fv2%2Fcomments&post=501"}],"wp:featuredmedia":[{"embeddable":true,"href":"https:\/\/doanhnghiepvinhlong.vn\/index.php?rest_route=\/wp\/v2\/media\/510"}],"wp:attachment":[{"href":"https:\/\/doanhnghiepvinhlong.vn\/index.php?rest_route=%2Fwp%2Fv2%2Fmedia&parent=501"}],"wp:term":[{"taxonomy":"product_cat","embeddable":true,"href":"https:\/\/doanhnghiepvinhlong.vn\/index.php?rest_route=%2Fwp%2Fv2%2Fproduct_cat&post=501"},{"taxonomy":"product_tag","embeddable":true,"href":"https:\/\/doanhnghiepvinhlong.vn\/index.php?rest_route=%2Fwp%2Fv2%2Fproduct_tag&post=501"}],"curies":[{"name":"wp","href":"https:\/\/api.w.org\/{rel}","templated":true}]}}