{"id":500,"date":"2024-05-13T05:57:51","date_gmt":"2024-05-13T05:57:51","guid":{"rendered":"http:\/\/doanhnghiepvinhlong.vn\/?post_type=product&#038;p=500"},"modified":"2024-05-13T05:57:51","modified_gmt":"2024-05-13T05:57:51","slug":"gao-thom-jasmine","status":"publish","type":"product","link":"https:\/\/doanhnghiepvinhlong.vn\/?product=gao-thom-jasmine","title":{"rendered":"G\u1ea0O TH\u01a0M JASMINE"},"content":{"rendered":"","protected":false},"excerpt":{"rendered":"<p>\u0110\u00e2y l\u00e0 s\u1ea3n ph\u1ea9m \u0111\u01b0\u1ee3c \u01b0a chu\u1ed9ng tr\u00ean th\u1ecb tr\u01b0\u1eddng l\u00faa g\u1ea1o \u1edf Vi\u1ec7t Nam c\u0169ng nh\u01b0 tr\u00ean th\u1ebf gi\u1edbi<\/p>\n<ul>\n<li>S\u1ea3n ph\u1ea9m \u0111\u01b0\u1ee3c c\u00f4ng ty li\u00ean k\u1ebft tr\u1ed3ng v\u00e0 bao ti\u00eau<\/li>\n<li>\u0110\u1eb7c t\u00ednh: Khi n\u1ea5u g\u1ea1o cho c\u01a1m c\u00f3 m\u00f9i th\u01a1m nh\u1eb9, d\u1ebbo, m\u1ec1m l\u00e0m t\u0103ng \u0111\u1ed9 \u0111\u1eadm \u0111\u00e0 cho b\u1eefa \u0103n, c\u01a1m v\u1eabn d\u1ebbo khi \u0111\u1ec3 ngu\u1ed9i. H\u1ea1t g\u1ea1o thon, d\u00e0i, s\u00e1ng, m\u1ea9y. \u0110\u1ea3m b\u1ea3o \u0111\u1ed9 thu\u1ea7n<\/li>\n<\/ul>\n<p>Quy c\u00e1ch \u0111\u00f3ng g\u00f3i 5kg, 10kg, 25kg<\/p>\n","protected":false},"featured_media":488,"comment_status":"open","ping_status":"closed","template":"","meta":[],"product_cat":[72,73],"product_tag":[],"class_list":{"0":"post-500","1":"product","2":"type-product","3":"status-publish","4":"has-post-thumbnail","6":"product_cat-nong-san-nha-nong","7":"product_cat-san-pham-phuoc-thanh-iv","9":"first","10":"instock","11":"shipping-taxable","12":"product-type-simple"},"_links":{"self":[{"href":"https:\/\/doanhnghiepvinhlong.vn\/index.php?rest_route=\/wp\/v2\/product\/500","targetHints":{"allow":["GET"]}}],"collection":[{"href":"https:\/\/doanhnghiepvinhlong.vn\/index.php?rest_route=\/wp\/v2\/product"}],"about":[{"href":"https:\/\/doanhnghiepvinhlong.vn\/index.php?rest_route=\/wp\/v2\/types\/product"}],"replies":[{"embeddable":true,"href":"https:\/\/doanhnghiepvinhlong.vn\/index.php?rest_route=%2Fwp%2Fv2%2Fcomments&post=500"}],"wp:featuredmedia":[{"embeddable":true,"href":"https:\/\/doanhnghiepvinhlong.vn\/index.php?rest_route=\/wp\/v2\/media\/488"}],"wp:attachment":[{"href":"https:\/\/doanhnghiepvinhlong.vn\/index.php?rest_route=%2Fwp%2Fv2%2Fmedia&parent=500"}],"wp:term":[{"taxonomy":"product_cat","embeddable":true,"href":"https:\/\/doanhnghiepvinhlong.vn\/index.php?rest_route=%2Fwp%2Fv2%2Fproduct_cat&post=500"},{"taxonomy":"product_tag","embeddable":true,"href":"https:\/\/doanhnghiepvinhlong.vn\/index.php?rest_route=%2Fwp%2Fv2%2Fproduct_tag&post=500"}],"curies":[{"name":"wp","href":"https:\/\/api.w.org\/{rel}","templated":true}]}}