{"id":497,"date":"2024-05-13T05:46:47","date_gmt":"2024-05-13T05:46:47","guid":{"rendered":"http:\/\/doanhnghiepvinhlong.vn\/?post_type=product&#038;p=497"},"modified":"2024-05-13T05:46:47","modified_gmt":"2024-05-13T05:46:47","slug":"gao-thom-st25","status":"publish","type":"product","link":"https:\/\/doanhnghiepvinhlong.vn\/?product=gao-thom-st25","title":{"rendered":"G\u1ea0O TH\u01a0M ST25"},"content":{"rendered":"","protected":false},"excerpt":{"rendered":"<ul>\n<li>S\u1ea3n ph\u1ea9m <strong>TOP 1 CU\u1ed8C THI \u201cG\u1ea0O NGON NH\u1ea4T TH\u1ebe GI\u1edaI 2019\u201d<\/strong><\/li>\n<li>S\u1ea3n ph\u1ea9m \u0111u\u1ecdc ch\u1ebf bi\u1ebfn t\u1eeb lo\u1ea1i g\u1ea1o sach, tr\u00ean c\u00e1nh \u0111\u1ed3ng chuy\u00ean canh \u0111\u01b0\u1ee3c c\u00f4ng ty tuy\u1ec3n ch\u1ecdn v\u00e0 bao ti\u00eau<\/li>\n<li>H\u1ea1t g\u1ea1o d\u00e0i trong, kh\u00f4ng b\u1ea1c b\u1ee5ng.<\/li>\n<li>C\u01a1m khi n\u1ea5u d\u1ebbo,H\u01b0\u01a1ng v\u1ecb \u0111\u1eb7c bi\u1ec7t thu h\u00fat v\u00ec co m\u00f9i th\u01a1m t\u1ef1 nhi\u00ean<\/li>\n<\/ul>\n<p>Quy c\u00e1ch \u0111\u00f3ng g\u00f3i 5kg<\/p>\n","protected":false},"featured_media":498,"comment_status":"open","ping_status":"closed","template":"","meta":[],"product_cat":[72,73],"product_tag":[],"class_list":{"0":"post-497","1":"product","2":"type-product","3":"status-publish","4":"has-post-thumbnail","6":"product_cat-nong-san-nha-nong","7":"product_cat-san-pham-phuoc-thanh-iv","9":"first","10":"instock","11":"shipping-taxable","12":"product-type-simple"},"_links":{"self":[{"href":"https:\/\/doanhnghiepvinhlong.vn\/index.php?rest_route=\/wp\/v2\/product\/497","targetHints":{"allow":["GET"]}}],"collection":[{"href":"https:\/\/doanhnghiepvinhlong.vn\/index.php?rest_route=\/wp\/v2\/product"}],"about":[{"href":"https:\/\/doanhnghiepvinhlong.vn\/index.php?rest_route=\/wp\/v2\/types\/product"}],"replies":[{"embeddable":true,"href":"https:\/\/doanhnghiepvinhlong.vn\/index.php?rest_route=%2Fwp%2Fv2%2Fcomments&post=497"}],"wp:featuredmedia":[{"embeddable":true,"href":"https:\/\/doanhnghiepvinhlong.vn\/index.php?rest_route=\/wp\/v2\/media\/498"}],"wp:attachment":[{"href":"https:\/\/doanhnghiepvinhlong.vn\/index.php?rest_route=%2Fwp%2Fv2%2Fmedia&parent=497"}],"wp:term":[{"taxonomy":"product_cat","embeddable":true,"href":"https:\/\/doanhnghiepvinhlong.vn\/index.php?rest_route=%2Fwp%2Fv2%2Fproduct_cat&post=497"},{"taxonomy":"product_tag","embeddable":true,"href":"https:\/\/doanhnghiepvinhlong.vn\/index.php?rest_route=%2Fwp%2Fv2%2Fproduct_tag&post=497"}],"curies":[{"name":"wp","href":"https:\/\/api.w.org\/{rel}","templated":true}]}}