{"id":494,"date":"2024-05-13T05:14:06","date_gmt":"2024-05-13T05:14:06","guid":{"rendered":"http:\/\/doanhnghiepvinhlong.vn\/?post_type=product&#038;p=494"},"modified":"2024-05-13T05:14:06","modified_gmt":"2024-05-13T05:14:06","slug":"gao-than-tai-39","status":"publish","type":"product","link":"https:\/\/doanhnghiepvinhlong.vn\/?product=gao-than-tai-39","title":{"rendered":"G\u1ea0O TH\u1ea6N  T\u00c0I 39"},"content":{"rendered":"","protected":false},"excerpt":{"rendered":"<ul>\n<li>S\u1ea3n ph\u1ea9m \u0111\u01b0\u1ee3c c\u00f4ng ty li\u00ean k\u1ebft tr\u1ed3ng v\u00e0 bao ti\u00eau<\/li>\n<li>H\u01b0\u01a1ng v\u1ecb th\u01a1m t\u1ef1 nhi\u00ean<\/li>\n<li>V\u1ecb ng\u1ecdt v\u1eeba, d\u1ebbo m\u1ec1m<\/li>\n<li>C\u01a1m v\u1eabn ngon sau khi \u0111\u1ec3 ngu\u1ed9i<\/li>\n<li>Quy c\u00e1ch \u0111\u00f3ng g\u00f3i 5kg, 10kg, 25kg<\/li>\n<\/ul>\n","protected":false},"featured_media":486,"comment_status":"open","ping_status":"closed","template":"","meta":[],"product_cat":[72,73],"product_tag":[],"class_list":{"0":"post-494","1":"product","2":"type-product","3":"status-publish","4":"has-post-thumbnail","6":"product_cat-nong-san-nha-nong","7":"product_cat-san-pham-phuoc-thanh-iv","9":"first","10":"instock","11":"shipping-taxable","12":"product-type-simple"},"_links":{"self":[{"href":"https:\/\/doanhnghiepvinhlong.vn\/index.php?rest_route=\/wp\/v2\/product\/494","targetHints":{"allow":["GET"]}}],"collection":[{"href":"https:\/\/doanhnghiepvinhlong.vn\/index.php?rest_route=\/wp\/v2\/product"}],"about":[{"href":"https:\/\/doanhnghiepvinhlong.vn\/index.php?rest_route=\/wp\/v2\/types\/product"}],"replies":[{"embeddable":true,"href":"https:\/\/doanhnghiepvinhlong.vn\/index.php?rest_route=%2Fwp%2Fv2%2Fcomments&post=494"}],"wp:featuredmedia":[{"embeddable":true,"href":"https:\/\/doanhnghiepvinhlong.vn\/index.php?rest_route=\/wp\/v2\/media\/486"}],"wp:attachment":[{"href":"https:\/\/doanhnghiepvinhlong.vn\/index.php?rest_route=%2Fwp%2Fv2%2Fmedia&parent=494"}],"wp:term":[{"taxonomy":"product_cat","embeddable":true,"href":"https:\/\/doanhnghiepvinhlong.vn\/index.php?rest_route=%2Fwp%2Fv2%2Fproduct_cat&post=494"},{"taxonomy":"product_tag","embeddable":true,"href":"https:\/\/doanhnghiepvinhlong.vn\/index.php?rest_route=%2Fwp%2Fv2%2Fproduct_tag&post=494"}],"curies":[{"name":"wp","href":"https:\/\/api.w.org\/{rel}","templated":true}]}}