{"id":481,"date":"2024-05-13T04:26:23","date_gmt":"2024-05-13T04:26:23","guid":{"rendered":"http:\/\/doanhnghiepvinhlong.vn\/?post_type=product&#038;p=481"},"modified":"2024-05-13T04:26:23","modified_gmt":"2024-05-13T04:26:23","slug":"than-tai-79","status":"publish","type":"product","link":"https:\/\/doanhnghiepvinhlong.vn\/?product=than-tai-79","title":{"rendered":"TH\u1ea6N T\u00c0I 79"},"content":{"rendered":"","protected":false},"excerpt":{"rendered":"<ul>\n<li>S\u1ea3n ph\u1ea9m c\u00f4ng ty \u0111\u1ea1t gi\u1ea3i nh\u1ea5t cu\u1ed9c thi \u201c<strong>G\u1ea0O NGON TH\u01af\u01a0NG HI\u1ec6U VI\u1ec6T NAM NAM 2019\u201d<\/strong><\/li>\n<li>S\u1ea3n ph\u1ea9m \u0111\u01b0\u1ee3c c\u00f4ng ty li\u00ean k\u1ebft tr\u1ed3ng v\u00e0 bao ti\u00eau<\/li>\n<li>G\u1ea1o d\u1ebbo m\u1ec1m v\u1ecb ng\u1ecdt v\u1eeba, c\u00f3 m\u00f9i th\u01a1m nh\u01b0 m\u00f9i th\u01a1m l\u00e1 d\u1ee9a<\/li>\n<li>C\u01a1m v\u1eabn ngon sau khi \u0111\u1ec3 ngu\u1ed9i<\/li>\n<\/ul>\n<p>Quy c\u00e1ch \u0111\u00f3ng g\u00f3i 5kg, 10kg, 25kg<\/p>\n","protected":false},"featured_media":487,"comment_status":"open","ping_status":"closed","template":"","meta":[],"product_cat":[72,73],"product_tag":[],"class_list":{"0":"post-481","1":"product","2":"type-product","3":"status-publish","4":"has-post-thumbnail","6":"product_cat-nong-san-nha-nong","7":"product_cat-san-pham-phuoc-thanh-iv","9":"first","10":"instock","11":"shipping-taxable","12":"product-type-simple"},"_links":{"self":[{"href":"https:\/\/doanhnghiepvinhlong.vn\/index.php?rest_route=\/wp\/v2\/product\/481","targetHints":{"allow":["GET"]}}],"collection":[{"href":"https:\/\/doanhnghiepvinhlong.vn\/index.php?rest_route=\/wp\/v2\/product"}],"about":[{"href":"https:\/\/doanhnghiepvinhlong.vn\/index.php?rest_route=\/wp\/v2\/types\/product"}],"replies":[{"embeddable":true,"href":"https:\/\/doanhnghiepvinhlong.vn\/index.php?rest_route=%2Fwp%2Fv2%2Fcomments&post=481"}],"wp:featuredmedia":[{"embeddable":true,"href":"https:\/\/doanhnghiepvinhlong.vn\/index.php?rest_route=\/wp\/v2\/media\/487"}],"wp:attachment":[{"href":"https:\/\/doanhnghiepvinhlong.vn\/index.php?rest_route=%2Fwp%2Fv2%2Fmedia&parent=481"}],"wp:term":[{"taxonomy":"product_cat","embeddable":true,"href":"https:\/\/doanhnghiepvinhlong.vn\/index.php?rest_route=%2Fwp%2Fv2%2Fproduct_cat&post=481"},{"taxonomy":"product_tag","embeddable":true,"href":"https:\/\/doanhnghiepvinhlong.vn\/index.php?rest_route=%2Fwp%2Fv2%2Fproduct_tag&post=481"}],"curies":[{"name":"wp","href":"https:\/\/api.w.org\/{rel}","templated":true}]}}