{"id":662,"date":"2024-05-20T02:09:12","date_gmt":"2024-05-20T02:09:12","guid":{"rendered":"http:\/\/doanhnghiepvinhlong.vn\/?page_id=662"},"modified":"2024-05-20T02:27:11","modified_gmt":"2024-05-20T02:27:11","slug":"gioi-thieu-cong-ty-co-phan-xay-dung-vinh-long","status":"publish","type":"page","link":"https:\/\/doanhnghiepvinhlong.vn\/?page_id=662","title":{"rendered":"Gi\u1eddi thi\u1ec7u c\u00f4ng ty c\u1ed5 ph\u1ea7n x\u00e2y d\u1ef1ng V\u0129nh Long"},"content":{"rendered":"<div class=\"row\"  id=\"row-507688836\">\n\n\t<div id=\"col-810974915\" class=\"col medium-4 small-12 large-4\"  >\n\t\t\t\t<div class=\"col-inner\"  >\n\t\t\t\n\t\t\t\n\t\t<\/div>\n\t\t\t\t\t<\/div>\n\n\t\n\n\t<div id=\"col-985880884\" class=\"col medium-4 small-12 large-4\"  >\n\t\t\t\t<div class=\"col-inner\"  >\n\t\t\t\n\t\t\t\n\t<div class=\"img has-hover x md-x lg-x y md-y lg-y\" id=\"image_2070347381\">\n\t\t\t\t\t\t\t\t<div class=\"img-inner dark\" >\n\t\t\t<img loading=\"lazy\" decoding=\"async\" width=\"697\" height=\"463\" src=\"https:\/\/doanhnghiepvinhlong.vn\/wp-content\/uploads\/2024\/05\/English-Now-13.png\" class=\"attachment-original size-original\" alt=\"\" srcset=\"https:\/\/doanhnghiepvinhlong.vn\/wp-content\/uploads\/2024\/05\/English-Now-13.png 697w, https:\/\/doanhnghiepvinhlong.vn\/wp-content\/uploads\/2024\/05\/English-Now-13-602x400.png 602w, https:\/\/doanhnghiepvinhlong.vn\/wp-content\/uploads\/2024\/05\/English-Now-13-510x339.png 510w\" sizes=\"auto, (max-width: 697px) 100vw, 697px\" \/>\t\t\t\t\t\t\n\t\t\t\t\t<\/div>\n\t\t\t\t\t\t\t\t\n<style>\n#image_2070347381 {\n  width: 100%;\n}\n<\/style>\n\t<\/div>\n\t\n\t\t<\/div>\n\t\t\t\t\t<\/div>\n\n\t\n\n\t<div id=\"col-740205027\" class=\"col medium-4 small-12 large-4\"  >\n\t\t\t\t<div class=\"col-inner\"  >\n\t\t\t\n\t\t\t\n\t\t<\/div>\n\t\t\t\t\t<\/div>\n\n\t\n<\/div>\n<p style=\"text-align: center;\"><span style=\"font-size: 150%; color: #007170;\"><strong>C\u00d4NG TY C\u1ed4 PH\u1ea6N X\u00c2Y D\u1ef0NG V\u0128NH LONG<\/strong><\/span><\/p>\n<div style=\"text-align: center;\"><strong>Ng\u00e0nh ngh\u1ec1 kinh doanh: x\u00e2y d\u01b0ng, bu\u00f4n b\u00e1n v\u1eadt t\u01b0 n\u1ed9i th\u1ea5t ho\u00e0n thi\u1ec7n<\/strong><\/div>\n<div id=\"input_line_1\" style=\"text-align: center;\"><span id=\"input_part_0\" class=\"\" data-mention=\"\u0110\/c: 179 \u1ea4p Long H\u00f2a \u2013 L\u1ed9c H\u00f2a \u2013 Long H\u1ed3 - V\u0129nh Long\">\u0110\/c: 80 tr\u1ea7n ph\u00fa, ph\u01b0\u1eddng 4, th\u00e0nh ph\u1ed1 V\u0129nh Long, T\u1ec9nh V\u0129nh Long <\/span><\/div>\n<div id=\"input_line_2\" style=\"text-align: center;\"><span id=\"input_part_0\" class=\"\" data-mention=\"\u0110T: 02703 957 079  - 02703 79 79 79 \u2013 Zalo: 088.99999.39\">S\u1ed1 \u0111i\u1ec7n tho\u1ea1i: 0708848898<\/span><\/div>\n<div id=\"input_line_4\" style=\"text-align: center;\"><span id=\"input_part_0\" class=\"\" data-mention=\"Email: phuocthanhiv@gmail.com\t\">Email: nhatminhphan231195@gmail.com<\/span><\/div>\n<div class=\"row\" style=\"max-width:1200px\" id=\"row-229656556\">\n\n\t<div id=\"col-799651882\" class=\"col small-12 large-12\"  >\n\t\t\t\t<div class=\"col-inner\"  >\n\t\t\t\n\t\t\t\n\n\t\t<div class=\"tabbed-content\">\n\t\t\t\n\t\t\t<ul class=\"nav nav-pills nav-uppercase nav-size-normal nav-left\" role=\"tablist\"><li id=\"tab-gi\u1edbi-thi\u1ec7u-doanh-nghi\u1ec7p\" class=\"tab active has-icon\" role=\"presentation\"><a href=\"#tab_gi\u1edbi-thi\u1ec7u-doanh-nghi\u1ec7p\" role=\"tab\" aria-selected=\"true\" aria-controls=\"tab_gi\u1edbi-thi\u1ec7u-doanh-nghi\u1ec7p\"><span>gi\u1edbi thi\u1ec7u doanh nghi\u1ec7p<\/span><\/a><\/li>\n<li id=\"tab-gi\u1edbi-thi\u1ec7u-s\u1ea3n-ph\u1ea9m\" class=\"tab has-icon\" role=\"presentation\"><a href=\"#tab_gi\u1edbi-thi\u1ec7u-s\u1ea3n-ph\u1ea9m\" tabindex=\"-1\" role=\"tab\" aria-selected=\"false\" aria-controls=\"tab_gi\u1edbi-thi\u1ec7u-s\u1ea3n-ph\u1ea9m\"><span>gi\u1edbi thi\u1ec7u s\u1ea3n ph\u1ea9m<\/span><\/a><\/li>\n<li id=\"tab-812619870\" class=\"tab has-icon\" role=\"presentation\"><a href=\"#tab_812619870\" tabindex=\"-1\" role=\"tab\" aria-selected=\"false\" aria-controls=\"tab_812619870\"><span><\/span><\/a><\/li><\/ul><div class=\"tab-panels\"><div id=\"tab_gi\u1edbi-thi\u1ec7u-doanh-nghi\u1ec7p\" class=\"panel active entry-content\" role=\"tabpanel\" aria-labelledby=\"tab-gi\u1edbi-thi\u1ec7u-doanh-nghi\u1ec7p\">\n<p>C\u00f4ng Ty C\u1ed5 Ph\u1ea7n X\u00e2y D\u1ef1ng V\u0129nh Long l\u00e0 m\u1ed9t trong nh\u1eefng C\u00f4ng ty chuy\u00ean ho\u1ea1t \u0111\u1ed9ng v\u1ec1 ng\u00e0nh l\u0129nh v\u1ef1c x\u00e2y d\u1ef1ng nh\u01b0 c\u00e1c c\u00f4ng tr\u00ecnh d\u00e2n d\u1ee5ng, nh\u00e0 \u1edf ,chuy\u00ean x\u00e2y m\u1edbi, s\u1eeda ch\u1eefa\u2026<\/p>\n<\/div>\n<div id=\"tab_gi\u1edbi-thi\u1ec7u-s\u1ea3n-ph\u1ea9m\" class=\"panel entry-content\" role=\"tabpanel\" aria-labelledby=\"tab-gi\u1edbi-thi\u1ec7u-s\u1ea3n-ph\u1ea9m\">\n<p>Chuy\u00ean cung c\u1ea5p s\u01a1n n\u01b0\u1edbc c\u1ee7a nh\u1eefng th\u01b0\u01a1ng hi\u1ec7u n\u1ed5i ti\u1ebfng Nh\u01b0 nippon, mykolor, dulux, jotun\u2026&#8230;, g\u1ea1ch men \u1ed1p l\u00e1t cao c\u1ea5p, thi\u1ebft b\u1ecb v\u1ec7 sinh c\u1ee7a nh\u1eefng th\u01b0\u01a1ng hi\u1ec7u nh\u01b0 inax, toto, hafele, caesar,\u2026\u2026<\/p>\n<div class=\"row\"  id=\"row-774935728\">\n\n\t<div id=\"col-2126813501\" class=\"col medium-4 small-12 large-4\"  >\n\t\t\t\t<div class=\"col-inner\"  >\n\t\t\t\n\t\t\t\n\t<div class=\"img has-hover x md-x lg-x y md-y lg-y\" id=\"image_1319141739\">\n\t\t\t\t\t\t\t\t<div class=\"img-inner dark\" >\n\t\t\t<img loading=\"lazy\" decoding=\"async\" width=\"782\" height=\"800\" src=\"https:\/\/doanhnghiepvinhlong.vn\/wp-content\/uploads\/2024\/05\/f4e7eb98-0a7b-4eab-9177-682b420cd4c0-782x800.jpg\" class=\"attachment-large size-large\" alt=\"\" srcset=\"https:\/\/doanhnghiepvinhlong.vn\/wp-content\/uploads\/2024\/05\/f4e7eb98-0a7b-4eab-9177-682b420cd4c0-782x800.jpg 782w, https:\/\/doanhnghiepvinhlong.vn\/wp-content\/uploads\/2024\/05\/f4e7eb98-0a7b-4eab-9177-682b420cd4c0-391x400.jpg 391w, https:\/\/doanhnghiepvinhlong.vn\/wp-content\/uploads\/2024\/05\/f4e7eb98-0a7b-4eab-9177-682b420cd4c0-768x785.jpg 768w, https:\/\/doanhnghiepvinhlong.vn\/wp-content\/uploads\/2024\/05\/f4e7eb98-0a7b-4eab-9177-682b420cd4c0-510x521.jpg 510w, https:\/\/doanhnghiepvinhlong.vn\/wp-content\/uploads\/2024\/05\/f4e7eb98-0a7b-4eab-9177-682b420cd4c0.jpg 1242w\" sizes=\"auto, (max-width: 782px) 100vw, 782px\" \/>\t\t\t\t\t\t\n\t\t\t\t\t<\/div>\n\t\t\t\t\t\t\t\t\n<style>\n#image_1319141739 {\n  width: 100%;\n}\n<\/style>\n\t<\/div>\n\t\n\t\t<\/div>\n\t\t\t\t\t<\/div>\n\n\t\n\n\t<div id=\"col-1492461798\" class=\"col medium-4 small-12 large-4\"  >\n\t\t\t\t<div class=\"col-inner\"  >\n\t\t\t\n\t\t\t\n\t<div class=\"img has-hover x md-x lg-x y md-y lg-y\" id=\"image_1669692670\">\n\t\t\t\t\t\t\t\t<div class=\"img-inner dark\" >\n\t\t\t<img loading=\"lazy\" decoding=\"async\" width=\"785\" height=\"800\" src=\"https:\/\/doanhnghiepvinhlong.vn\/wp-content\/uploads\/2024\/05\/f0061c11-abf8-4098-bb16-7a88ef631e6a-785x800.jpg\" class=\"attachment-large size-large\" alt=\"\" srcset=\"https:\/\/doanhnghiepvinhlong.vn\/wp-content\/uploads\/2024\/05\/f0061c11-abf8-4098-bb16-7a88ef631e6a-785x800.jpg 785w, https:\/\/doanhnghiepvinhlong.vn\/wp-content\/uploads\/2024\/05\/f0061c11-abf8-4098-bb16-7a88ef631e6a-393x400.jpg 393w, https:\/\/doanhnghiepvinhlong.vn\/wp-content\/uploads\/2024\/05\/f0061c11-abf8-4098-bb16-7a88ef631e6a-768x782.jpg 768w, https:\/\/doanhnghiepvinhlong.vn\/wp-content\/uploads\/2024\/05\/f0061c11-abf8-4098-bb16-7a88ef631e6a-510x519.jpg 510w, https:\/\/doanhnghiepvinhlong.vn\/wp-content\/uploads\/2024\/05\/f0061c11-abf8-4098-bb16-7a88ef631e6a.jpg 1242w\" sizes=\"auto, (max-width: 785px) 100vw, 785px\" \/>\t\t\t\t\t\t\n\t\t\t\t\t<\/div>\n\t\t\t\t\t\t\t\t\n<style>\n#image_1669692670 {\n  width: 100%;\n}\n<\/style>\n\t<\/div>\n\t\n\t\t<\/div>\n\t\t\t\t\t<\/div>\n\n\t\n\n\t<div id=\"col-1432880624\" class=\"col medium-4 small-12 large-4\"  >\n\t\t\t\t<div class=\"col-inner\"  >\n\t\t\t\n\t\t\t\n\t<div class=\"img has-hover x md-x lg-x y md-y lg-y\" id=\"image_906307176\">\n\t\t\t\t\t\t\t\t<div class=\"img-inner dark\" >\n\t\t\t<img loading=\"lazy\" decoding=\"async\" width=\"789\" height=\"800\" src=\"https:\/\/doanhnghiepvinhlong.vn\/wp-content\/uploads\/2024\/05\/18ed0b11-2067-448d-b465-10e58a8c11bd-789x800.jpg\" class=\"attachment-large size-large\" alt=\"\" srcset=\"https:\/\/doanhnghiepvinhlong.vn\/wp-content\/uploads\/2024\/05\/18ed0b11-2067-448d-b465-10e58a8c11bd-789x800.jpg 789w, https:\/\/doanhnghiepvinhlong.vn\/wp-content\/uploads\/2024\/05\/18ed0b11-2067-448d-b465-10e58a8c11bd-395x400.jpg 395w, https:\/\/doanhnghiepvinhlong.vn\/wp-content\/uploads\/2024\/05\/18ed0b11-2067-448d-b465-10e58a8c11bd-768x779.jpg 768w, https:\/\/doanhnghiepvinhlong.vn\/wp-content\/uploads\/2024\/05\/18ed0b11-2067-448d-b465-10e58a8c11bd-510x517.jpg 510w, https:\/\/doanhnghiepvinhlong.vn\/wp-content\/uploads\/2024\/05\/18ed0b11-2067-448d-b465-10e58a8c11bd-100x100.jpg 100w, https:\/\/doanhnghiepvinhlong.vn\/wp-content\/uploads\/2024\/05\/18ed0b11-2067-448d-b465-10e58a8c11bd.jpg 1242w\" sizes=\"auto, (max-width: 789px) 100vw, 789px\" \/>\t\t\t\t\t\t\n\t\t\t\t\t<\/div>\n\t\t\t\t\t\t\t\t\n<style>\n#image_906307176 {\n  width: 100%;\n}\n<\/style>\n\t<\/div>\n\t\n\t\t<\/div>\n\t\t\t\t\t<\/div>\n\n\t\n<\/div>\n<div class=\"row\"  id=\"row-1023650853\">\n\n\t<div id=\"col-1764511598\" class=\"col medium-4 small-12 large-4\"  >\n\t\t\t\t<div class=\"col-inner\"  >\n\t\t\t\n\t\t\t\n\t<div class=\"img has-hover x md-x lg-x y md-y lg-y\" id=\"image_480213509\">\n\t\t\t\t\t\t\t\t<div class=\"img-inner dark\" >\n\t\t\t<img loading=\"lazy\" decoding=\"async\" width=\"777\" height=\"800\" src=\"https:\/\/doanhnghiepvinhlong.vn\/wp-content\/uploads\/2024\/05\/0e10f7ea-ecb8-4302-a478-c80ea607833d-777x800.jpg\" class=\"attachment-large size-large\" alt=\"\" srcset=\"https:\/\/doanhnghiepvinhlong.vn\/wp-content\/uploads\/2024\/05\/0e10f7ea-ecb8-4302-a478-c80ea607833d-777x800.jpg 777w, https:\/\/doanhnghiepvinhlong.vn\/wp-content\/uploads\/2024\/05\/0e10f7ea-ecb8-4302-a478-c80ea607833d-389x400.jpg 389w, https:\/\/doanhnghiepvinhlong.vn\/wp-content\/uploads\/2024\/05\/0e10f7ea-ecb8-4302-a478-c80ea607833d-768x790.jpg 768w, https:\/\/doanhnghiepvinhlong.vn\/wp-content\/uploads\/2024\/05\/0e10f7ea-ecb8-4302-a478-c80ea607833d-510x525.jpg 510w, https:\/\/doanhnghiepvinhlong.vn\/wp-content\/uploads\/2024\/05\/0e10f7ea-ecb8-4302-a478-c80ea607833d.jpg 1242w\" sizes=\"auto, (max-width: 777px) 100vw, 777px\" \/>\t\t\t\t\t\t\n\t\t\t\t\t<\/div>\n\t\t\t\t\t\t\t\t\n<style>\n#image_480213509 {\n  width: 100%;\n}\n<\/style>\n\t<\/div>\n\t\n\t\t<\/div>\n\t\t\t\t\t<\/div>\n\n\t\n\n\t<div id=\"col-1113576318\" class=\"col medium-4 small-12 large-4\"  >\n\t\t\t\t<div class=\"col-inner\"  >\n\t\t\t\n\t\t\t\n\t<div class=\"img has-hover x md-x lg-x y md-y lg-y\" id=\"image_437505167\">\n\t\t\t\t\t\t\t\t<div class=\"img-inner dark\" >\n\t\t\t<img loading=\"lazy\" decoding=\"async\" width=\"713\" height=\"800\" src=\"https:\/\/doanhnghiepvinhlong.vn\/wp-content\/uploads\/2024\/05\/6c9c58f7-caa2-44c8-8c69-0ab3aeae223b-713x800.jpg\" class=\"attachment-large size-large\" alt=\"\" srcset=\"https:\/\/doanhnghiepvinhlong.vn\/wp-content\/uploads\/2024\/05\/6c9c58f7-caa2-44c8-8c69-0ab3aeae223b-713x800.jpg 713w, https:\/\/doanhnghiepvinhlong.vn\/wp-content\/uploads\/2024\/05\/6c9c58f7-caa2-44c8-8c69-0ab3aeae223b-357x400.jpg 357w, https:\/\/doanhnghiepvinhlong.vn\/wp-content\/uploads\/2024\/05\/6c9c58f7-caa2-44c8-8c69-0ab3aeae223b-768x862.jpg 768w, https:\/\/doanhnghiepvinhlong.vn\/wp-content\/uploads\/2024\/05\/6c9c58f7-caa2-44c8-8c69-0ab3aeae223b-510x572.jpg 510w, https:\/\/doanhnghiepvinhlong.vn\/wp-content\/uploads\/2024\/05\/6c9c58f7-caa2-44c8-8c69-0ab3aeae223b.jpg 1141w\" sizes=\"auto, (max-width: 713px) 100vw, 713px\" \/>\t\t\t\t\t\t\n\t\t\t\t\t<\/div>\n\t\t\t\t\t\t\t\t\n<style>\n#image_437505167 {\n  width: 100%;\n}\n<\/style>\n\t<\/div>\n\t\n\t\t<\/div>\n\t\t\t\t\t<\/div>\n\n\t\n\n\t<div id=\"col-572929410\" class=\"col medium-4 small-12 large-4\"  >\n\t\t\t\t<div class=\"col-inner\"  >\n\t\t\t\n\t\t\t\n\t<div class=\"img has-hover x md-x lg-x y md-y lg-y\" id=\"image_1892217251\">\n\t\t\t\t\t\t\t\t<div class=\"img-inner dark\" >\n\t\t\t<img loading=\"lazy\" decoding=\"async\" width=\"1020\" height=\"764\" src=\"https:\/\/doanhnghiepvinhlong.vn\/wp-content\/uploads\/2024\/05\/e4747e4a-693f-4daa-a2de-e992b9fb1196-1068x800.jpg\" class=\"attachment-large size-large\" alt=\"\" srcset=\"https:\/\/doanhnghiepvinhlong.vn\/wp-content\/uploads\/2024\/05\/e4747e4a-693f-4daa-a2de-e992b9fb1196-1068x800.jpg 1068w, https:\/\/doanhnghiepvinhlong.vn\/wp-content\/uploads\/2024\/05\/e4747e4a-693f-4daa-a2de-e992b9fb1196-534x400.jpg 534w, https:\/\/doanhnghiepvinhlong.vn\/wp-content\/uploads\/2024\/05\/e4747e4a-693f-4daa-a2de-e992b9fb1196-768x575.jpg 768w, https:\/\/doanhnghiepvinhlong.vn\/wp-content\/uploads\/2024\/05\/e4747e4a-693f-4daa-a2de-e992b9fb1196-510x382.jpg 510w, https:\/\/doanhnghiepvinhlong.vn\/wp-content\/uploads\/2024\/05\/e4747e4a-693f-4daa-a2de-e992b9fb1196.jpg 1276w\" sizes=\"auto, (max-width: 1020px) 100vw, 1020px\" \/>\t\t\t\t\t\t\n\t\t\t\t\t<\/div>\n\t\t\t\t\t\t\t\t\n<style>\n#image_1892217251 {\n  width: 100%;\n}\n<\/style>\n\t<\/div>\n\t\n\t\t<\/div>\n\t\t\t\t\t<\/div>\n\n\t\n<\/div>\n<\/div>\n<div id=\"tab_812619870\" class=\"panel entry-content\" role=\"tabpanel\" aria-labelledby=\"tab-812619870\">\n<\/div><\/div><\/div>\n\t\t<\/div>\n\t\t\t\t\t<\/div>\n\n\t\n<\/div>\n","protected":false},"excerpt":{"rendered":"<p>C\u00d4NG TY C\u1ed4 PH\u1ea6N X\u00c2Y D\u1ef0NG V\u0128NH LONG Ng\u00e0nh ngh\u1ec1 kinh doanh: x\u00e2y d\u01b0ng, bu\u00f4n b\u00e1n v\u1eadt t\u01b0 n\u1ed9i th\u1ea5t ho\u00e0n thi\u1ec7n \u0110\/c: 80 tr\u1ea7n ph\u00fa, ph\u01b0\u1eddng 4, th\u00e0nh ph\u1ed1 V\u0129nh Long, T\u1ec9nh V\u0129nh Long S\u1ed1 \u0111i\u1ec7n tho\u1ea1i: 0708848898 Email: nhatminhphan231195@gmail.com<\/p>\n","protected":false},"author":1,"featured_media":0,"parent":0,"menu_order":0,"comment_status":"closed","ping_status":"closed","template":"page-blank.php","meta":{"footnotes":""},"class_list":["post-662","page","type-page","status-publish","hentry"],"_links":{"self":[{"href":"https:\/\/doanhnghiepvinhlong.vn\/index.php?rest_route=\/wp\/v2\/pages\/662","targetHints":{"allow":["GET"]}}],"collection":[{"href":"https:\/\/doanhnghiepvinhlong.vn\/index.php?rest_route=\/wp\/v2\/pages"}],"about":[{"href":"https:\/\/doanhnghiepvinhlong.vn\/index.php?rest_route=\/wp\/v2\/types\/page"}],"author":[{"embeddable":true,"href":"https:\/\/doanhnghiepvinhlong.vn\/index.php?rest_route=\/wp\/v2\/users\/1"}],"replies":[{"embeddable":true,"href":"https:\/\/doanhnghiepvinhlong.vn\/index.php?rest_route=%2Fwp%2Fv2%2Fcomments&post=662"}],"version-history":[{"count":3,"href":"https:\/\/doanhnghiepvinhlong.vn\/index.php?rest_route=\/wp\/v2\/pages\/662\/revisions"}],"predecessor-version":[{"id":677,"href":"https:\/\/doanhnghiepvinhlong.vn\/index.php?rest_route=\/wp\/v2\/pages\/662\/revisions\/677"}],"wp:attachment":[{"href":"https:\/\/doanhnghiepvinhlong.vn\/index.php?rest_route=%2Fwp%2Fv2%2Fmedia&parent=662"}],"curies":[{"name":"wp","href":"https:\/\/api.w.org\/{rel}","templated":true}]}}