{"id":651,"date":"2024-05-20T01:34:44","date_gmt":"2024-05-20T01:34:44","guid":{"rendered":"http:\/\/doanhnghiepvinhlong.vn\/?page_id=651"},"modified":"2024-05-20T01:42:39","modified_gmt":"2024-05-20T01:42:39","slug":"gioi-thieu-vin-hotel-vinh-long","status":"publish","type":"page","link":"https:\/\/doanhnghiepvinhlong.vn\/?page_id=651","title":{"rendered":"Gi\u1eddi thi\u1ec7u Vin Hotel V\u0129nh Long"},"content":{"rendered":"<div class=\"row\"  id=\"row-492286452\">\n\n\t<div id=\"col-1535315643\" class=\"col medium-4 small-12 large-4\"  >\n\t\t\t\t<div class=\"col-inner\"  >\n\t\t\t\n\t\t\t\n\t\t<\/div>\n\t\t\t\t\t<\/div>\n\n\t\n\n\t<div id=\"col-1456145659\" class=\"col medium-4 small-12 large-4\"  >\n\t\t\t\t<div class=\"col-inner\"  >\n\t\t\t\n\t\t\t\n\t<div class=\"img has-hover x md-x lg-x y md-y lg-y\" id=\"image_378315380\">\n\t\t\t\t\t\t\t\t<div class=\"img-inner dark\" >\n\t\t\t<img loading=\"lazy\" decoding=\"async\" width=\"669\" height=\"444\" src=\"https:\/\/doanhnghiepvinhlong.vn\/wp-content\/uploads\/2024\/05\/English-Now-11.png\" class=\"attachment-original size-original\" alt=\"\" srcset=\"https:\/\/doanhnghiepvinhlong.vn\/wp-content\/uploads\/2024\/05\/English-Now-11.png 669w, https:\/\/doanhnghiepvinhlong.vn\/wp-content\/uploads\/2024\/05\/English-Now-11-603x400.png 603w, https:\/\/doanhnghiepvinhlong.vn\/wp-content\/uploads\/2024\/05\/English-Now-11-510x338.png 510w\" sizes=\"auto, (max-width: 669px) 100vw, 669px\" \/>\t\t\t\t\t\t\n\t\t\t\t\t<\/div>\n\t\t\t\t\t\t\t\t\n<style>\n#image_378315380 {\n  width: 100%;\n}\n<\/style>\n\t<\/div>\n\t\n\t\t<\/div>\n\t\t\t\t\t<\/div>\n\n\t\n\n\t<div id=\"col-1710655361\" class=\"col medium-4 small-12 large-4\"  >\n\t\t\t\t<div class=\"col-inner\"  >\n\t\t\t\n\t\t\t\n\t\t<\/div>\n\t\t\t\t\t<\/div>\n\n\t\n<\/div>\n<p style=\"text-align: center;\"><span style=\"font-size: 150%; color: #007170;\"><strong>C\u00d4NG TY TNHH VIN HOTEL V\u0128NH LONG<\/strong><\/span><\/p>\n<div style=\"text-align: center;\"><strong>Ng\u00e0nh ngh\u1ec1 kinh doanh: d\u1ecbch v\u1ee5 l\u01b0u tr\u00fa ng\u1eafn ng\u00e0y (kh\u00e1ch s\u1ea1n)<\/strong><\/div>\n<div id=\"input_line_1\" style=\"text-align: center;\"><span id=\"input_part_0\" class=\"\" data-mention=\"\u0110\/c: 179 \u1ea4p Long H\u00f2a \u2013 L\u1ed9c H\u00f2a \u2013 Long H\u1ed3 - V\u0129nh Long\">\u0110\/c: S\u1ed1 MG01-03 v\u00e0 MG1-05A \u0111\u01b0\u1eddng Ph\u1ea1m Th\u00e1i B\u01b0\u1eddng, kh\u00f3m 1, Ph\u01b0\u1eddng 4, Th\u00e0nh ph\u1ed1 V\u0129nh Long, T\u1ec9nh V\u0129nh Long, Vi\u1ec7t Nam<\/span><\/div>\n<div id=\"input_line_2\" style=\"text-align: center;\"><span id=\"input_part_0\" class=\"\" data-mention=\"\u0110T: 02703 957 079  - 02703 79 79 79 \u2013 Zalo: 088.99999.39\">S\u1ed1 \u0111i\u1ec7n tho\u1ea1i: 0938852200<\/span><\/div>\n<div id=\"input_line_4\" style=\"text-align: center;\"><span id=\"input_part_0\" class=\"\" data-mention=\"Email: phuocthanhiv@gmail.com\t\">Email: ksvinhotelvinhlong@gmail.com<\/span><\/div>\n<div class=\"row\" style=\"max-width:1200px\" id=\"row-108662893\">\n\n\t<div id=\"col-124274388\" class=\"col small-12 large-12\"  >\n\t\t\t\t<div class=\"col-inner\"  >\n\t\t\t\n\t\t\t\n\n\t\t<div class=\"tabbed-content\">\n\t\t\t\n\t\t\t<ul class=\"nav nav-pills nav-uppercase nav-size-normal nav-left\" role=\"tablist\"><li id=\"tab-gi\u1edbi-thi\u1ec7u-doanh-nghi\u1ec7p\" class=\"tab active has-icon\" role=\"presentation\"><a href=\"#tab_gi\u1edbi-thi\u1ec7u-doanh-nghi\u1ec7p\" role=\"tab\" aria-selected=\"true\" aria-controls=\"tab_gi\u1edbi-thi\u1ec7u-doanh-nghi\u1ec7p\"><span>gi\u1edbi thi\u1ec7u doanh nghi\u1ec7p<\/span><\/a><\/li>\n<li id=\"tab-gi\u1edbi-thi\u1ec7u-s\u1ea3n-ph\u1ea9m\" class=\"tab has-icon\" role=\"presentation\"><a href=\"#tab_gi\u1edbi-thi\u1ec7u-s\u1ea3n-ph\u1ea9m\" tabindex=\"-1\" role=\"tab\" aria-selected=\"false\" aria-controls=\"tab_gi\u1edbi-thi\u1ec7u-s\u1ea3n-ph\u1ea9m\"><span>gi\u1edbi thi\u1ec7u s\u1ea3n ph\u1ea9m<\/span><\/a><\/li>\n<li id=\"tab-3208032501\" class=\"tab has-icon\" role=\"presentation\"><a href=\"#tab_3208032501\" tabindex=\"-1\" role=\"tab\" aria-selected=\"false\" aria-controls=\"tab_3208032501\"><span><\/span><\/a><\/li><\/ul><div class=\"tab-panels\"><div id=\"tab_gi\u1edbi-thi\u1ec7u-doanh-nghi\u1ec7p\" class=\"panel active entry-content\" role=\"tabpanel\" aria-labelledby=\"tab-gi\u1edbi-thi\u1ec7u-doanh-nghi\u1ec7p\">\n<p>Kh\u00e1ch s\u1ea1n Vin Hotel V\u0129nh Long \u0111\u01b0\u1ee3c th\u00e0nh l\u1eadp n\u0103m 2023 v\u1edbi 2 chi nh\u00e1nh t\u1ecda l\u1ea1c t\u1ea1i khu Vincom Plaza, \u0111\u01b0\u1eddng Ph\u1ea1m Th\u00e1i B\u01b0\u1eddng, kh\u00f3m 1, Ph\u01b0\u1eddng 4, Th\u00e0nh ph\u1ed1 V\u0129nh Long.<\/p>\n<p>Kh\u00e1ch s\u1ea1n bao g\u1ed3m 38 ph\u00f2ng (30 ph\u00f2ng \u0111\u00f4i v\u00e0 8 ph\u00f2ng gia \u0111\u00ecnh) s\u1ee9c ch\u1ee9a t\u1ed1i \u0111a l\u00ean \u0111\u1ebfn 90 kh\u00e1ch. Vin Hotel v\u1edbi \u0111a d\u1ea1ng c\u00e1c lo\u1ea1i ph\u00f2ng tho\u1ea3i m\u00e1i cho du kh\u00e1ch l\u1ef1a ch\u1ecdn. H\u1ec7 th\u1ed1ng trang thi\u1ebft b\u1ecb hi\u1ec7n \u0111\u1ea1i v\u00e0 trang b\u1ecb \u0111\u1ea7y \u0111\u1ee7 c\u00e1c ti\u1ec7n \u00edch trong ph\u00f2ng ph\u1ee5c v\u1ee5 cho nhu c\u1ea7u l\u01b0u tr\u00fa c\u1ee7a qu\u00fd kh\u00e1ch.<\/p>\n<p>Kh\u00e1ch s\u1ea1n Vin Hotel n\u1eb1m \u1edf khu v\u1ef1c s\u1ea7m u\u1ea5t c\u1ee7a th\u00e0nh ph\u1ed1. N\u01a1i c\u00f3 nhi\u1ec1u qu\u00e1n \u0103n, khu vui ch\u01a1i gi\u1ea3i tr\u00ed v\u00e0 ch\u0103m s\u00f3c s\u1ee9c kh\u1ecfe nh\u01b0 Vincom Plaza, \u0111\u01b0\u1eddng ph\u1ed1 \u0103n u\u1ed1ng Nguy\u1ec5n V\u0103n Thi\u1ec7t, \u0111\u01b0\u1eddng Ph\u1ea1m Th\u00e1i B\u01b0\u1eddng &#8211; con \u0111\u01b0\u1eddng c\u1ee7a r\u1ea5t nhi\u1ec1u nh\u00e0 h\u00e0ng l\u1edbn trong th\u00e0nh ph\u1ed1 nh\u01b0 H\u01b0\u01a1ng Sen, \u0110\u1ee9c Ph\u00e1t Ho\u00e0ng Gia, Thi\u00ean T\u00e2n, \u1ea8m th\u1ef1c ph\u1ed1, Minh Ph\u00e1t,&#8230; Nhi\u1ec1u ti\u1ec7m Spa l\u00e0m \u0111\u1eb9p v\u00e0 ch\u0103m s\u00f3c s\u1ee9c kh\u1ecfe trong khu v\u1ef1c.<\/p>\n<p>Kh\u00e1ch s\u1ea1n Vin Hotel \u0111\u01b0\u1ee3c trang b\u1ecb \u0111\u1ea7y \u0111\u1ee7 trang thi\u1ebft b\u1ecb nh\u01b0 h\u1ec7 th\u1ed1ng b\u00e1o ch\u00e1y t\u00e2n ti\u1ebfn, wifi ph\u1ee7 s\u00f3ng to\u00e0n b\u1ed9 khu\u00f4n vi\u00ean kh\u00e1ch s\u1ea1n, l\u1ec5 t\u00e2n tr\u1ef1c 24\/24, b\u00e3i \u0111\u1ed7 xe m\u00e1y, xe \u00f4 t\u00f4 mi\u1ec5n ph\u00ed.<\/p>\n<p>C\u00e1c ph\u00f2ng \u0111\u01b0\u1ee3c thi\u1ebft k\u1ebf trang nh\u00e3, tinh t\u1ebf. B\u1ed9 kh\u0103n 7 m\u00f3n g\u1ed3m 2 kh\u0103n t\u1eafm c\u1ee1 l\u1edbn, 2 kh\u0103n v\u1eeba, 2 kh\u0103n m\u1eb7t, 1 kh\u0103n ch\u00e2n tho\u1ea3i m\u00e1i cho du kh\u00e1ch s\u1eed d\u1ee5ng. H\u1ec7 th\u1ed1ng gi\u01b0\u1eddng ng\u1ee7 s\u1ea1ch s\u1ebd. N\u1ec7m ph\u1ee7 3 l\u1edbp c\u1ef1c k\u00ec \u00eam \u00e1i v\u00e0 trang b\u1ecb 4 g\u1ed1i h\u01a1i cao c\u1ea5p. S\u1eed d\u1ee5ng ch\u1ea5t li\u1ec7u ch\u0103n g\u1ed1i cao c\u1ea5p t\u1eeb h\u00e0ng Hanvico.<\/p>\n<p>Trang b\u1ecb: \u1ea4m \u0111un n\u01b0\u1edbc, m\u00e1y s\u1ea5y t\u00f3c, g\u01b0\u01a1ng \u0111\u00e8n led, h\u1ec7 t\u1ee7 qu\u1ea7n \u00e1o v\u00e0 b\u1ed9 v\u1ec7 sinh ph\u1ee5c v\u1ee5 cho nhu c\u1ea7u l\u01b0u tr\u00fa c\u1ee7a du kh\u00e1ch (b\u1ed9 b\u00e0n ch\u1ea3i, dao c\u1ea1o r\u00e2u, l\u01b0\u1ee3c, ch\u1ee5p t\u00f3c, x\u00e0 ph\u00f2ng, t\u0103m b\u00f4ng), tivi, t\u1ee7 l\u1ea1nh<\/p>\n<\/div>\n<div id=\"tab_gi\u1edbi-thi\u1ec7u-s\u1ea3n-ph\u1ea9m\" class=\"panel entry-content\" role=\"tabpanel\" aria-labelledby=\"tab-gi\u1edbi-thi\u1ec7u-s\u1ea3n-ph\u1ea9m\">\n\t\n  \n    <div class=\"row large-columns-4 medium-columns-3 small-columns-2 row-small\" >\n  \n\t     <div class=\"product-small col has-hover product type-product post-584 status-publish first instock product_cat-khach-san product_cat-vin-hotel has-post-thumbnail shipping-taxable product-type-simple\">\n\t<div class=\"col-inner\">\n\t\n<div class=\"badge-container absolute left top z-1\">\n\n<\/div>\n\t<div class=\"product-small box \">\n\t\t<div class=\"box-image\">\n\t\t\t<div class=\"image-fade_in_back\">\n\t\t\t\t<a href=\"https:\/\/doanhnghiepvinhlong.vn\/?product=phong-family-b\" aria-label=\"Ph\u00f2ng Family B\">\n\t\t\t\t\t<img loading=\"lazy\" decoding=\"async\" width=\"247\" height=\"296\" src=\"https:\/\/doanhnghiepvinhlong.vn\/wp-content\/uploads\/2024\/05\/7.-Phong-Family-B-2-247x296.png\" class=\"attachment-woocommerce_thumbnail size-woocommerce_thumbnail\" alt=\"\" \/><img loading=\"lazy\" decoding=\"async\" width=\"247\" height=\"296\" src=\"https:\/\/doanhnghiepvinhlong.vn\/wp-content\/uploads\/2024\/05\/7.-Phong-Family-B-247x296.png\" class=\"show-on-hover absolute fill hide-for-small back-image\" alt=\"\" \/>\t\t\t\t<\/a>\n\t\t\t<\/div>\n\t\t\t<div class=\"image-tools is-small top right show-on-hover\">\n\t\t\t\t\t\t\t<\/div>\n\t\t\t<div class=\"image-tools is-small hide-for-small bottom left show-on-hover\">\n\t\t\t\t\t\t\t<\/div>\n\t\t\t<div class=\"image-tools grid-tools text-center hide-for-small bottom hover-slide-in show-on-hover\">\n\t\t\t\t  <a class=\"quick-view\" data-prod=\"584\" href=\"#quick-view\">Xem Nhanh<\/a>\t\t\t<\/div>\n\t\t\t\t\t<\/div>\n\n\t\t<div class=\"box-text box-text-products\">\n\t\t\t<div class=\"title-wrapper\">\t\t<p class=\"category uppercase is-smaller no-text-overflow product-cat op-7\">\n\t\t\tKh\u00e1ch s\u1ea1n\t\t<\/p>\n\t<p class=\"name product-title woocommerce-loop-product__title\"><a href=\"https:\/\/doanhnghiepvinhlong.vn\/?product=phong-family-b\" class=\"woocommerce-LoopProduct-link woocommerce-loop-product__link\">Ph\u00f2ng Family B<\/a><\/p><\/div><div class=\"price-wrapper\">\n<\/div>\t\t<\/div>\n\t<\/div>\n\t\t<\/div>\n<\/div><div class=\"product-small col has-hover product type-product post-583 status-publish instock product_cat-khach-san product_cat-vin-hotel has-post-thumbnail shipping-taxable product-type-simple\">\n\t<div class=\"col-inner\">\n\t\n<div class=\"badge-container absolute left top z-1\">\n\n<\/div>\n\t<div class=\"product-small box \">\n\t\t<div class=\"box-image\">\n\t\t\t<div class=\"image-fade_in_back\">\n\t\t\t\t<a href=\"https:\/\/doanhnghiepvinhlong.vn\/?product=phong-family-a\" aria-label=\"Ph\u00f2ng Family A\">\n\t\t\t\t\t<img loading=\"lazy\" decoding=\"async\" width=\"247\" height=\"296\" src=\"https:\/\/doanhnghiepvinhlong.vn\/wp-content\/uploads\/2024\/05\/6.-Phong-Family-A-247x296.png\" class=\"attachment-woocommerce_thumbnail size-woocommerce_thumbnail\" alt=\"\" \/><img loading=\"lazy\" decoding=\"async\" width=\"247\" height=\"296\" src=\"https:\/\/doanhnghiepvinhlong.vn\/wp-content\/uploads\/2024\/05\/6.-Phong-Family-A-2-247x296.png\" class=\"show-on-hover absolute fill hide-for-small back-image\" alt=\"\" \/>\t\t\t\t<\/a>\n\t\t\t<\/div>\n\t\t\t<div class=\"image-tools is-small top right show-on-hover\">\n\t\t\t\t\t\t\t<\/div>\n\t\t\t<div class=\"image-tools is-small hide-for-small bottom left show-on-hover\">\n\t\t\t\t\t\t\t<\/div>\n\t\t\t<div class=\"image-tools grid-tools text-center hide-for-small bottom hover-slide-in show-on-hover\">\n\t\t\t\t  <a class=\"quick-view\" data-prod=\"583\" href=\"#quick-view\">Xem Nhanh<\/a>\t\t\t<\/div>\n\t\t\t\t\t<\/div>\n\n\t\t<div class=\"box-text box-text-products\">\n\t\t\t<div class=\"title-wrapper\">\t\t<p class=\"category uppercase is-smaller no-text-overflow product-cat op-7\">\n\t\t\tKh\u00e1ch s\u1ea1n\t\t<\/p>\n\t<p class=\"name product-title woocommerce-loop-product__title\"><a href=\"https:\/\/doanhnghiepvinhlong.vn\/?product=phong-family-a\" class=\"woocommerce-LoopProduct-link woocommerce-loop-product__link\">Ph\u00f2ng Family A<\/a><\/p><\/div><div class=\"price-wrapper\">\n<\/div>\t\t<\/div>\n\t<\/div>\n\t\t<\/div>\n<\/div><div class=\"product-small col has-hover product type-product post-580 status-publish last instock product_cat-khach-san product_cat-vin-hotel has-post-thumbnail shipping-taxable product-type-simple\">\n\t<div class=\"col-inner\">\n\t\n<div class=\"badge-container absolute left top z-1\">\n\n<\/div>\n\t<div class=\"product-small box \">\n\t\t<div class=\"box-image\">\n\t\t\t<div class=\"image-fade_in_back\">\n\t\t\t\t<a href=\"https:\/\/doanhnghiepvinhlong.vn\/?product=phong-family\" aria-label=\"Ph\u00f2ng Family\">\n\t\t\t\t\t<img loading=\"lazy\" decoding=\"async\" width=\"247\" height=\"296\" src=\"https:\/\/doanhnghiepvinhlong.vn\/wp-content\/uploads\/2024\/05\/5.Phong-Family-247x296.png\" class=\"attachment-woocommerce_thumbnail size-woocommerce_thumbnail\" alt=\"\" \/><img loading=\"lazy\" decoding=\"async\" width=\"247\" height=\"296\" src=\"https:\/\/doanhnghiepvinhlong.vn\/wp-content\/uploads\/2024\/05\/5.Phong-Family-2-247x296.png\" class=\"show-on-hover absolute fill hide-for-small back-image\" alt=\"\" \/>\t\t\t\t<\/a>\n\t\t\t<\/div>\n\t\t\t<div class=\"image-tools is-small top right show-on-hover\">\n\t\t\t\t\t\t\t<\/div>\n\t\t\t<div class=\"image-tools is-small hide-for-small bottom left show-on-hover\">\n\t\t\t\t\t\t\t<\/div>\n\t\t\t<div class=\"image-tools grid-tools text-center hide-for-small bottom hover-slide-in show-on-hover\">\n\t\t\t\t  <a class=\"quick-view\" data-prod=\"580\" href=\"#quick-view\">Xem Nhanh<\/a>\t\t\t<\/div>\n\t\t\t\t\t<\/div>\n\n\t\t<div class=\"box-text box-text-products\">\n\t\t\t<div class=\"title-wrapper\">\t\t<p class=\"category uppercase is-smaller no-text-overflow product-cat op-7\">\n\t\t\tKh\u00e1ch s\u1ea1n\t\t<\/p>\n\t<p class=\"name product-title woocommerce-loop-product__title\"><a href=\"https:\/\/doanhnghiepvinhlong.vn\/?product=phong-family\" class=\"woocommerce-LoopProduct-link woocommerce-loop-product__link\">Ph\u00f2ng Family<\/a><\/p><\/div><div class=\"price-wrapper\">\n<\/div>\t\t<\/div>\n\t<\/div>\n\t\t<\/div>\n<\/div><div class=\"product-small col has-hover product type-product post-582 status-publish first instock product_cat-khach-san product_cat-vin-hotel has-post-thumbnail shipping-taxable product-type-simple\">\n\t<div class=\"col-inner\">\n\t\n<div class=\"badge-container absolute left top z-1\">\n\n<\/div>\n\t<div class=\"product-small box \">\n\t\t<div class=\"box-image\">\n\t\t\t<div class=\"image-fade_in_back\">\n\t\t\t\t<a href=\"https:\/\/doanhnghiepvinhlong.vn\/?product=phong-vip\" aria-label=\"Ph\u00f2ng VIP\">\n\t\t\t\t\t<img loading=\"lazy\" decoding=\"async\" width=\"247\" height=\"296\" src=\"https:\/\/doanhnghiepvinhlong.vn\/wp-content\/uploads\/2024\/05\/4.-Phong-VIP-247x296.png\" class=\"attachment-woocommerce_thumbnail size-woocommerce_thumbnail\" alt=\"\" \/><img loading=\"lazy\" decoding=\"async\" width=\"247\" height=\"296\" src=\"https:\/\/doanhnghiepvinhlong.vn\/wp-content\/uploads\/2024\/05\/4.-Phong-VIP-247x296.png\" class=\"show-on-hover absolute fill hide-for-small back-image\" alt=\"\" \/>\t\t\t\t<\/a>\n\t\t\t<\/div>\n\t\t\t<div class=\"image-tools is-small top right show-on-hover\">\n\t\t\t\t\t\t\t<\/div>\n\t\t\t<div class=\"image-tools is-small hide-for-small bottom left show-on-hover\">\n\t\t\t\t\t\t\t<\/div>\n\t\t\t<div class=\"image-tools grid-tools text-center hide-for-small bottom hover-slide-in show-on-hover\">\n\t\t\t\t  <a class=\"quick-view\" data-prod=\"582\" href=\"#quick-view\">Xem Nhanh<\/a>\t\t\t<\/div>\n\t\t\t\t\t<\/div>\n\n\t\t<div class=\"box-text box-text-products\">\n\t\t\t<div class=\"title-wrapper\">\t\t<p class=\"category uppercase is-smaller no-text-overflow product-cat op-7\">\n\t\t\tKh\u00e1ch s\u1ea1n\t\t<\/p>\n\t<p class=\"name product-title woocommerce-loop-product__title\"><a href=\"https:\/\/doanhnghiepvinhlong.vn\/?product=phong-vip\" class=\"woocommerce-LoopProduct-link woocommerce-loop-product__link\">Ph\u00f2ng VIP<\/a><\/p><\/div><div class=\"price-wrapper\">\n<\/div>\t\t<\/div>\n\t<\/div>\n\t\t<\/div>\n<\/div><div class=\"product-small col has-hover product type-product post-579 status-publish instock product_cat-khach-san product_cat-vin-hotel has-post-thumbnail shipping-taxable product-type-simple\">\n\t<div class=\"col-inner\">\n\t\n<div class=\"badge-container absolute left top z-1\">\n\n<\/div>\n\t<div class=\"product-small box \">\n\t\t<div class=\"box-image\">\n\t\t\t<div class=\"image-fade_in_back\">\n\t\t\t\t<a href=\"https:\/\/doanhnghiepvinhlong.vn\/?product=phong-superior\" aria-label=\"Ph\u00f2ng Superior\">\n\t\t\t\t\t<img loading=\"lazy\" decoding=\"async\" width=\"247\" height=\"296\" src=\"https:\/\/doanhnghiepvinhlong.vn\/wp-content\/uploads\/2024\/05\/3.Phong-Superior-2-247x296.png\" class=\"attachment-woocommerce_thumbnail size-woocommerce_thumbnail\" alt=\"\" \/><img loading=\"lazy\" decoding=\"async\" width=\"247\" height=\"296\" src=\"https:\/\/doanhnghiepvinhlong.vn\/wp-content\/uploads\/2024\/05\/3.Phong-Superior-3-247x296.png\" class=\"show-on-hover absolute fill hide-for-small back-image\" alt=\"\" \/>\t\t\t\t<\/a>\n\t\t\t<\/div>\n\t\t\t<div class=\"image-tools is-small top right show-on-hover\">\n\t\t\t\t\t\t\t<\/div>\n\t\t\t<div class=\"image-tools is-small hide-for-small bottom left show-on-hover\">\n\t\t\t\t\t\t\t<\/div>\n\t\t\t<div class=\"image-tools grid-tools text-center hide-for-small bottom hover-slide-in show-on-hover\">\n\t\t\t\t  <a class=\"quick-view\" data-prod=\"579\" href=\"#quick-view\">Xem Nhanh<\/a>\t\t\t<\/div>\n\t\t\t\t\t<\/div>\n\n\t\t<div class=\"box-text box-text-products\">\n\t\t\t<div class=\"title-wrapper\">\t\t<p class=\"category uppercase is-smaller no-text-overflow product-cat op-7\">\n\t\t\tKh\u00e1ch s\u1ea1n\t\t<\/p>\n\t<p class=\"name product-title woocommerce-loop-product__title\"><a href=\"https:\/\/doanhnghiepvinhlong.vn\/?product=phong-superior\" class=\"woocommerce-LoopProduct-link woocommerce-loop-product__link\">Ph\u00f2ng Superior<\/a><\/p><\/div><div class=\"price-wrapper\">\n<\/div>\t\t<\/div>\n\t<\/div>\n\t\t<\/div>\n<\/div><div class=\"product-small col has-hover product type-product post-578 status-publish last instock product_cat-khach-san product_cat-vin-hotel has-post-thumbnail shipping-taxable product-type-simple\">\n\t<div class=\"col-inner\">\n\t\n<div class=\"badge-container absolute left top z-1\">\n\n<\/div>\n\t<div class=\"product-small box \">\n\t\t<div class=\"box-image\">\n\t\t\t<div class=\"image-fade_in_back\">\n\t\t\t\t<a href=\"https:\/\/doanhnghiepvinhlong.vn\/?product=phong-standard-2\" aria-label=\"Ph\u00f2ng Standard+\">\n\t\t\t\t\t<img loading=\"lazy\" decoding=\"async\" width=\"247\" height=\"296\" src=\"https:\/\/doanhnghiepvinhlong.vn\/wp-content\/uploads\/2024\/05\/2.Phong-Standard-2-247x296.png\" class=\"attachment-woocommerce_thumbnail size-woocommerce_thumbnail\" alt=\"\" \/><img loading=\"lazy\" decoding=\"async\" width=\"247\" height=\"296\" src=\"https:\/\/doanhnghiepvinhlong.vn\/wp-content\/uploads\/2024\/05\/2.Phong-Standard-2-247x296.png\" class=\"show-on-hover absolute fill hide-for-small back-image\" alt=\"\" \/>\t\t\t\t<\/a>\n\t\t\t<\/div>\n\t\t\t<div class=\"image-tools is-small top right show-on-hover\">\n\t\t\t\t\t\t\t<\/div>\n\t\t\t<div class=\"image-tools is-small hide-for-small bottom left show-on-hover\">\n\t\t\t\t\t\t\t<\/div>\n\t\t\t<div class=\"image-tools grid-tools text-center hide-for-small bottom hover-slide-in show-on-hover\">\n\t\t\t\t  <a class=\"quick-view\" data-prod=\"578\" href=\"#quick-view\">Xem Nhanh<\/a>\t\t\t<\/div>\n\t\t\t\t\t<\/div>\n\n\t\t<div class=\"box-text box-text-products\">\n\t\t\t<div class=\"title-wrapper\">\t\t<p class=\"category uppercase is-smaller no-text-overflow product-cat op-7\">\n\t\t\tKh\u00e1ch s\u1ea1n\t\t<\/p>\n\t<p class=\"name product-title woocommerce-loop-product__title\"><a href=\"https:\/\/doanhnghiepvinhlong.vn\/?product=phong-standard-2\" class=\"woocommerce-LoopProduct-link woocommerce-loop-product__link\">Ph\u00f2ng Standard+<\/a><\/p><\/div><div class=\"price-wrapper\">\n<\/div>\t\t<\/div>\n\t<\/div>\n\t\t<\/div>\n<\/div><div class=\"product-small col has-hover product type-product post-555 status-publish first instock product_cat-khach-san product_cat-vin-hotel has-post-thumbnail shipping-taxable product-type-simple\">\n\t<div class=\"col-inner\">\n\t\n<div class=\"badge-container absolute left top z-1\">\n\n<\/div>\n\t<div class=\"product-small box \">\n\t\t<div class=\"box-image\">\n\t\t\t<div class=\"image-fade_in_back\">\n\t\t\t\t<a href=\"https:\/\/doanhnghiepvinhlong.vn\/?product=phong-standard\" aria-label=\"Ph\u00f2ng Standard\">\n\t\t\t\t\t<img loading=\"lazy\" decoding=\"async\" width=\"247\" height=\"296\" src=\"https:\/\/doanhnghiepvinhlong.vn\/wp-content\/uploads\/2024\/05\/1.Phong-Standard-3-247x296.png\" class=\"attachment-woocommerce_thumbnail size-woocommerce_thumbnail\" alt=\"\" \/><img loading=\"lazy\" decoding=\"async\" width=\"247\" height=\"296\" src=\"https:\/\/doanhnghiepvinhlong.vn\/wp-content\/uploads\/2024\/05\/1.Phong-Standard-247x296.png\" class=\"show-on-hover absolute fill hide-for-small back-image\" alt=\"\" \/>\t\t\t\t<\/a>\n\t\t\t<\/div>\n\t\t\t<div class=\"image-tools is-small top right show-on-hover\">\n\t\t\t\t\t\t\t<\/div>\n\t\t\t<div class=\"image-tools is-small hide-for-small bottom left show-on-hover\">\n\t\t\t\t\t\t\t<\/div>\n\t\t\t<div class=\"image-tools grid-tools text-center hide-for-small bottom hover-slide-in show-on-hover\">\n\t\t\t\t  <a class=\"quick-view\" data-prod=\"555\" href=\"#quick-view\">Xem Nhanh<\/a>\t\t\t<\/div>\n\t\t\t\t\t<\/div>\n\n\t\t<div class=\"box-text box-text-products\">\n\t\t\t<div class=\"title-wrapper\">\t\t<p class=\"category uppercase is-smaller no-text-overflow product-cat op-7\">\n\t\t\tKh\u00e1ch s\u1ea1n\t\t<\/p>\n\t<p class=\"name product-title woocommerce-loop-product__title\"><a href=\"https:\/\/doanhnghiepvinhlong.vn\/?product=phong-standard\" class=\"woocommerce-LoopProduct-link woocommerce-loop-product__link\">Ph\u00f2ng Standard<\/a><\/p><\/div><div class=\"price-wrapper\">\n<\/div>\t\t<\/div>\n\t<\/div>\n\t\t<\/div>\n<\/div><\/div>\n<\/div>\n<div id=\"tab_3208032501\" class=\"panel entry-content\" role=\"tabpanel\" aria-labelledby=\"tab-3208032501\">\n<\/div><\/div><\/div>\n\t\t<\/div>\n\t\t\t\t\t<\/div>\n\n\t\n<\/div>\n","protected":false},"excerpt":{"rendered":"<p>C\u00d4NG TY TNHH VIN HOTEL V\u0128NH LONG Ng\u00e0nh ngh\u1ec1 kinh doanh: d\u1ecbch v\u1ee5 l\u01b0u tr\u00fa ng\u1eafn ng\u00e0y (kh\u00e1ch s\u1ea1n) \u0110\/c: S\u1ed1 MG01-03 v\u00e0 MG1-05A \u0111\u01b0\u1eddng Ph\u1ea1m Th\u00e1i B\u01b0\u1eddng, kh\u00f3m 1, Ph\u01b0\u1eddng 4, Th\u00e0nh ph\u1ed1 V\u0129nh Long, T\u1ec9nh V\u0129nh Long, Vi\u1ec7t Nam S\u1ed1 \u0111i\u1ec7n tho\u1ea1i: 0938852200 Email: ksvinhotelvinhlong@gmail.com<\/p>\n","protected":false},"author":1,"featured_media":0,"parent":0,"menu_order":0,"comment_status":"closed","ping_status":"closed","template":"page-blank.php","meta":{"footnotes":""},"class_list":["post-651","page","type-page","status-publish","hentry"],"_links":{"self":[{"href":"https:\/\/doanhnghiepvinhlong.vn\/index.php?rest_route=\/wp\/v2\/pages\/651","targetHints":{"allow":["GET"]}}],"collection":[{"href":"https:\/\/doanhnghiepvinhlong.vn\/index.php?rest_route=\/wp\/v2\/pages"}],"about":[{"href":"https:\/\/doanhnghiepvinhlong.vn\/index.php?rest_route=\/wp\/v2\/types\/page"}],"author":[{"embeddable":true,"href":"https:\/\/doanhnghiepvinhlong.vn\/index.php?rest_route=\/wp\/v2\/users\/1"}],"replies":[{"embeddable":true,"href":"https:\/\/doanhnghiepvinhlong.vn\/index.php?rest_route=%2Fwp%2Fv2%2Fcomments&post=651"}],"version-history":[{"count":2,"href":"https:\/\/doanhnghiepvinhlong.vn\/index.php?rest_route=\/wp\/v2\/pages\/651\/revisions"}],"predecessor-version":[{"id":655,"href":"https:\/\/doanhnghiepvinhlong.vn\/index.php?rest_route=\/wp\/v2\/pages\/651\/revisions\/655"}],"wp:attachment":[{"href":"https:\/\/doanhnghiepvinhlong.vn\/index.php?rest_route=%2Fwp%2Fv2%2Fmedia&parent=651"}],"curies":[{"name":"wp","href":"https:\/\/api.w.org\/{rel}","templated":true}]}}