{"id":643,"date":"2024-05-19T11:34:00","date_gmt":"2024-05-19T11:34:00","guid":{"rendered":"http:\/\/doanhnghiepvinhlong.vn\/?page_id=643"},"modified":"2024-05-19T15:50:16","modified_gmt":"2024-05-19T15:50:16","slug":"gioi-thieu-tu-minh-diamond","status":"publish","type":"page","link":"https:\/\/doanhnghiepvinhlong.vn\/?page_id=643","title":{"rendered":"Gi\u1eddi thi\u1ec7u T\u1eeb Minh Diamond"},"content":{"rendered":"<div class=\"row\"  id=\"row-81918738\">\n\n\t<div id=\"col-684025464\" class=\"col medium-4 small-12 large-4\"  >\n\t\t\t\t<div class=\"col-inner\"  >\n\t\t\t\n\t\t\t\n\t\t<\/div>\n\t\t\t\t\t<\/div>\n\n\t\n\n\t<div id=\"col-1295270096\" class=\"col medium-4 small-12 large-4\"  >\n\t\t\t\t<div class=\"col-inner\"  >\n\t\t\t\n\t\t\t\n\t<div class=\"img has-hover x md-x lg-x y md-y lg-y\" id=\"image_54543005\">\n\t\t\t\t\t\t\t\t<div class=\"img-inner dark\" >\n\t\t\t<img loading=\"lazy\" decoding=\"async\" width=\"223\" height=\"148\" src=\"https:\/\/doanhnghiepvinhlong.vn\/wp-content\/uploads\/2024\/05\/16.png\" class=\"attachment-original size-original\" alt=\"\" \/>\t\t\t\t\t\t\n\t\t\t\t\t<\/div>\n\t\t\t\t\t\t\t\t\n<style>\n#image_54543005 {\n  width: 100%;\n}\n<\/style>\n\t<\/div>\n\t\n\t\t<\/div>\n\t\t\t\t\t<\/div>\n\n\t\n\n\t<div id=\"col-169463016\" class=\"col medium-4 small-12 large-4\"  >\n\t\t\t\t<div class=\"col-inner\"  >\n\t\t\t\n\t\t\t\n\t\t<\/div>\n\t\t\t\t\t<\/div>\n\n\t\n<\/div>\n<p style=\"text-align: center;\"><span style=\"font-size: 150%; color: #007170;\"><strong>C\u00d4NG TY T\u1eea MINH DIAMOND<\/strong><\/span><\/p>\n<div id=\"input_line_1\" style=\"text-align: center;\"><span id=\"input_part_0\" class=\"\" data-mention=\"\u0110\/c: 179 \u1ea4p Long H\u00f2a \u2013 L\u1ed9c H\u00f2a \u2013 Long H\u1ed3 - V\u0129nh Long\">\u0110\/c: S\u1ed0 22, Ho\u00e0ng Th\u00e1i Hi\u1ebfu, Ph\u01b0\u1eddng 1, Th\u00e0nh ph\u1ed1 V\u0129nh Long, T\u1ec9nh V\u0129nh Long, Vi\u1ec7t Nam<\/span><\/div>\n<div id=\"input_line_2\" style=\"text-align: center;\"><span id=\"input_part_0\" class=\"\" data-mention=\"\u0110T: 02703 957 079  - 02703 79 79 79 \u2013 Zalo: 088.99999.39\">\u0110T: 0907470044<\/span><span id=\"input_part_0\" class=\"\" data-mention=\"Website: phuocthanhiv.com.vn\t\"> <\/span><\/div>\n<div id=\"input_line_4\" style=\"text-align: center;\"><span id=\"input_part_0\" class=\"\" data-mention=\"Email: phuocthanhiv@gmail.com\t\">Email: Tiemvangtuminh.diamonds@gmail.com<\/span><\/div>\n<div class=\"row\" style=\"max-width:1200px\" id=\"row-406371865\">\n\n\t<div id=\"col-901997819\" class=\"col small-12 large-12\"  >\n\t\t\t\t<div class=\"col-inner\"  >\n\t\t\t\n\t\t\t\n\n\t\t<div class=\"tabbed-content\">\n\t\t\t\n\t\t\t<ul class=\"nav nav-pills nav-uppercase nav-size-normal nav-left\" role=\"tablist\"><li id=\"tab-gi\u1edbi-thi\u1ec7u-doanh-nghi\u1ec7p\" class=\"tab active has-icon\" role=\"presentation\"><a href=\"#tab_gi\u1edbi-thi\u1ec7u-doanh-nghi\u1ec7p\" role=\"tab\" aria-selected=\"true\" aria-controls=\"tab_gi\u1edbi-thi\u1ec7u-doanh-nghi\u1ec7p\"><span>gi\u1edbi thi\u1ec7u doanh nghi\u1ec7p<\/span><\/a><\/li>\n<li id=\"tab-gi\u1edbi-thi\u1ec7u-s\u1ea3n-ph\u1ea9m\" class=\"tab has-icon\" role=\"presentation\"><a href=\"#tab_gi\u1edbi-thi\u1ec7u-s\u1ea3n-ph\u1ea9m\" tabindex=\"-1\" role=\"tab\" aria-selected=\"false\" aria-controls=\"tab_gi\u1edbi-thi\u1ec7u-s\u1ea3n-ph\u1ea9m\"><span>gi\u1edbi thi\u1ec7u s\u1ea3n ph\u1ea9m<\/span><\/a><\/li>\n<li id=\"tab-2874088500\" class=\"tab has-icon\" role=\"presentation\"><a href=\"#tab_2874088500\" tabindex=\"-1\" role=\"tab\" aria-selected=\"false\" aria-controls=\"tab_2874088500\"><span><\/span><\/a><\/li><\/ul><div class=\"tab-panels\"><div id=\"tab_gi\u1edbi-thi\u1ec7u-doanh-nghi\u1ec7p\" class=\"panel active entry-content\" role=\"tabpanel\" aria-labelledby=\"tab-gi\u1edbi-thi\u1ec7u-doanh-nghi\u1ec7p\">\n<p>C\u00f4ng ty T\u1eeb Minh Diamond c\u1ee7a ch\u00fang t\u00f4i \u0111\u00e3 \u0111\u01b0\u1ee3c h\u00ecnh th\u00e0nh v\u00e0 ph\u00e1t tri\u1ec3n t\u1eeb h\u01a1n 35 n\u0103m tr\u01b0\u1edbc. Trong kho\u1ea3ng th\u1eddi gian d\u00e0i \u0111\u00f3 \u0111\u00e3 ghi d\u1ea5u t\u1ea5t c\u1ea3 qu\u00e1 tr\u00ecnh ph\u00e1t tri\u1ec3n c\u0169ng nh\u01b0 nh\u1eefng kh\u00f3 kh\u0103n v\u00e0 th\u0103ng tr\u1ea7m m\u00e0 C\u00f4ng ty \u0111\u00e3 tr\u1ea3i qua, kh\u00f4ng d\u1eebng l\u1ea1i \u1edf \u0111\u00f3 C\u00f4ng ty lu\u00f4n thay \u0111\u1ed5i \u0111\u1ec3 th\u00edch nghi v\u1edbi x\u00e3 h\u1ed9i hi\u1ec7n \u0111\u1ea1i ng\u00e0y nay.<\/p>\n<p>T\u1eeb khi m\u1edbi th\u00e0nh l\u1eadp, C\u00f4ng ty T\u1eeb Minh Diamond ch\u1ec9 l\u00e0 m\u1ed9t kiot n\u1eb1m \u1edf v\u1ecb tr\u00ed nh\u1ecf h\u1eb9p trong khu v\u1ef1c ch\u1ee3 V\u0129nh Long. \u0110\u1ec3 c\u00f3 th\u1ec3 c\u1ea1nh tranh v\u00e0 t\u1ed3n t\u1ea1i v\u1edbi nh\u1eefng Ti\u1ec7m v\u00e0ng l\u1edbn h\u01a1n, c\u00f3 t\u00ean tu\u1ed5i t\u1eeb l\u00e2u th\u00ec \u0111\u00f3 l\u00e0 m\u1ed9t th\u1eed th\u00e1ch kh\u00f4ng h\u1ec1 nh\u1ecf cho C\u00f4ng ty ch\u00fang t\u00f4i.<\/p>\n<p>C\u00f4ng ty lu\u00f4n cho ra nh\u1eefng m\u1eabu trang s\u1ee9c \u0111a d\u1ea1ng, tinh x\u1ea3o, \u0111\u00e1p \u1ee9ng th\u1ecb hi\u1ebfu th\u1ea9m m\u1ef9 c\u0169ng nh\u01b0 xu h\u01b0\u1edbng th\u1ecb tr\u01b0\u1eddng ti\u00eau d\u00f9ng trang s\u1ee9c trong n\u01b0\u1edbc. V\u00e0 \u0111\u1ea9y m\u1ea1nh x\u00e2y d\u1ef1ng c\u01a1 s\u1edf h\u1ea1 t\u1ea7ng, \u0111\u1ea7u t\u01b0 trang thi\u1ebft b\u1ecb hi\u1ec7n \u0111\u1ea1i ph\u1ee5c v\u1ee5 cho ch\u1ea5t l\u01b0\u1ee3ng mua b\u00e1n v\u00e0 c\u00e2n \u0111o ch\u00ednh x\u00e1c, th\u01b0\u01a1ng hi\u1ec7u r\u00f5 r\u00e0ng theo ti\u00eau chu\u1ea9n c\u1ee7a Nh\u00e0 n\u01b0\u1edbc.<\/p>\n<p>T\u1eeb nh\u1eefng ti\u00eau ch\u00ed \u0111\u1eb7t ra, m\u1ed7i n\u0103m C\u00f4ng ty T\u1eeb Minh Diamond kh\u00f4ng ng\u1eebng h\u1ecdc h\u1ecfi, s\u00e1ng t\u1ea1o \u0111\u1ec3 cho ra \u0111\u1eddi nh\u1eefng s\u1ea3n ph\u1ea9m ch\u1ea5t l\u01b0\u1ee3ng \u0111\u00fang tu\u1ed5i v\u00e0ng. \u0110\u1eb7c bi\u1ec7t m\u1ed7i s\u1ea3n ph\u1ea9m trang s\u1ee9c lu\u00f4n c\u00f3 m\u1ed9t v\u1ebb \u0111\u1eb9p tinh t\u1ebf, \u0111\u1ed9c \u0111\u00e1o n\u00f3i l\u00ean m\u1ed9t ph\u1ea7n \u0111\u1eb3ng c\u1ea5p v\u00e0 s\u1ef1 sang tr\u1ecdng c\u1ee7a ng\u01b0\u1eddi ti\u00eau d\u00f9ng. T\u1eeb nh\u1eefng trang s\u1ee9c c\u1ed5 \u0111i\u1ec3n, truy\u1ec1n th\u1ed1ng l\u00e0m b\u1eb1ng ng\u1ecdc trai, c\u1ea9m th\u1ea1ch ph\u00f9 h\u1ee3p v\u1edbi phong c\u00e1ch c\u1ee7a nh\u1eefng qu\u00fd b\u00e0, qu\u00fd \u00f4ng th\u00ec C\u00f4ng ty c\u00f2n ch\u00fa \u00fd \u0111\u1ebfn s\u1ef1 \u0111a d\u1ea1ng h\u00f3a s\u1ea3n ph\u1ea9m b\u1eb1ng v\u00e0ng 17k, v\u00e0ng tr\u1eafng, kim c\u01b0\u01a1ng, \u0111\u00e1 qu\u00fd c\u00f3 ki\u1ec3u d\u00e1ng, gi\u00e1 th\u00e0nh ph\u00f9 h\u1ee3p v\u1edbi nhi\u1ec1u nhu c\u1ea7u s\u1eed d\u1ee5ng \u0111\u1ed9 tu\u1ed5i v\u00e0 phong c\u00e1ch kh\u00e1c nhau c\u1ee7a t\u1eebng nh\u00f3m kh\u00e1ch h\u00e0ng. Phong c\u00e1ch l\u00e3ng m\u1ea1n, ng\u1ecdt ng\u00e0o, sang tr\u1ecdng, qu\u00fd ph\u00e1i, c\u00e1 t\u00ednh s\u00e0nh \u0111i\u1ec7u trong t\u1eebng b\u1ed9 trang s\u1ee9c \u0111\u01b0\u1ee3c ch\u00fang t\u00f4i khai th\u00e1c tri\u1ec7t \u0111\u1ec3 nh\u1eb1m t\u00f4n vinh n\u00e9t \u0111\u1eb9p c\u1ee7a ch\u1ee7 s\u1edf h\u1eefu.<\/p>\n<p>V\u1edbi quan \u0111i\u1ec3m ngay t\u1eeb \u0111\u1ea7u, \u201cUy t\u00edn\u201d v\u00e0 \u201cCh\u1ea5t l\u01b0\u1ee3ng\u201d l\u00e0 ti\u00eau ch\u00ed s\u1ed1 1 quy\u1ebft \u0111\u1ecbnh sinh t\u1ed3n l\u00e0m n\u00ean th\u01b0\u01a1ng hi\u1ec7u c\u1ee7a C\u00f4ng ty T\u1eeb Minh Diamond. <br \/>C\u00f4ng ty r\u1ea5t tr\u00e2n qu\u00fd s\u1ef1 tin t\u01b0\u1edfng v\u00e0 \u1ee7ng h\u1ed9 c\u1ee7a Qu\u00fd kh\u00e1ch h\u00e0ng trong su\u1ed1t th\u1eddi gian qua, l\u00e0 ngu\u1ed3n \u0111\u1ed9ng l\u1ef1c to l\u1edbn tr\u00ean b\u01b0\u1edbc \u0111\u01b0\u1eddng ph\u00e1t tri\u1ec3n c\u1ee7a C\u00f4ng ty. C\u00f4ng ty T\u1eeb Minh Diamond ch\u00fang t\u00f4i xin h\u1ee9a s\u1ebd kh\u00f4ng ng\u1eebng ph\u00e1t tri\u1ec3n, kh\u00f4ng ng\u1eebng ho\u00e0n thi\u1ec7n, ph\u1ee5c v\u1ee5 kh\u00e1ch h\u00e0ng m\u1ed9t c\u00e1ch t\u1ed1t nh\u1ea5t \u0111\u1ec3 lu\u00f4n x\u1ee9ng \u0111\u00e1ng v\u1edbi ni\u1ec1m tin m\u00e0 kh\u00e1ch h\u00e0ng \u0111\u00e3 d\u00e0nh cho ch\u00fang t\u00f4i.<\/p>\n<\/div>\n<div id=\"tab_gi\u1edbi-thi\u1ec7u-s\u1ea3n-ph\u1ea9m\" class=\"panel entry-content\" role=\"tabpanel\" aria-labelledby=\"tab-gi\u1edbi-thi\u1ec7u-s\u1ea3n-ph\u1ea9m\">\n\t\n  \n    <div class=\"row large-columns-4 medium-columns-3 small-columns-2 row-small\" >\n  \n\t     <div class=\"product-small col has-hover product type-product post-597 status-publish first instock product_cat-trang-suc product_cat-tu-minh-diamond has-post-thumbnail shipping-taxable product-type-simple\">\n\t<div class=\"col-inner\">\n\t\n<div class=\"badge-container absolute left top z-1\">\n\n<\/div>\n\t<div class=\"product-small box \">\n\t\t<div class=\"box-image\">\n\t\t\t<div class=\"image-fade_in_back\">\n\t\t\t\t<a href=\"https:\/\/doanhnghiepvinhlong.vn\/?product=mat-chuyen-dong-dieu-cam-thach-tam-kim-cuong\" aria-label=\"M\u1eb7t chuy\u1ec1n \u0111\u1ed3ng \u0111i\u1ebfu c\u1ea9m th\u1ea1ch t\u1ea5m kim c\u01b0\u01a1ng\">\n\t\t\t\t\t<img loading=\"lazy\" decoding=\"async\" width=\"247\" height=\"296\" src=\"https:\/\/doanhnghiepvinhlong.vn\/wp-content\/uploads\/2024\/05\/1.-Mat-chuyen-dong-dieu-cam-thach-tam-kim-cuong-247x296.png\" class=\"attachment-woocommerce_thumbnail size-woocommerce_thumbnail\" alt=\"\" \/>\t\t\t\t<\/a>\n\t\t\t<\/div>\n\t\t\t<div class=\"image-tools is-small top right show-on-hover\">\n\t\t\t\t\t\t\t<\/div>\n\t\t\t<div class=\"image-tools is-small hide-for-small bottom left show-on-hover\">\n\t\t\t\t\t\t\t<\/div>\n\t\t\t<div class=\"image-tools grid-tools text-center hide-for-small bottom hover-slide-in show-on-hover\">\n\t\t\t\t  <a class=\"quick-view\" data-prod=\"597\" href=\"#quick-view\">Xem Nhanh<\/a>\t\t\t<\/div>\n\t\t\t\t\t<\/div>\n\n\t\t<div class=\"box-text box-text-products\">\n\t\t\t<div class=\"title-wrapper\">\t\t<p class=\"category uppercase is-smaller no-text-overflow product-cat op-7\">\n\t\t\tTrang S\u1ee9c\t\t<\/p>\n\t<p class=\"name product-title woocommerce-loop-product__title\"><a href=\"https:\/\/doanhnghiepvinhlong.vn\/?product=mat-chuyen-dong-dieu-cam-thach-tam-kim-cuong\" class=\"woocommerce-LoopProduct-link woocommerce-loop-product__link\">M\u1eb7t chuy\u1ec1n \u0111\u1ed3ng \u0111i\u1ebfu c\u1ea9m th\u1ea1ch t\u1ea5m kim c\u01b0\u01a1ng<\/a><\/p><\/div><div class=\"price-wrapper\">\n<\/div>\t\t<\/div>\n\t<\/div>\n\t\t<\/div>\n<\/div><div class=\"product-small col has-hover product type-product post-596 status-publish instock product_cat-trang-suc product_cat-tu-minh-diamond has-post-thumbnail shipping-taxable product-type-simple\">\n\t<div class=\"col-inner\">\n\t\n<div class=\"badge-container absolute left top z-1\">\n\n<\/div>\n\t<div class=\"product-small box \">\n\t\t<div class=\"box-image\">\n\t\t\t<div class=\"image-fade_in_back\">\n\t\t\t\t<a href=\"https:\/\/doanhnghiepvinhlong.vn\/?product=vo-nhan-xoan-nam\" aria-label=\"V\u1ecf nh\u1eabn xo\u00e0n nam\">\n\t\t\t\t\t<img loading=\"lazy\" decoding=\"async\" width=\"247\" height=\"296\" src=\"https:\/\/doanhnghiepvinhlong.vn\/wp-content\/uploads\/2024\/05\/2.-Vo-nhan-xoan-nam-247x296.png\" class=\"attachment-woocommerce_thumbnail size-woocommerce_thumbnail\" alt=\"\" \/>\t\t\t\t<\/a>\n\t\t\t<\/div>\n\t\t\t<div class=\"image-tools is-small top right show-on-hover\">\n\t\t\t\t\t\t\t<\/div>\n\t\t\t<div class=\"image-tools is-small hide-for-small bottom left show-on-hover\">\n\t\t\t\t\t\t\t<\/div>\n\t\t\t<div class=\"image-tools grid-tools text-center hide-for-small bottom hover-slide-in show-on-hover\">\n\t\t\t\t  <a class=\"quick-view\" data-prod=\"596\" href=\"#quick-view\">Xem Nhanh<\/a>\t\t\t<\/div>\n\t\t\t\t\t<\/div>\n\n\t\t<div class=\"box-text box-text-products\">\n\t\t\t<div class=\"title-wrapper\">\t\t<p class=\"category uppercase is-smaller no-text-overflow product-cat op-7\">\n\t\t\tTrang S\u1ee9c\t\t<\/p>\n\t<p class=\"name product-title woocommerce-loop-product__title\"><a href=\"https:\/\/doanhnghiepvinhlong.vn\/?product=vo-nhan-xoan-nam\" class=\"woocommerce-LoopProduct-link woocommerce-loop-product__link\">V\u1ecf nh\u1eabn xo\u00e0n nam<\/a><\/p><\/div><div class=\"price-wrapper\">\n<\/div>\t\t<\/div>\n\t<\/div>\n\t\t<\/div>\n<\/div><div class=\"product-small col has-hover product type-product post-595 status-publish last instock product_cat-trang-suc product_cat-tu-minh-diamond has-post-thumbnail shipping-taxable product-type-simple\">\n\t<div class=\"col-inner\">\n\t\n<div class=\"badge-container absolute left top z-1\">\n\n<\/div>\n\t<div class=\"product-small box \">\n\t\t<div class=\"box-image\">\n\t\t\t<div class=\"image-fade_in_back\">\n\t\t\t\t<a href=\"https:\/\/doanhnghiepvinhlong.vn\/?product=day-xoan-kieu-vang-17k\" aria-label=\"D\u00e2y xo\u1eafn ki\u1ec3u v\u00e0ng 17k\">\n\t\t\t\t\t<img loading=\"lazy\" decoding=\"async\" width=\"247\" height=\"296\" src=\"https:\/\/doanhnghiepvinhlong.vn\/wp-content\/uploads\/2024\/05\/3.-Day-xoan-kieu-vang-17k-247x296.png\" class=\"attachment-woocommerce_thumbnail size-woocommerce_thumbnail\" alt=\"\" \/>\t\t\t\t<\/a>\n\t\t\t<\/div>\n\t\t\t<div class=\"image-tools is-small top right show-on-hover\">\n\t\t\t\t\t\t\t<\/div>\n\t\t\t<div class=\"image-tools is-small hide-for-small bottom left show-on-hover\">\n\t\t\t\t\t\t\t<\/div>\n\t\t\t<div class=\"image-tools grid-tools text-center hide-for-small bottom hover-slide-in show-on-hover\">\n\t\t\t\t  <a class=\"quick-view\" data-prod=\"595\" href=\"#quick-view\">Xem Nhanh<\/a>\t\t\t<\/div>\n\t\t\t\t\t<\/div>\n\n\t\t<div class=\"box-text box-text-products\">\n\t\t\t<div class=\"title-wrapper\">\t\t<p class=\"category uppercase is-smaller no-text-overflow product-cat op-7\">\n\t\t\tTrang S\u1ee9c\t\t<\/p>\n\t<p class=\"name product-title woocommerce-loop-product__title\"><a href=\"https:\/\/doanhnghiepvinhlong.vn\/?product=day-xoan-kieu-vang-17k\" class=\"woocommerce-LoopProduct-link woocommerce-loop-product__link\">D\u00e2y xo\u1eafn ki\u1ec3u v\u00e0ng 17k<\/a><\/p><\/div><div class=\"price-wrapper\">\n<\/div>\t\t<\/div>\n\t<\/div>\n\t\t<\/div>\n<\/div><div class=\"product-small col has-hover product type-product post-593 status-publish first instock product_cat-trang-suc product_cat-tu-minh-diamond has-post-thumbnail shipping-taxable product-type-simple\">\n\t<div class=\"col-inner\">\n\t\n<div class=\"badge-container absolute left top z-1\">\n\n<\/div>\n\t<div class=\"product-small box \">\n\t\t<div class=\"box-image\">\n\t\t\t<div class=\"image-fade_in_back\">\n\t\t\t\t<a href=\"https:\/\/doanhnghiepvinhlong.vn\/?product=nhan-nam-phat-tai-vang-17k\" aria-label=\"Nh\u1eabn nam \u201cPh\u00e1t T\u00e0i\u201d v\u00e0ng 17k\">\n\t\t\t\t\t<img loading=\"lazy\" decoding=\"async\" width=\"247\" height=\"296\" src=\"https:\/\/doanhnghiepvinhlong.vn\/wp-content\/uploads\/2024\/05\/4.-Nhan-nam-Phat-Tai-vang-17k-247x296.png\" class=\"attachment-woocommerce_thumbnail size-woocommerce_thumbnail\" alt=\"\" \/>\t\t\t\t<\/a>\n\t\t\t<\/div>\n\t\t\t<div class=\"image-tools is-small top right show-on-hover\">\n\t\t\t\t\t\t\t<\/div>\n\t\t\t<div class=\"image-tools is-small hide-for-small bottom left show-on-hover\">\n\t\t\t\t\t\t\t<\/div>\n\t\t\t<div class=\"image-tools grid-tools text-center hide-for-small bottom hover-slide-in show-on-hover\">\n\t\t\t\t  <a class=\"quick-view\" data-prod=\"593\" href=\"#quick-view\">Xem Nhanh<\/a>\t\t\t<\/div>\n\t\t\t\t\t<\/div>\n\n\t\t<div class=\"box-text box-text-products\">\n\t\t\t<div class=\"title-wrapper\">\t\t<p class=\"category uppercase is-smaller no-text-overflow product-cat op-7\">\n\t\t\tTrang S\u1ee9c\t\t<\/p>\n\t<p class=\"name product-title woocommerce-loop-product__title\"><a href=\"https:\/\/doanhnghiepvinhlong.vn\/?product=nhan-nam-phat-tai-vang-17k\" class=\"woocommerce-LoopProduct-link woocommerce-loop-product__link\">Nh\u1eabn nam \u201cPh\u00e1t T\u00e0i\u201d v\u00e0ng 17k<\/a><\/p><\/div><div class=\"price-wrapper\">\n<\/div>\t\t<\/div>\n\t<\/div>\n\t\t<\/div>\n<\/div><div class=\"product-small col has-hover product type-product post-594 status-publish instock product_cat-trang-suc product_cat-tu-minh-diamond has-post-thumbnail shipping-taxable product-type-simple\">\n\t<div class=\"col-inner\">\n\t\n<div class=\"badge-container absolute left top z-1\">\n\n<\/div>\n\t<div class=\"product-small box \">\n\t\t<div class=\"box-image\">\n\t\t\t<div class=\"image-fade_in_back\">\n\t\t\t\t<a href=\"https:\/\/doanhnghiepvinhlong.vn\/?product=vong-charm-vang-trang-750\" aria-label=\"V\u00f2ng Charm v\u00e0ng tr\u1eafng 750\">\n\t\t\t\t\t<img loading=\"lazy\" decoding=\"async\" width=\"247\" height=\"296\" src=\"https:\/\/doanhnghiepvinhlong.vn\/wp-content\/uploads\/2024\/05\/5.-Vong-Charm-vang-trang-750-247x296.png\" class=\"attachment-woocommerce_thumbnail size-woocommerce_thumbnail\" alt=\"\" \/>\t\t\t\t<\/a>\n\t\t\t<\/div>\n\t\t\t<div class=\"image-tools is-small top right show-on-hover\">\n\t\t\t\t\t\t\t<\/div>\n\t\t\t<div class=\"image-tools is-small hide-for-small bottom left show-on-hover\">\n\t\t\t\t\t\t\t<\/div>\n\t\t\t<div class=\"image-tools grid-tools text-center hide-for-small bottom hover-slide-in show-on-hover\">\n\t\t\t\t  <a class=\"quick-view\" data-prod=\"594\" href=\"#quick-view\">Xem Nhanh<\/a>\t\t\t<\/div>\n\t\t\t\t\t<\/div>\n\n\t\t<div class=\"box-text box-text-products\">\n\t\t\t<div class=\"title-wrapper\">\t\t<p class=\"category uppercase is-smaller no-text-overflow product-cat op-7\">\n\t\t\tTrang S\u1ee9c\t\t<\/p>\n\t<p class=\"name product-title woocommerce-loop-product__title\"><a href=\"https:\/\/doanhnghiepvinhlong.vn\/?product=vong-charm-vang-trang-750\" class=\"woocommerce-LoopProduct-link woocommerce-loop-product__link\">V\u00f2ng Charm v\u00e0ng tr\u1eafng 750<\/a><\/p><\/div><div class=\"price-wrapper\">\n<\/div>\t\t<\/div>\n\t<\/div>\n\t\t<\/div>\n<\/div><div class=\"product-small col has-hover product type-product post-586 status-publish last instock product_cat-trang-suc product_cat-tu-minh-diamond has-post-thumbnail shipping-taxable product-type-simple\">\n\t<div class=\"col-inner\">\n\t\n<div class=\"badge-container absolute left top z-1\">\n\n<\/div>\n\t<div class=\"product-small box \">\n\t\t<div class=\"box-image\">\n\t\t\t<div class=\"image-fade_in_back\">\n\t\t\t\t<a href=\"https:\/\/doanhnghiepvinhlong.vn\/?product=bong-tai-8-canh-vang-trang-750\" aria-label=\"B\u00f4ng tai 8 c\u00e1nh v\u00e0ng tr\u1eafng 750\">\n\t\t\t\t\t<img loading=\"lazy\" decoding=\"async\" width=\"247\" height=\"296\" src=\"https:\/\/doanhnghiepvinhlong.vn\/wp-content\/uploads\/2024\/05\/6.-Bong-tai-8-canh-vang-trang-750-247x296.png\" class=\"attachment-woocommerce_thumbnail size-woocommerce_thumbnail\" alt=\"\" \/>\t\t\t\t<\/a>\n\t\t\t<\/div>\n\t\t\t<div class=\"image-tools is-small top right show-on-hover\">\n\t\t\t\t\t\t\t<\/div>\n\t\t\t<div class=\"image-tools is-small hide-for-small bottom left show-on-hover\">\n\t\t\t\t\t\t\t<\/div>\n\t\t\t<div class=\"image-tools grid-tools text-center hide-for-small bottom hover-slide-in show-on-hover\">\n\t\t\t\t  <a class=\"quick-view\" data-prod=\"586\" href=\"#quick-view\">Xem Nhanh<\/a>\t\t\t<\/div>\n\t\t\t\t\t<\/div>\n\n\t\t<div class=\"box-text box-text-products\">\n\t\t\t<div class=\"title-wrapper\">\t\t<p class=\"category uppercase is-smaller no-text-overflow product-cat op-7\">\n\t\t\tTrang S\u1ee9c\t\t<\/p>\n\t<p class=\"name product-title woocommerce-loop-product__title\"><a href=\"https:\/\/doanhnghiepvinhlong.vn\/?product=bong-tai-8-canh-vang-trang-750\" class=\"woocommerce-LoopProduct-link woocommerce-loop-product__link\">B\u00f4ng tai 8 c\u00e1nh v\u00e0ng tr\u1eafng 750<\/a><\/p><\/div><div class=\"price-wrapper\">\n<\/div>\t\t<\/div>\n\t<\/div>\n\t\t<\/div>\n<\/div><\/div>\n<\/div>\n<div id=\"tab_2874088500\" class=\"panel entry-content\" role=\"tabpanel\" aria-labelledby=\"tab-2874088500\">\n<\/div><\/div><\/div>\n\t\t<\/div>\n\t\t\t\t\t<\/div>\n\n\t\n<\/div>\n","protected":false},"excerpt":{"rendered":"<p>C\u00d4NG TY T\u1eea MINH DIAMOND \u0110\/c: S\u1ed0 22, Ho\u00e0ng Th\u00e1i Hi\u1ebfu, Ph\u01b0\u1eddng 1, Th\u00e0nh ph\u1ed1 V\u0129nh Long, T\u1ec9nh V\u0129nh Long, Vi\u1ec7t Nam \u0110T: 0907470044 Email: Tiemvangtuminh.diamonds@gmail.com<\/p>\n","protected":false},"author":1,"featured_media":0,"parent":0,"menu_order":0,"comment_status":"closed","ping_status":"closed","template":"page-blank.php","meta":{"footnotes":""},"class_list":["post-643","page","type-page","status-publish","hentry"],"_links":{"self":[{"href":"https:\/\/doanhnghiepvinhlong.vn\/index.php?rest_route=\/wp\/v2\/pages\/643","targetHints":{"allow":["GET"]}}],"collection":[{"href":"https:\/\/doanhnghiepvinhlong.vn\/index.php?rest_route=\/wp\/v2\/pages"}],"about":[{"href":"https:\/\/doanhnghiepvinhlong.vn\/index.php?rest_route=\/wp\/v2\/types\/page"}],"author":[{"embeddable":true,"href":"https:\/\/doanhnghiepvinhlong.vn\/index.php?rest_route=\/wp\/v2\/users\/1"}],"replies":[{"embeddable":true,"href":"https:\/\/doanhnghiepvinhlong.vn\/index.php?rest_route=%2Fwp%2Fv2%2Fcomments&post=643"}],"version-history":[{"count":3,"href":"https:\/\/doanhnghiepvinhlong.vn\/index.php?rest_route=\/wp\/v2\/pages\/643\/revisions"}],"predecessor-version":[{"id":646,"href":"https:\/\/doanhnghiepvinhlong.vn\/index.php?rest_route=\/wp\/v2\/pages\/643\/revisions\/646"}],"wp:attachment":[{"href":"https:\/\/doanhnghiepvinhlong.vn\/index.php?rest_route=%2Fwp%2Fv2%2Fmedia&parent=643"}],"curies":[{"name":"wp","href":"https:\/\/api.w.org\/{rel}","templated":true}]}}