{"id":627,"date":"2024-05-16T13:09:53","date_gmt":"2024-05-16T13:09:53","guid":{"rendered":"http:\/\/doanhnghiepvinhlong.vn\/?page_id=627"},"modified":"2024-05-16T13:50:11","modified_gmt":"2024-05-16T13:50:11","slug":"gioi-thieu-phuoc-thanh-iv","status":"publish","type":"page","link":"https:\/\/doanhnghiepvinhlong.vn\/?page_id=627","title":{"rendered":"Gi\u1edbi thi\u1ec7u Ph\u01b0\u1edbc Th\u00e0nh IV"},"content":{"rendered":"<div class=\"row\"  id=\"row-1431239943\">\n\n\t<div id=\"col-1318532810\" class=\"col medium-4 small-12 large-4\"  >\n\t\t\t\t<div class=\"col-inner\"  >\n\t\t\t\n\t\t\t\n\t\t<\/div>\n\t\t\t\t\t<\/div>\n\n\t\n\n\t<div id=\"col-334908133\" class=\"col medium-4 small-12 large-4\"  >\n\t\t\t\t<div class=\"col-inner\"  >\n\t\t\t\n\t\t\t\n\t<div class=\"img has-hover x md-x lg-x y md-y lg-y\" id=\"image_1639841032\">\n\t\t\t\t\t\t\t\t<div class=\"img-inner dark\" >\n\t\t\t<img loading=\"lazy\" decoding=\"async\" width=\"223\" height=\"148\" src=\"https:\/\/doanhnghiepvinhlong.vn\/wp-content\/uploads\/2024\/05\/1-1.png\" class=\"attachment-original size-original\" alt=\"\" \/>\t\t\t\t\t\t\n\t\t\t\t\t<\/div>\n\t\t\t\t\t\t\t\t\n<style>\n#image_1639841032 {\n  width: 100%;\n}\n<\/style>\n\t<\/div>\n\t\n\t\t<\/div>\n\t\t\t\t\t<\/div>\n\n\t\n\n\t<div id=\"col-1679939183\" class=\"col medium-4 small-12 large-4\"  >\n\t\t\t\t<div class=\"col-inner\"  >\n\t\t\t\n\t\t\t\n\t\t<\/div>\n\t\t\t\t\t<\/div>\n\n\t\n<\/div>\n<p style=\"text-align: center;\"><span style=\"font-size: 150%; color: #007170;\"><strong>C\u00d4NG TY TNHH SX-TM PH\u01af\u1edaC TH\u00c0NH IV<\/strong><\/span><\/p>\n<div id=\"input_line_1\" style=\"text-align: center;\"><span id=\"input_part_0\" class=\"\" data-mention=\"\u0110\/c: 179 \u1ea4p Long H\u00f2a \u2013 L\u1ed9c H\u00f2a \u2013 Long H\u1ed3 - V\u0129nh Long\">\u0110\/c: 179 \u1ea4p Long H\u00f2a \u2013 L\u1ed9c H\u00f2a \u2013 Long H\u1ed3 &#8211; V\u0129nh Long<\/span><\/div>\n<div id=\"input_line_2\" style=\"text-align: center;\"><span id=\"input_part_0\" class=\"\" data-mention=\"\u0110T: 02703 957 079  - 02703 79 79 79 \u2013 Zalo: 088.99999.39\">\u0110T: 02703 957 079 &#8211; 02703 79 79 79 \u2013 Zalo: 088.99999.39<\/span><\/div>\n<div id=\"input_line_3\" style=\"text-align: center;\"><span id=\"input_part_0\" class=\"\" data-mention=\"Website: phuocthanhiv.com.vn\t\">Website: phuocthanhiv.com.vn <\/span><\/div>\n<div id=\"input_line_4\" style=\"text-align: center;\"><span id=\"input_part_0\" class=\"\" data-mention=\"Email: phuocthanhiv@gmail.com\t\">Email: phuocthanhiv@gmail.com <\/span><\/div>\n<div class=\"row\" style=\"max-width:1200px\" id=\"row-2057901861\">\n\n\t<div id=\"col-533561479\" class=\"col small-12 large-12\"  >\n\t\t\t\t<div class=\"col-inner\"  >\n\t\t\t\n\t\t\t\n\n\t\t<div class=\"tabbed-content\">\n\t\t\t\n\t\t\t<ul class=\"nav nav-pills nav-uppercase nav-size-normal nav-left\" role=\"tablist\"><li id=\"tab-gi\u1edbi-thi\u1ec7u-doanh-nghi\u1ec7p\" class=\"tab active has-icon\" role=\"presentation\"><a href=\"#tab_gi\u1edbi-thi\u1ec7u-doanh-nghi\u1ec7p\" role=\"tab\" aria-selected=\"true\" aria-controls=\"tab_gi\u1edbi-thi\u1ec7u-doanh-nghi\u1ec7p\"><span>gi\u1edbi thi\u1ec7u doanh nghi\u1ec7p<\/span><\/a><\/li>\n<li id=\"tab-gi\u1edbi-thi\u1ec7u-s\u1ea3n-ph\u1ea9m\" class=\"tab has-icon\" role=\"presentation\"><a href=\"#tab_gi\u1edbi-thi\u1ec7u-s\u1ea3n-ph\u1ea9m\" tabindex=\"-1\" role=\"tab\" aria-selected=\"false\" aria-controls=\"tab_gi\u1edbi-thi\u1ec7u-s\u1ea3n-ph\u1ea9m\"><span>gi\u1edbi thi\u1ec7u s\u1ea3n ph\u1ea9m<\/span><\/a><\/li>\n<li id=\"tab-2285124277\" class=\"tab has-icon\" role=\"presentation\"><a href=\"#tab_2285124277\" tabindex=\"-1\" role=\"tab\" aria-selected=\"false\" aria-controls=\"tab_2285124277\"><span><\/span><\/a><\/li><\/ul><div class=\"tab-panels\"><div id=\"tab_gi\u1edbi-thi\u1ec7u-doanh-nghi\u1ec7p\" class=\"panel active entry-content\" role=\"tabpanel\" aria-labelledby=\"tab-gi\u1edbi-thi\u1ec7u-doanh-nghi\u1ec7p\">\n<p>C\u00f4ng ty TNHH SX-TM Ph\u01b0\u1edbc Th\u00e0nh IV l\u00e0 m\u1ed9t doanh nghi\u1ec7p uy t\u00edn trong ng\u00e0nh ch\u1ebf bi\u1ebfn, s\u1ea3n xu\u1ea5t, th\u01b0\u01a1ng m\u1ea1i L\u01b0\u01a1ng th\u1ef1c- Th\u1ef1c ph\u1ea9m (G\u1ea1o- T\u1ea5m- C\u00e1m). Ch\u00fang t\u00f4i t\u1ef1 h\u00e0o \u0111\u01b0\u1ee3c th\u00e0nh l\u1eadp v\u00e0o n\u0103m 1994 v\u00e0 \u0111\u00e3 tr\u1ea3i qua h\u00e0nh tr\u00ecnh h\u01a1n 30 n\u0103m ph\u00e1t tri\u1ec3n kh\u00f4ng ng\u1eebng ngh\u1ec9 v\u00e0 \u0111\u1ea1t \u0111\u01b0\u1ee3c nhi\u1ec1u th\u00e0nh t\u1ef1u \u1ea5n t\u01b0\u1ee3ng trong l\u0129nh v\u1ef1c n\u00e0y. M\u1ed7i s\u1ea3n ph\u1ea9m m\u00e0 ch\u00fang t\u00f4i \u0111\u01b0a ra th\u1ecb tr\u01b0\u1eddng lu\u00f4n \u0111\u00e1p \u1ee9ng tr\u1ecdn v\u1eb9n s\u1ef1 h\u00e0i l\u00f2ng t\u1eeb ph\u00eda kh\u00e1ch h\u00e0ng v\u00e0 ng\u01b0\u1eddi ti\u00eau d\u00f9ng. B\u1edfi t\u1ea5t c\u1ea3 \u0111\u1ec1u \u0111\u01b0\u1ee3c s\u1ea3n xu\u1ea5t t\u1eeb s\u1ef1 ph\u1ed1i h\u1ee3p ho\u00e0n h\u1ea3o gi\u1eefa s\u1ef1 t\u1eadn t\u00e2m v\u1edbi ngh\u1ec1 v\u00e0 t\u1eadn t\u1ee5y t\u00ecm t\u00f2i k\u1ef9 thu\u1eadt m\u1edbi \u1ee9ng d\u1ee5ng v\u00e0o c\u00f4ng ngh\u1ec7 s\u1ea3n xu\u1ea5t. Tr\u00ean \u0111\u00e0 ph\u00e1t tri\u1ec3n, C\u00f4ng ty kh\u00f4ng d\u1eebng l\u1ea1i vi\u1ec7c ch\u1ec9 ch\u1ebf bi\u1ebfn, s\u1ea3n xu\u1ea5t, th\u01b0\u01a1ng m\u1ea1i L\u01b0\u01a1ng th\u1ef1c- Th\u1ef1c ph\u1ea9m (G\u1ea1o- T\u1ea5m- C\u00e1m), ch\u00fang t\u00f4i c\u00f2n cung c\u1ea5p \u0111a d\u1ea1ng c\u00e1c s\u1ea3n ph\u1ea9m v\u00e0 d\u1ecbch v\u1ee5 trong c\u00e1c l\u0129nh v\u1ef1c kinh doanh kh\u00e1c, bao g\u1ed3m:<\/p>\n<p>&#8211; S\u1ea3n xu\u1ea5t bao b\u00ec<\/p>\n<p>&#8211; Kinh doanh Caf\u00e9, nh\u00e0 h\u00e0ng, Kh\u00e1ch s\u1ea1n v\u00e0 du l\u1ecbch l\u1eef h\u00e0nh<\/p>\n<p>&#8211; \u0110\u1ea7u t\u01b0, x\u00e2y d\u1ef1ng, l\u1eafp \u0111\u1eb7t v\u00e0 kinh doanh n\u0103ng l\u01b0\u1ee3ng t\u00e1i t\u1ea1o<\/p>\n<p>&#8211; X\u00e2y d\u1ef1ng c\u00f4ng tr\u00ecnh d\u00e2n d\u1ee5ng<\/p>\n<p>&#8211; Cho thu\u00ea Kho, b\u00e3i, m\u1eb7t b\u1eb1ng<\/p>\n<p>V\u00e0 c\u00e1c chi nh\u00e1nh c\u1ee7a c\u00f4ng ty bao g\u1ed3m:<\/p>\n<p>&#8211; C\u00d4NG TY TNHH \u0110\u1ea6U T\u01af V\u00c0 PH\u00c1T TRI\u1ec2N NYT<\/p>\n<p>&#8211; C\u00d4NG TY TNHH MTV \u0110\u1ea6U T\u01af N\u0102NG L\u01af\u1ee2NG T\u00c1I T\u1ea0O VGE<\/p>\n<p>&#8211; TH\u00d3C CAF\u00c9<\/p>\n<p>&#8211; KH\u00c1CH S\u1ea0N V\u00c0 DU L\u1ecaCH PH\u01af\u1edaC TH\u00c0NH IV<\/p>\n<p>&#8211; C\u00d4NG TY TNHH \u0110\u1ea6U T\u01af- X\u00c2Y D\u1ef0NG PH\u01af\u1edaC TH\u00c0NH V\u0128NH LONG<\/p>\n<\/div>\n<div id=\"tab_gi\u1edbi-thi\u1ec7u-s\u1ea3n-ph\u1ea9m\" class=\"panel entry-content\" role=\"tabpanel\" aria-labelledby=\"tab-gi\u1edbi-thi\u1ec7u-s\u1ea3n-ph\u1ea9m\">\n<p>C\u00f4ng ty \u0111\u00e3 c\u00f3 s\u1ef1 ph\u00e1t tri\u1ec3n m\u1ea1nh trong kinh doanh \u0111\u1ed1i v\u1edbi d\u00f2ng s\u1ea3n ph\u1ea9m g\u1ea1o ch\u1ea5t l\u01b0\u1ee3ng cao, s\u1ea1ch tr\u00ean c\u01a1 s\u1edf \u0111\u1ed5i m\u1edbi c\u00f4ng ngh\u1ec7 v\u00e0 c\u00f3 s\u1ef1 li\u00ean k\u1ebft theo chu\u1ed5i gi\u00e1 tr\u1ecb, \u0111\u1ec3 \u0111\u00e1p \u1ee9ng k\u1ecbp th\u1eddi nh\u1eefng nhu c\u1ea7u m\u1edbi c\u1ee7a ng\u01b0\u1eddi ti\u00eau d\u00f9ng hi\u1ec7n nay.<\/p>\n<p>S\u1ea3n ph\u1ea9m g\u1ea1o c\u1ee7a c\u00f4ng ty \u0111\u00e3 \u0111\u01b0\u1ee3c x\u00e2y d\u1ef1ng v\u00e0 \u0111\u0103ng k\u00fd th\u01b0\u01a1ng hi\u1ec7u l\u01b0u th\u00f4ng tr\u00ean th\u1ecb tr\u01b0\u1eddng v\u00e0 \u0111\u01b0\u1ee3c ng\u01b0\u1eddi ti\u00eau d\u00f9ng t\u00edn nhi\u1ec7mnh\u01b0 g\u1ea1o <strong><u>TH\u1ea6N T\u00c0I 79<\/u><\/strong>, g\u1ea1o <strong><u>G\u1ea0O TH\u01a0M ST25<\/u><\/strong>, g\u1ea1o <strong><u>TH\u01a0M ST25 L\u00daA T\u00d4M<\/u><\/strong>, g\u1ea1o <strong><u>G\u1ea0O \u0110\u00c0I TH\u01a0M 8<\/u><\/strong>, g\u1ea1o G\u1ea0O<strong><u> 64 TH\u01a0M, <\/u><\/strong>g\u1ea1o<strong><u> T\u00c0I NGUY\u00caN<\/u><\/strong>, g\u1ea1o<strong><u> TH\u01a0M JASMINE, <\/u><\/strong>g\u1ea1o<strong><u> 504, <\/u><\/strong>g\u1ea1o<strong><u> H\u00c0M TR\u00c2U, <\/u><\/strong>\u2026.<\/p>\n<p>Hi\u1ec7n nay, \u1edf th\u1ecb tr\u01b0\u1eddng trong n\u01b0\u1edbc, c\u00f4ng ty c\u00f3 \u0111\u1ea1i l\u00fd ph\u00e2n ph\u1ed1i g\u1ea1o Ph\u01b0\u1edbc Th\u00e0nh IV c\u1ea3 3 mi\u1ec1n B\u1eafc, Trung, Nam.<\/p>\n<p>\u1ede th\u1ecb tr\u01b0\u1eddng n\u01b0\u1edbc ngo\u00e0i (Trung Qu\u1ed1c) c\u00f4ng ty c\u0169ng \u0111\u00e3 c\u00f3 \u0111\u1ea1i l\u00fd ph\u00e2n ph\u1ed1i v\u00e0 C\u00f4ng ty \u0111\u00e3 ti\u1ebfn h\u00e0nh thu\u00ea d\u1ecbch v\u1ee5 t\u01b0 v\u1ea5n \u0111\u1ec3 \u0111\u0103ng k\u00fd nh\u00e3n hi\u1ec7u th\u01b0\u01a1ng m\u1ea1i cho g\u1ea1o Ph\u01b0\u1edbc Th\u00e0nh t\u1ea1i Trung Qu\u1ed1c, \u0111\u1ec3 \u0111\u01b0\u1ee3c b\u1ea3o h\u1ed9 s\u1edf h\u1eefu tr\u00ed tu\u1ec7 cho nh\u00e3n hi\u1ec7u th\u01b0\u01a1ng m\u1ea1i g\u1ea1o Ph\u01b0\u1edbc Th\u00e0nh IV hi\u1ec7n \u0111ang ti\u00eau th\u1ee5 t\u1ea1i th\u1ecb tr\u01b0\u1eddng n\u00e0y.<\/p>\n<table width=\"737\">\n<tbody>\n<tr>\n<td width=\"48\">\n<p><strong>STT<\/strong><\/p>\n<\/td>\n<td width=\"159\">\n<p><strong>T\u00caN S\u1ea2N PH\u1ea8M<\/strong><\/p>\n<\/td>\n<td width=\"309\">\n<p><strong>TH\u00d4NG TIN S\u1ea2N PH\u1ea8M<\/strong><\/p>\n<\/td>\n<td width=\"220\">\n<p><strong>H\u00ccNH \u1ea2NH<\/strong><\/p>\n<\/td>\n<\/tr>\n<tr>\n<td width=\"48\">\n<p>1<\/p>\n<\/td>\n<td width=\"159\">\n<p><strong><u>TH\u1ea6N T\u00c0I 79<\/u><\/strong><\/p>\n<\/td>\n<td width=\"309\">\n<p>&#8211;\u00a0 S\u1ea3n ph\u1ea9m c\u00f4ng ty \u0111\u1ea1t gi\u1ea3i nh\u1ea5t cu\u1ed9c thi \u201c<strong>G\u1ea0O NGON TH\u01af\u01a0NG HI\u1ec6U VI\u1ec6T NAM NAM 2019\u201d<\/strong><\/p>\n<p>&#8211;\u00a0 S\u1ea3n ph\u1ea9m \u0111\u01b0\u1ee3c c\u00f4ng ty li\u00ean k\u1ebft tr\u1ed3ng v\u00e0 bao ti\u00eau<\/p>\n<p>&#8211;\u00a0 G\u1ea1o d\u1ebbo m\u1ec1m v\u1ecb ng\u1ecdt v\u1eeba, c\u00f3 m\u00f9i th\u01a1m nh\u01b0 m\u00f9i th\u01a1m l\u00e1 d\u1ee9a<\/p>\n<p>&#8211;\u00a0 C\u01a1m v\u1eabn ngon sau khi \u0111\u1ec3 ngu\u1ed9i<\/p>\n<p>&#8211;\u00a0 Quy c\u00e1ch \u0111\u00f3ng g\u00f3i 5kg, 10kg, 25kg<\/p>\n<\/td>\n<td width=\"220\"><img loading=\"lazy\" decoding=\"async\" class=\"alignnone size-full wp-image-638\" src=\"https:\/\/doanhnghiepvinhlong.vn\/wp-content\/uploads\/2024\/05\/11-1.png\" alt=\"\" width=\"197\" height=\"257\" \/><\/td>\n<\/tr>\n<tr>\n<td width=\"48\">\n<p>2<\/p>\n<\/td>\n<td width=\"159\">\n<p><strong><u>G\u1ea0O TH\u01a0M ST25<\/u><\/strong><\/p>\n<\/td>\n<td width=\"309\">\n<p>&#8211;\u00a0 S\u1ea3n ph\u1ea9m <strong>TOP 1 CU\u1ed8C THI \u201cG\u1ea0O NGON NH\u1ea4T TH\u1ebe GI\u1edaI 2019\u201d<\/strong><\/p>\n<p>&#8211;\u00a0 S\u1ea3n ph\u1ea9m \u0111u\u1ecdc ch\u1ebf bi\u1ebfn t\u1eeb lo\u1ea1i g\u1ea1o sach, tr\u00ean c\u00e1nh \u0111\u1ed3ng chuy\u00ean canh \u0111\u01b0\u1ee3c c\u00f4ng ty tuy\u1ec3n ch\u1ecdn v\u00e0 bao ti\u00eau<\/p>\n<p>&#8211;\u00a0 H\u1ea1t g\u1ea1o d\u00e0i trong, kh\u00f4ng b\u1ea1c b\u1ee5ng.<\/p>\n<p>&#8211;\u00a0 C\u01a1m khi n\u1ea5u d\u1ebbo,H\u01b0\u01a1ng v\u1ecb \u0111\u1eb7c bi\u1ec7t thu h\u00fat v\u00ec co m\u00f9i th\u01a1m t\u1ef1 nhi\u00ean<\/p>\n<p>&#8211;\u00a0 Quy c\u00e1ch \u0111\u00f3ng g\u00f3i 5kg<\/p>\n<\/td>\n<td width=\"220\"><img loading=\"lazy\" decoding=\"async\" class=\"alignnone size-full wp-image-637\" src=\"https:\/\/doanhnghiepvinhlong.vn\/wp-content\/uploads\/2024\/05\/10-1.png\" alt=\"\" width=\"197\" height=\"257\" \/><\/td>\n<\/tr>\n<tr>\n<td width=\"48\">\n<p>3<\/p>\n<\/td>\n<td width=\"159\">\n<p><strong><u>G\u1ea0O TH\u01a0M ST25 L\u00daA T\u00d4M<\/u><\/strong><\/p>\n<\/td>\n<td width=\"309\">\n<p>&#8211;\u00a0 S\u1ea3n ph\u1ea9m TOP 1 CU\u1ed8C THI \u201cG\u1ea0O NGON NH\u1ea4T TH\u1ebe GI\u1edaI 2019 \u201c<\/p>\n<p>&#8211;\u00a0 S\u1ea3n ph\u1ea9m ch\u1ea5t l\u01b0\u1ee3ng c\u1ee7a c\u00f4ng ty d\u01b0\u1ee3c s\u1ea3n xu\u1ea5t tr\u00ean c\u00e1nh \u0111\u1ed3ng chuy\u00ean canh 1 v\u1ee5 v\u00e0 \u0111\u01b0\u1ee3c c\u00f4ng ty li\u00ean k\u1ebft tr\u1ed3ng v\u00e0 bao ti\u00eau<\/p>\n<p>&#8211;\u00a0 \u0110\u01b0\u1ee3c ki\u1ec3m so\u00e1t nghi\u00eam ngh\u1eb7t v\u1ec1 ch\u1ea5t l\u01b0\u1ee3ng, ngu\u1ed3n g\u00f4c, kh\u00f4ng d\u01b0 l\u01b0\u1ee3ng thu\u1ed1c tr\u01b0 s\u00e2u, ph\u00e2n h\u00f3a h\u1ecdc, mang \u0111\u1ea7y \u0111\u1ee7 t\u00ednh ch\u1ea5t ST25 thu\u1ea7n ch\u1ee7ng<\/p>\n<p>&#8211;\u00a0 C\u01a1m khi n\u1ea5u d\u1ebdo m\u1ec1m dai c\u00f3 m\u00f9i th\u01a1m \u0111\u1eb7c tr\u01b0ng v\u1eabn ngon khi \u0111\u1ec3 ngu\u1ed9i<\/p>\n<p>&#8211;\u00a0 Quy c\u00e1ch \u0111\u00f3ng g\u00f3i 5kg<\/p>\n<\/td>\n<td width=\"220\"><img loading=\"lazy\" decoding=\"async\" class=\"alignnone size-full wp-image-630\" src=\"https:\/\/doanhnghiepvinhlong.vn\/wp-content\/uploads\/2024\/05\/3-3.png\" alt=\"\" width=\"197\" height=\"257\" \/><\/td>\n<\/tr>\n<tr>\n<td width=\"48\">\n<p>4<\/p>\n<\/td>\n<td width=\"159\">\n<p><strong><u>G\u1ea0O \u0110\u00c0I TH\u01a0M 8<\/u><\/strong><\/p>\n<\/td>\n<td width=\"309\">\n<p>&#8211;\u00a0 S\u1ea3n ph\u1ea9m g\u1ea1o \u0110\u00e0i Th\u01a1m 8 \u0111\u00e3 l\u1ecdt v\u00e0o top 3 G\u1ea1o ngon Vi\u1ec7t Nam, d\u1ef1 thi th\u1ebf gi\u1edbi n\u0103m 2020.<\/p>\n<p>&#8211;\u00a0 \u00a0l\u00e0 gi\u1ed1ng l\u00faa thu\u1ea7n ch\u1ea5t l\u01b0\u1ee3ng cao do T\u1eadp \u0111o\u00e0n gi\u1ed1ng c\u00e2y tr\u1ed3ng Vi\u1ec7t Nam (Vinaseed) nghi\u00ean c\u1ee9u, ch\u1ecdn t\u1ea1o v\u00e0 \u0111\u01b0\u1ee3c c\u00f4ng ty li\u00ean k\u1ebft tr\u1ed3ng v\u00e0 bao ti\u00eau<\/p>\n<p>&#8211;\u00a0 G\u1ea1o \u0110\u00e0i Th\u01a1m 8 c\u00f3 \u0111\u1eb7c t\u00ednh \u0111\u1ea1t ti\u00eau chu\u1ea9n xu\u1ea5t kh\u1ea9u nh\u01b0 h\u1ea1t g\u1ea1o thon d\u00e0i, trong, kh\u00f4ng b\u1ea1c b\u1ee5ng\u2026<\/p>\n<p>&#8211;\u00a0 h\u1ea1t c\u01a1m th\u01a1m ngon, d\u1ebbo v\u1eeba, m\u1ec1m nh\u01b0ng kh\u00f4ng b\u1ecb nh\u00e3o.<\/p>\n<p>&#8211;\u00a0 Quy c\u00e1ch \u0111\u00f3ng g\u00f3i 10kg<\/p>\n<\/td>\n<td width=\"220\"><img loading=\"lazy\" decoding=\"async\" class=\"alignnone size-full wp-image-632\" src=\"https:\/\/doanhnghiepvinhlong.vn\/wp-content\/uploads\/2024\/05\/5-1.png\" alt=\"\" width=\"197\" height=\"257\" \/><\/td>\n<\/tr>\n<tr>\n<td width=\"48\">\n<p>5<\/p>\n<\/td>\n<td width=\"159\">\n<p><strong><u>G\u1ea0O 64 TH\u01a0M<\/u><\/strong><\/p>\n<\/td>\n<td width=\"309\">\n<p>&#8211;\u00a0 G\u1ea1o c\u00f3 ngu\u1ed3n g\u1ed1c t\u1eeb gi\u1ed1ng l\u00faa ng\u1eafn ng\u00e0y \u0111\u01b0\u1ee3c tr\u1ed3ng nhi\u1ec1u \u1edf v\u00f9ng \u0110\u1ed3ng b\u1eb1ng S\u00f4ng C\u1eedu Long<\/p>\n<p>&#8211;\u00a0 S\u1ea3n ph\u1ea9m \u0111\u01b0\u1ee3c c\u00f4ng ty li\u00ean k\u1ebft tr\u1ed3ng v\u00e0 bao ti\u00eau<\/p>\n<p>&#8211;\u00a0 H\u1ea1t g\u1ea1o thon d\u00e0i, tr\u1eafng trong kh\u00f4ng b\u1ecb b\u1ea1c b\u1ee5ng<\/p>\n<p>&#8211;\u00a0 h\u1ea1t c\u01a1m th\u01a1m ngon, d\u1ebbo v\u1eeba, m\u1ec1m nh\u01b0ng kh\u00f4ng b\u1ecb nh\u00e3o<\/p>\n<p>&#8211;\u00a0 \u00a0Quy c\u00e1ch \u0111\u00f3ng g\u00f3i 5kg, 10kg, 25kg<\/p>\n<\/td>\n<td width=\"220\"><img loading=\"lazy\" decoding=\"async\" class=\"alignnone size-full wp-image-631\" src=\"https:\/\/doanhnghiepvinhlong.vn\/wp-content\/uploads\/2024\/05\/4-2.png\" alt=\"\" width=\"197\" height=\"257\" \/><\/td>\n<\/tr>\n<tr>\n<td width=\"48\">\n<p>6<\/p>\n<\/td>\n<td width=\"159\">\n<p><strong><u>G\u1ea0O T\u00c0I NGUY\u00caN<\/u><\/strong><\/p>\n<p>\u00a0<\/p>\n<\/td>\n<td width=\"309\">\n<p>&#8211;\u00a0 S\u1ea3n ph\u1ea9m \u0111\u01b0\u1ee3c ch\u1ebf bi\u1ebfn t\u1eeb lo\u1ea1i g\u1ea1o s\u1ea1ch, \u0111\u1eb7c bi\u1ec7t tr\u00ean c\u00e1nh \u0111\u1ed3ng m\u1eabu chuy\u00ean canh \u0111\u01b0\u1ee3c c\u00f4ng ty tuy\u1ec3n ch\u1ecdn v\u00e0 bao ti\u00eau.<\/p>\n<p>&#8211;\u00a0 H\u1ea1t g\u1ea1o d\u00e0i, m\u00e0u tr\u1eafng trong.<\/p>\n<p>&#8211;\u00a0 C\u01a1m n\u1ea5u l\u00ean c\u00f3 \u0111\u1ed9 d\u1ebbo v\u1eeba, m\u1ec1m c\u01a1m, m\u00f9i th\u01a1m t\u1ef1 nhi\u00ean, v\u1eabn ngon sau khi \u0111\u1ec3 ngu\u1ed9i.<\/p>\n<p>&#8211;\u00a0 Quy c\u00e1ch \u0111\u00f3ng g\u00f3i 5kg, 10kg, 25kg<\/p>\n<\/td>\n<td width=\"220\"><img loading=\"lazy\" decoding=\"async\" class=\"alignnone size-full wp-image-640\" src=\"https:\/\/doanhnghiepvinhlong.vn\/wp-content\/uploads\/2024\/05\/2-3.png\" alt=\"\" width=\"197\" height=\"257\" \/><\/td>\n<\/tr>\n<tr>\n<td width=\"48\">\n<p>7<\/p>\n<\/td>\n<td width=\"159\">\n<p><strong><u>G\u1ea0O TH\u01a0M JASMINE<\/u><\/strong><\/p>\n<\/td>\n<td width=\"309\">\n<p>&#8211; \u0110\u00e2y l\u00e0 s\u1ea3n ph\u1ea9m \u0111\u01b0\u1ee3c \u01b0a chu\u1ed9ng tr\u00ean th\u1ecb tr\u01b0\u1eddng l\u00faa g\u1ea1o \u1edf Vi\u1ec7t Nam c\u0169ng nh\u01b0 tr\u00ean th\u1ebf gi\u1edbi<\/p>\n<p>&#8211;\u00a0 \u00a0S\u1ea3n ph\u1ea9m \u0111\u01b0\u1ee3c c\u00f4ng ty li\u00ean k\u1ebft tr\u1ed3ng v\u00e0 bao ti\u00eau<\/p>\n<p>&#8211;\u00a0 \u00a0\u0110\u1eb7c t\u00ednh: Khi n\u1ea5u g\u1ea1o cho c\u01a1m c\u00f3 m\u00f9i th\u01a1m nh\u1eb9, d\u1ebbo, m\u1ec1m l\u00e0m t\u0103ng \u0111\u1ed9 \u0111\u1eadm \u0111\u00e0 cho b\u1eefa \u0103n, c\u01a1m v\u1eabn d\u1ebbo khi \u0111\u1ec3 ngu\u1ed9i. H\u1ea1t g\u1ea1o thon, d\u00e0i, s\u00e1ng, m\u1ea9y. \u0110\u1ea3m b\u1ea3o \u0111\u1ed9 thu\u1ea7n<\/p>\n<p>&#8211;\u00a0 Quy c\u00e1ch \u0111\u00f3ng g\u00f3i 5kg, 10kg, 25kg<\/p>\n<\/td>\n<td width=\"220\"><img loading=\"lazy\" decoding=\"async\" class=\"alignnone size-full wp-image-633\" src=\"https:\/\/doanhnghiepvinhlong.vn\/wp-content\/uploads\/2024\/05\/6-1.png\" alt=\"\" width=\"197\" height=\"257\" \/><\/td>\n<\/tr>\n<tr>\n<td width=\"48\">\n<p>8<\/p>\n<\/td>\n<td width=\"159\">\n<p><strong><u>G\u1ea0O H\u01af\u01a0NG VI\u1ec6T<\/u><\/strong><\/p>\n<\/td>\n<td width=\"309\">\n<p>&#8211; G\u1ea1o \u0111\u01b0\u1ee3c tr\u1ed3ng t\u1eeb gi\u1ed1ng l\u00faa tuy\u1ec3n ch\u1ecdn v\u00f9ng \u0110\u1ed3ng B\u1eb1ng S\u00f4ng C\u1eedu Long<\/p>\n<p>&#8211; S\u1ea3n ph\u1ea9m \u0111\u01b0\u1ee3c c\u00f4ng ty li\u00ean k\u1ebft tr\u1ed3ng v\u00e0 bao ti\u00eau<\/p>\n<p>&#8211; H\u1ea1t g\u1ea1o d\u00e0i, m\u00e0u tr\u1eafng trong. Khi n\u1ea5u g\u1ea1o cho c\u01a1m c\u00f3 m\u00f9i th\u01a1m nh\u1eb9, d\u1ebbo, m\u1ec1m l\u00e0m t\u0103ng \u0111\u1ed9 \u0111\u1eadm \u0111\u00e0 cho b\u1eefa \u0103n, c\u01a1m v\u1eabn d\u1ebbo khi \u0111\u1ec3 ngu\u1ed9i<\/p>\n<p>&#8211; Quy c\u00e1ch \u0111\u00f3ng g\u00f3i 10kg<\/p>\n<\/td>\n<td width=\"220\"><img loading=\"lazy\" decoding=\"async\" class=\"alignnone size-full wp-image-639\" src=\"https:\/\/doanhnghiepvinhlong.vn\/wp-content\/uploads\/2024\/05\/1-3.png\" alt=\"\" width=\"197\" height=\"257\" \/><\/td>\n<\/tr>\n<tr>\n<td width=\"48\">\n<p>9<\/p>\n<\/td>\n<td width=\"159\">\n<p><strong><u>G\u1ea0O H\u00c0M TR\u00c2U<\/u><\/strong><\/p>\n<\/td>\n<td width=\"309\">\n<p>&#8211;\u00a0 H\u1ea1t g\u1ea1o h\u01a1i tr\u00f2n, c\u00f3 m\u00e0u tr\u1eafng \u0111\u1ee5c. S\u1ea3n ph\u1ea9m \u0111\u01b0\u1ee3c c\u00f4ng ty li\u00ean k\u1ebft tr\u1ed3ng v\u00e0 bao ti\u00eau<\/p>\n<p>&#8211;\u00a0 Khi n\u1ea5u, cho c\u01a1m r\u00e1o, m\u1ec1m, x\u1ed1p, ng\u1ecdt c\u01a1m. \u0110\u1eb7c bi\u1ec7t, c\u01a1m v\u1eabn ngon khi \u0111\u1ec3 ngu\u1ed9i.<\/p>\n<p>&#8211;\u00a0 G\u1ea1o H\u00e0m tr\u00e2u \u0111\u01b0\u1ee3c xem l\u00e0 lo\u1ea1i g\u1ea1o ngon nh\u1ea5t c\u1ee7a d\u00f2ng g\u1ea1o kh\u00f4 x\u1ed1p, l\u00e0 lo\u1ea1i g\u1ea1o kho\u00e1i kh\u1ea9u c\u1ee7a nh\u1eefng ng\u01b0\u1eddi th\u00edch c\u01a1m kh\u00f4.\u00a0\u0110\u1eb7c bi\u1ec7t \u0111\u01b0\u1ee3c nh\u00e0 h\u00e0ng ch\u1ecdn ch\u1ebf bi\u1ebfn c\u01a1m chi\u00ean<\/p>\n<p>&#8211;\u00a0 \u00a0Quy c\u00e1ch \u0111\u00f3ng g\u00f3i 5kg, 10kg, 25kg<\/p>\n<\/td>\n<td width=\"220\"><img loading=\"lazy\" decoding=\"async\" class=\"alignnone size-full wp-image-634\" src=\"https:\/\/doanhnghiepvinhlong.vn\/wp-content\/uploads\/2024\/05\/7-1.png\" alt=\"\" width=\"197\" height=\"257\" \/><\/td>\n<\/tr>\n<tr>\n<td width=\"48\">\n<p>10<\/p>\n<\/td>\n<td width=\"159\">\n<p><strong><u>G\u1ea0O PH\u00da H\u01af\u01a0NG<\/u><\/strong><\/p>\n<\/td>\n<td width=\"309\">\n<p>&#8211; G\u1ea1o \u0111\u01b0\u1ee3c tr\u1ed3ng t\u1eeb gi\u1ed1ng l\u00faa tuy\u1ec3n ch\u1ecdn v\u00f9ng \u0110\u1ed3ng B\u1eb1ng S\u00f4ng C\u1eedu Long, S\u1ea3n ph\u1ea9m \u0111\u01b0\u1ee3c c\u00f4ng ty li\u00ean k\u1ebft tr\u1ed3ng v\u00e0 bao ti\u00eau<\/p>\n<p>&#8211;\u00a0 H\u1ea1t g\u1ea1o d\u00e0i, m\u00e0u tr\u1eafng trong. Khi n\u1ea5u g\u1ea1o cho c\u01a1m c\u00f3 m\u00f9i th\u01a1m nh\u1eb9, d\u1ebbo, m\u1ec1m l\u00e0m t\u0103ng \u0111\u1ed9 \u0111\u1eadm \u0111\u00e0 cho b\u1eefa \u0103n, c\u01a1m v\u1eabn d\u1ebbo khi \u0111\u1ec3 ngu\u1ed9i.<\/p>\n<p>&#8211;\u00a0 Quy c\u00e1ch \u0111\u00f3ng g\u00f3i 10kg<\/p>\n<\/td>\n<td width=\"220\"><img loading=\"lazy\" decoding=\"async\" class=\"alignnone size-full wp-image-635\" src=\"https:\/\/doanhnghiepvinhlong.vn\/wp-content\/uploads\/2024\/05\/8-1.png\" alt=\"\" width=\"197\" height=\"257\" \/><\/td>\n<\/tr>\n<tr>\n<td width=\"48\">\n<p>11<\/p>\n<p>\u00a0<\/p>\n<\/td>\n<td width=\"159\">\n<p><strong><u>G\u1ea0O TH\u1ea6N\u00a0 T\u00c0I 39<\/u><\/strong><\/p>\n<\/td>\n<td width=\"309\">\n<p>&#8211; S\u1ea3n ph\u1ea9m \u0111\u01b0\u1ee3c c\u00f4ng ty li\u00ean k\u1ebft tr\u1ed3ng v\u00e0 bao ti\u00eau<\/p>\n<p>+ H\u01b0\u01a1ng v\u1ecb th\u01a1m t\u1ef1 nhi\u00ean<br \/>+ V\u1ecb ng\u1ecdt v\u1eeba, d\u1ebbo m\u1ec1m<br \/>+ C\u01a1m v\u1eabn ngon sau khi \u0111\u1ec3 ngu\u1ed9i<\/p>\n<p>&#8211; Quy c\u00e1ch \u0111\u00f3ng g\u00f3i 5kg, 10kg, 25kg<\/p>\n<p>\u00a0<\/p>\n<\/td>\n<td width=\"220\">\n<p><img loading=\"lazy\" decoding=\"async\" class=\"alignnone size-full wp-image-636\" src=\"https:\/\/doanhnghiepvinhlong.vn\/wp-content\/uploads\/2024\/05\/9-2.png\" alt=\"\" width=\"197\" height=\"257\" \/><\/p>\n<\/td>\n<\/tr>\n<\/tbody>\n<\/table>\n<\/div>\n<div id=\"tab_2285124277\" class=\"panel entry-content\" role=\"tabpanel\" aria-labelledby=\"tab-2285124277\">\n<\/div><\/div><\/div>\n\t\t<\/div>\n\t\t\t\t\t<\/div>\n\n\t\n<\/div>\n<div class=\"row\" style=\"max-width:1200px\" id=\"row-1500776484\">\n\n\t<div id=\"col-1880000201\" class=\"col small-12 large-12\"  >\n\t\t\t\t<div class=\"col-inner\"  >\n\t\t\t\n\t\t\t\n\t\t<\/div>\n\t\t\t\t\t<\/div>\n\n\t\n<\/div>\n","protected":false},"excerpt":{"rendered":"<p>C\u00d4NG TY TNHH SX-TM PH\u01af\u1edaC TH\u00c0NH IV \u0110\/c: 179 \u1ea4p Long H\u00f2a \u2013 L\u1ed9c H\u00f2a \u2013 Long H\u1ed3 &#8211; V\u0129nh Long \u0110T: 02703 957 079 &#8211; 02703 79 79 79 \u2013 Zalo: 088.99999.39 Website: phuocthanhiv.com.vn Email: phuocthanhiv@gmail.com<\/p>\n","protected":false},"author":1,"featured_media":0,"parent":0,"menu_order":0,"comment_status":"closed","ping_status":"closed","template":"page-blank.php","meta":{"footnotes":""},"class_list":["post-627","page","type-page","status-publish","hentry"],"_links":{"self":[{"href":"https:\/\/doanhnghiepvinhlong.vn\/index.php?rest_route=\/wp\/v2\/pages\/627","targetHints":{"allow":["GET"]}}],"collection":[{"href":"https:\/\/doanhnghiepvinhlong.vn\/index.php?rest_route=\/wp\/v2\/pages"}],"about":[{"href":"https:\/\/doanhnghiepvinhlong.vn\/index.php?rest_route=\/wp\/v2\/types\/page"}],"author":[{"embeddable":true,"href":"https:\/\/doanhnghiepvinhlong.vn\/index.php?rest_route=\/wp\/v2\/users\/1"}],"replies":[{"embeddable":true,"href":"https:\/\/doanhnghiepvinhlong.vn\/index.php?rest_route=%2Fwp%2Fv2%2Fcomments&post=627"}],"version-history":[{"count":3,"href":"https:\/\/doanhnghiepvinhlong.vn\/index.php?rest_route=\/wp\/v2\/pages\/627\/revisions"}],"predecessor-version":[{"id":641,"href":"https:\/\/doanhnghiepvinhlong.vn\/index.php?rest_route=\/wp\/v2\/pages\/627\/revisions\/641"}],"wp:attachment":[{"href":"https:\/\/doanhnghiepvinhlong.vn\/index.php?rest_route=%2Fwp%2Fv2%2Fmedia&parent=627"}],"curies":[{"name":"wp","href":"https:\/\/api.w.org\/{rel}","templated":true}]}}