{"id":277,"date":"2024-05-06T04:14:10","date_gmt":"2024-05-06T04:14:10","guid":{"rendered":"http:\/\/doanhnghiepvinhlong.vn\/?page_id=277"},"modified":"2024-07-11T08:23:14","modified_gmt":"2024-07-11T08:23:14","slug":"co-cau-to-chuc","status":"publish","type":"page","link":"https:\/\/doanhnghiepvinhlong.vn\/?page_id=277","title":{"rendered":"C\u01a1 c\u1ea5u t\u1ed5 ch\u1ee9c"},"content":{"rendered":"<ul>\n<li><span style=\"color: #067171;\"><strong>C\u01a0 C\u1ea4U T\u1ed4 CH\u1ee8C<\/strong><\/span><\/li>\n<\/ul>\n<p>+ H\u1ed9i Vi\u00ean Li\u00ean k\u1ebft:<\/p>\n<ul>\n<li>H\u1ed9i Doanh nh\u00e2n tr\u1ebb t\u1ec9nh V\u0129nh Long,<\/li>\n<li>H\u1ed9i N\u1eef Doanh nh\u00e2n t\u1ec9nh V\u0129nh Long,<\/li>\n<li>H\u1ed9i Doanh nh\u00e2n C\u1ef1u Chi\u1ebfn binh t\u1ec9nh V\u0129nh Long<\/li>\n<\/ul>\n<p>+ H\u1ed9i Vi\u00ean Hi\u1ec7p h\u1ed9i:<\/p>\n<p>&#8211; H\u1ed9i Doanh nghi\u1ec7p TP V\u0129nh Long<\/p>\n<p>&#8211; H\u1ed9i Doanh nghi\u1ec7p huy\u1ec7n Long H\u1ed3<\/p>\n<p>&#8211; H\u1ed9i Doanh nghi\u1ec7p huy\u1ec7n Mang Th\u00edt<\/p>\n<p>&#8211; H\u1ed9i Doanh nghi\u1ec7p huy\u1ec7n V\u0169ng Li\u00eam<\/p>\n<p>&#8211; H\u1ed9i Doanh nghi\u1ec7p Th\u1ecb x\u00e3 B\u00ecnh Minh<\/p>\n<p>&#8211; H\u1ed9i Doanh nghi\u1ec7p huy\u1ec7n Tam B\u00ecnh<\/p>\n<p>&#8211; H\u1ed9i Doanh nghi\u1ec7p huy\u1ec7n Tr\u00e0 \u00d4n<\/p>\n<p>&#8211; H\u1ed9i Doanh nghi\u1ec7p huy\u1ec7n B\u00ecnh T\u00e2n<\/p>\n<ul>\n<li><span style=\"color: #067171;\"><strong>B\u1ea3ng ph\u00e2n c\u00f4ng nhi\u1ec7m v\u1ee5 Ban Th\u01b0\u1eddng tr\u1ef1c Hi\u1ec7p h\u1ed9i: <\/strong><\/span><\/li>\n<\/ul>\n<table width=\"690\">\n<tbody>\n<tr>\n<td width=\"50\">\n<p><span style=\"color: #067171;\"><strong>STT<\/strong><\/span><\/p>\n<\/td>\n<td width=\"168\">\n<p><span style=\"color: #067171;\"><strong>H\u1ecc V\u00c0 T\u00caN<\/strong><\/span><\/p>\n<\/td>\n<td width=\"228\">\n<p><span style=\"color: #067171;\"><strong>CH\u1ee8C DANH HI\u1ec6P H\u1ed8I<\/strong><\/span><\/p>\n<\/td>\n<td width=\"245\">\n<p><span style=\"color: #067171;\"><strong>M\u1ea2NG PH\u1ee4 TR\u00c1CH<\/strong><\/span><\/p>\n<\/td>\n<\/tr>\n<tr>\n<td width=\"50\">\n<p>1<\/p>\n<\/td>\n<td width=\"168\">\n<p>\u00d4ng Nguy\u1ec5n T\u01b0\u1eddng Nam<\/p>\n<\/td>\n<td width=\"228\">\n<p>Ch\u1ee7 t\u1ecbch<\/p>\n<\/td>\n<td width=\"245\">\n<p>&#8211;\u00a0 Ph\u1ee5 tr\u00e1ch chung Hi\u1ec7p h\u1ed9i<\/p>\n<p>&#8211;\u00a0 Ho\u1ea1t \u0111\u1ed9ng phong tr\u00e0o v\u00e0 truy\u1ec1n th\u00f4ng<\/p>\n<p>&#8211;\u00a0 04 H\u1ed9i DN huy\u1ec7n, th\u1ecb, TP: huy\u1ec7n V\u0169ng Li\u00eam, huy\u1ec7n Tr\u00e0 \u00d4n, huy\u1ec7n B\u00ecnh T\u00e2n, TX B\u00ecnh Minh<\/p>\n<\/td>\n<\/tr>\n<tr>\n<td width=\"50\">\n<p>2<\/p>\n<\/td>\n<td width=\"168\">\n<p>\u00d4ng Tr\u1ea7n V\u0103n Ho\u00e0ng<\/p>\n<\/td>\n<td width=\"228\">\n<p>Ph\u00f3 Ch\u1ee7 t\u1ecbch<\/p>\n<\/td>\n<td width=\"245\">\n<p>&#8211;\u00a0 Ho\u1ea1t \u0111\u1ed9ng phong tr\u00e0o v\u00e0 truy\u1ec1n th\u00f4ng<\/p>\n<p>&#8211;\u00a0 04 H\u1ed9i DN huy\u1ec7n, th\u1ecb, TP: huy\u1ec7n V\u0169ng Li\u00eam, huy\u1ec7n Tr\u00e0 \u00d4n, huy\u1ec7n B\u00ecnh T\u00e2n, TX B\u00ecnh Minh<\/p>\n<\/td>\n<\/tr>\n<tr>\n<td width=\"50\">\n<p>3<\/p>\n<\/td>\n<td width=\"168\">\n<p>\u00d4ng Nguy\u1ec5n V\u0103n Ngh\u0129a<\/p>\n<\/td>\n<td width=\"228\">\n<p>Ph\u00f3 Ch\u1ee7 t\u1ecbch<\/p>\n<\/td>\n<td width=\"245\">\n<p>&#8211;\u00a0 T\u00e0i ch\u00ednh Hi\u1ec7p H\u1ed9i v\u00e0 Ph\u00e1t tri\u1ec3n H\u1ed9i vi\u00ean, H\u1ed7 tr\u1ee3 h\u1ed9i vi\u00ean<\/p>\n<p>&#8211;\u00a0 04\u00a0 H\u1ed9i DN huy\u1ec7n, Th\u1ecb, TP: TP V\u0129nh Long,\u00a0 huy\u1ec7n Long H\u1ed3, huy\u1ec7n Mang Th\u00edt, huy\u1ec7n Tam B\u00ecnh<\/p>\n<\/td>\n<\/tr>\n<tr>\n<td width=\"50\">\n<p>4<\/p>\n<\/td>\n<td width=\"168\">\n<p>\u00d4ng Nguy\u1ec5n V\u0103n Th\u00e0nh<\/p>\n<\/td>\n<td width=\"228\">\n<p>Ph\u00f3 Ch\u1ee7 t\u1ecbch<\/p>\n<\/td>\n<td width=\"245\">\n<p>&#8211;\u00a0 \u0110\u1ea7u t\u01b0 v\u00e0 kh\u1edfi nghi\u1ec7p<\/p>\n<p>&#8211;\u00a0 04\u00a0 H\u1ed9i DN huy\u1ec7n, Th\u1ecb, TP: TP V\u0129nh Long,\u00a0 huy\u1ec7n Long H\u1ed3, huy\u1ec7n Mang Th\u00edt, huy\u1ec7n Tam B\u00ecnh<\/p>\n<\/td>\n<\/tr>\n<tr>\n<td width=\"50\">\n<p>5<\/p>\n<\/td>\n<td width=\"168\">\n<p>B\u00e0 L\u00ea Tr\u00fac My<\/p>\n<\/td>\n<td width=\"228\">\n<p>Ph\u00f3 Ch\u1ee7 t\u1ecbch<\/p>\n<\/td>\n<td width=\"245\">\n<p>&#8211;\u00a0 X\u00fac ti\u1ebfn th\u01b0\u01a1ng m\u1ea1i<\/p>\n<p>&#8211;\u00a0 04\u00a0 H\u1ed9i DN huy\u1ec7n, Th\u1ecb, TP: TP V\u0129nh Long,\u00a0 huy\u1ec7n Long H\u1ed3, huy\u1ec7n Mang Th\u00edt, huy\u1ec7n Tam B\u00ecnh<\/p>\n<\/td>\n<\/tr>\n<tr>\n<td width=\"50\">\n<p>6<\/p>\n<\/td>\n<td width=\"168\">\n<p>B\u00e0 Ph\u1ea1m Th\u1ecb Ng\u1ecdc S\u01b0\u01a1ng<\/p>\n<\/td>\n<td width=\"228\">\n<p>Ph\u00f3 Ch\u1ee7 t\u1ecbch<\/p>\n<\/td>\n<td width=\"245\">\n<p>&#8211;\u00a0 \u0110\u00e0o t\u1ea1o v\u00e0 t\u1eadp hu\u1ea5n (chuy\u1ec3n \u0111\u1ed5i s\u1ed1)<\/p>\n<p>&#8211;\u00a0 04 H\u1ed9i DN huy\u1ec7n, th\u1ecb, TP: huy\u1ec7n V\u0169ng Li\u00eam, huy\u1ec7n Tr\u00e0 \u00d4n, huy\u1ec7n B\u00ecnh T\u00e2n, TX B\u00ecnh Minh<\/p>\n<\/td>\n<\/tr>\n<tr>\n<td width=\"50\">\n<p>7<\/p>\n<\/td>\n<td width=\"168\">\n<p>B\u00e0 Trang Th\u1ecb Kim Mai<\/p>\n<\/td>\n<td width=\"228\">\n<p>Ph\u00f3 Ch\u1ee7 t\u1ecbch<\/p>\n<\/td>\n<td width=\"245\">\n<p>&#8211;\u00a0 C\u00f4ng t\u00e1c An snh x\u00e3 h\u1ed9i<\/p>\n<p>&#8211;\u00a0 04 H\u1ed9i DN huy\u1ec7n, th\u1ecb, TP: huy\u1ec7n V\u0169ng Li\u00eam, huy\u1ec7n Tr\u00e0 \u00d4n, huy\u1ec7n B\u00ecnh T\u00e2n, TX B\u00ecnh Minh<\/p>\n<\/td>\n<\/tr>\n<\/tbody>\n<\/table>\n<p>\u00a0<\/p>\n<table>\n<tbody>\n<tr>\n<td width=\"254\">\n<p>\u00a0<\/p>\n<\/td>\n<td width=\"321\">\n<p><strong>TM. BAN CH\u1ea4P H\u00c0NH HI\u1ec6P H\u1ed8I<\/strong><\/p>\n<p><strong>CH\u1ee6 T\u1ecaCH<\/strong><\/p>\n<p><strong>\u00a0<\/strong><\/p>\n<p><strong>\u00a0<\/strong><\/p>\n<p><strong>\u00a0<\/strong><\/p>\n<p><strong>\u00a0<\/strong><\/p>\n<p><strong>\u00a0<\/strong><\/p>\n<p><strong>\u00a0<\/strong><\/p>\n<p><strong>Nguy\u1ec5n T\u01b0\u1eddng Nam<\/strong><\/p>\n<\/td>\n<\/tr>\n<\/tbody>\n<\/table>\n<p>\u00a0<\/p>\n","protected":false},"excerpt":{"rendered":"<p>C\u01a0 C\u1ea4U T\u1ed4 CH\u1ee8C + H\u1ed9i Vi\u00ean Li\u00ean k\u1ebft: H\u1ed9i Doanh nh\u00e2n tr\u1ebb t\u1ec9nh V\u0129nh Long, H\u1ed9i N\u1eef Doanh nh\u00e2n t\u1ec9nh V\u0129nh Long, H\u1ed9i Doanh nh\u00e2n C\u1ef1u Chi\u1ebfn binh t\u1ec9nh V\u0129nh Long + H\u1ed9i Vi\u00ean Hi\u1ec7p h\u1ed9i: &#8211; H\u1ed9i Doanh nghi\u1ec7p TP V\u0129nh Long &#8211; H\u1ed9i Doanh nghi\u1ec7p huy\u1ec7n Long H\u1ed3 &#8211; H\u1ed9i Doanh nghi\u1ec7p&#8230;<\/p>\n","protected":false},"author":1,"featured_media":0,"parent":0,"menu_order":0,"comment_status":"closed","ping_status":"closed","template":"","meta":{"footnotes":""},"class_list":["post-277","page","type-page","status-publish","hentry"],"_links":{"self":[{"href":"https:\/\/doanhnghiepvinhlong.vn\/index.php?rest_route=\/wp\/v2\/pages\/277","targetHints":{"allow":["GET"]}}],"collection":[{"href":"https:\/\/doanhnghiepvinhlong.vn\/index.php?rest_route=\/wp\/v2\/pages"}],"about":[{"href":"https:\/\/doanhnghiepvinhlong.vn\/index.php?rest_route=\/wp\/v2\/types\/page"}],"author":[{"embeddable":true,"href":"https:\/\/doanhnghiepvinhlong.vn\/index.php?rest_route=\/wp\/v2\/users\/1"}],"replies":[{"embeddable":true,"href":"https:\/\/doanhnghiepvinhlong.vn\/index.php?rest_route=%2Fwp%2Fv2%2Fcomments&post=277"}],"version-history":[{"count":3,"href":"https:\/\/doanhnghiepvinhlong.vn\/index.php?rest_route=\/wp\/v2\/pages\/277\/revisions"}],"predecessor-version":[{"id":747,"href":"https:\/\/doanhnghiepvinhlong.vn\/index.php?rest_route=\/wp\/v2\/pages\/277\/revisions\/747"}],"wp:attachment":[{"href":"https:\/\/doanhnghiepvinhlong.vn\/index.php?rest_route=%2Fwp%2Fv2%2Fmedia&parent=277"}],"curies":[{"name":"wp","href":"https:\/\/api.w.org\/{rel}","templated":true}]}}