{"id":275,"date":"2024-05-06T04:11:55","date_gmt":"2024-05-06T04:11:55","guid":{"rendered":"http:\/\/doanhnghiepvinhlong.vn\/?page_id=275"},"modified":"2024-05-16T02:34:48","modified_gmt":"2024-05-16T02:34:48","slug":"gioi-thieu-chung","status":"publish","type":"page","link":"https:\/\/doanhnghiepvinhlong.vn\/?page_id=275","title":{"rendered":"Gi\u1edbi thi\u1ec7u chung"},"content":{"rendered":"<h1><strong>Gi\u1edbi thi\u1ec7u v\u1ec1 Hi\u1ec7p h\u1ed9i Doanh nghi\u1ec7p V\u0129nh Long (VLBA)<\/strong><\/h1>\r\n<p>&nbsp;<\/p>\r\n<p>Hi\u1ec7p h\u1ed9i Doanh nghi\u1ec7p V\u0129nh Long (VLBA) \u0111\u01b0\u1ee3c th\u00e0nh l\u1eadp n\u0103m 2016, l\u00e0 m\u1ed9t t\u1ed5 ch\u1ee9c x\u00e3 h\u1ed9i ngh\u1ec1 nghi\u1ec7p, \u0111\u1ea1i di\u1ec7n cho c\u00e1c doanh nghi\u1ec7p \u0111ang ho\u1ea1t \u0111\u1ed9ng tr\u00ean \u0111\u1ecba b\u00e0n t\u1ec9nh, l\u00e0 \u201cc\u1ea7u n\u1ed1i\u201d \u0111\u1ea1i di\u1ec7n v\u00e0 b\u1ea3o v\u1ec7 quy\u1ec1n l\u1ee3i h\u1ee3p ph\u00e1p c\u1ee7a H\u1ed9i vi\u00ean VLBA trong c\u00e1c quan h\u1ec7 kinh t\u1ebf \u2013 x\u00e3 h\u1ed9i v\u1edbi c\u00e1c t\u1ed5 ch\u1ee9c trong v\u00e0 ngo\u00e0i n\u01b0\u1edbc.<\/p>\r\n<p>V\u1edbi s\u1ee9 m\u1ec7nh k\u1ebft n\u1ed1i doanh nghi\u1ec7p, c\u00f9ng nhau g\u1eafn k\u1ebft v\u00e0 ph\u00e1t tri\u1ec3n b\u1ec1n v\u1eefng VLBA \u0111\u00e3 k\u1ebft n\u1ed1i h\u01a1n 300 doanh nghi\u1ec7p k\u1ebft n\u1ed1i giao th\u01b0\u01a1ng v\u00e0 t\u1ea1o ra m\u1ed9t di\u1ec5n \u0111\u00e0n gi\u00fap c\u00e1c doanh nghi\u1ec7p trao \u0111\u1ed5i, chia s\u1ebb c\u00e2u chuy\u1ec7n kinh doanh cho nhau.<\/p>\r\n<p><img decoding=\"async\" class=\"aligncenter\" src=\"https:\/\/doanhnghiepvinhlong.vn\/wp-content\/uploads\/2024\/05\/vna_potal_dai_hoi_hiep_hoi_doanh_nghiep_tinh_vinh_long_lan_thu_2_stand.jpg\" \/><\/p>\r\n","protected":false},"excerpt":{"rendered":"<p>Gi\u1edbi thi\u1ec7u v\u1ec1 Hi\u1ec7p h\u1ed9i Doanh nghi\u1ec7p V\u0129nh Long (VLBA) &nbsp; Hi\u1ec7p h\u1ed9i Doanh nghi\u1ec7p V\u0129nh Long (VLBA) \u0111\u01b0\u1ee3c th\u00e0nh l\u1eadp n\u0103m 2016, l\u00e0 m\u1ed9t t\u1ed5 ch\u1ee9c x\u00e3 h\u1ed9i ngh\u1ec1 nghi\u1ec7p, \u0111\u1ea1i di\u1ec7n cho c\u00e1c doanh nghi\u1ec7p \u0111ang ho\u1ea1t \u0111\u1ed9ng tr\u00ean \u0111\u1ecba b\u00e0n t\u1ec9nh, l\u00e0 \u201cc\u1ea7u n\u1ed1i\u201d \u0111\u1ea1i di\u1ec7n v\u00e0 b\u1ea3o v\u1ec7 quy\u1ec1n l\u1ee3i h\u1ee3p&#8230;<\/p>\n","protected":false},"author":1,"featured_media":0,"parent":0,"menu_order":0,"comment_status":"closed","ping_status":"closed","template":"","meta":{"footnotes":""},"class_list":["post-275","page","type-page","status-publish","hentry"],"_links":{"self":[{"href":"https:\/\/doanhnghiepvinhlong.vn\/index.php?rest_route=\/wp\/v2\/pages\/275","targetHints":{"allow":["GET"]}}],"collection":[{"href":"https:\/\/doanhnghiepvinhlong.vn\/index.php?rest_route=\/wp\/v2\/pages"}],"about":[{"href":"https:\/\/doanhnghiepvinhlong.vn\/index.php?rest_route=\/wp\/v2\/types\/page"}],"author":[{"embeddable":true,"href":"https:\/\/doanhnghiepvinhlong.vn\/index.php?rest_route=\/wp\/v2\/users\/1"}],"replies":[{"embeddable":true,"href":"https:\/\/doanhnghiepvinhlong.vn\/index.php?rest_route=%2Fwp%2Fv2%2Fcomments&post=275"}],"version-history":[{"count":4,"href":"https:\/\/doanhnghiepvinhlong.vn\/index.php?rest_route=\/wp\/v2\/pages\/275\/revisions"}],"predecessor-version":[{"id":626,"href":"https:\/\/doanhnghiepvinhlong.vn\/index.php?rest_route=\/wp\/v2\/pages\/275\/revisions\/626"}],"wp:attachment":[{"href":"https:\/\/doanhnghiepvinhlong.vn\/index.php?rest_route=%2Fwp%2Fv2%2Fmedia&parent=275"}],"curies":[{"name":"wp","href":"https:\/\/api.w.org\/{rel}","templated":true}]}}